{"id":2750,"date":"2021-11-15T09:24:00","date_gmt":"2021-11-15T09:24:00","guid":{"rendered":"https:\/\/anatomy4sculptors.com\/?page_id=2750"},"modified":"2025-11-27T15:28:48","modified_gmt":"2025-11-27T13:28:48","slug":"rechtshinweis","status":"publish","type":"page","link":"https:\/\/anatomy4sculptors.com\/de\/legal-notice\/","title":{"rendered":"Rechtlicher Hinweis"},"content":{"rendered":"<div data-elementor-type=\"wp-page\" data-elementor-id=\"2750\" class=\"elementor elementor-2750\" data-elementor-post-type=\"page\">\n\t\t\t\t<div class=\"elementor-element elementor-element-6c03e07 e-flex e-con-boxed e-con e-parent\" data-id=\"6c03e07\" data-element_type=\"container\" data-e-type=\"container\" data-settings=\"{&quot;background_background&quot;:&quot;classic&quot;}\">\n\t\t\t\t\t<div class=\"e-con-inner\">\n\t\t<div class=\"elementor-element elementor-element-bc4103b e-con-full e-flex e-con e-child\" data-id=\"bc4103b\" data-element_type=\"container\" data-e-type=\"container\" data-settings=\"{&quot;background_background&quot;:&quot;classic&quot;}\">\n\t\t\t\t<div class=\"elementor-element elementor-element-ca6d843 elementor-widget elementor-widget-spacer\" data-id=\"ca6d843\" data-element_type=\"widget\" data-e-type=\"widget\" data-widget_type=\"spacer.default\">\n\t\t\t\t<div class=\"elementor-widget-container\">\n\t\t\t\t\t\t\t<div class=\"elementor-spacer\">\n\t\t\t<div class=\"elementor-spacer-inner\"><\/div>\n\t\t<\/div>\n\t\t\t\t\t\t<\/div>\n\t\t\t\t<\/div>\n\t\t\t\t<div class=\"elementor-element elementor-element-c428896 elementor-widget elementor-widget-heading\" data-id=\"c428896\" data-element_type=\"widget\" data-e-type=\"widget\" data-widget_type=\"heading.default\">\n\t\t\t\t<div class=\"elementor-widget-container\">\n\t\t\t\t\t<h1 class=\"elementor-heading-title elementor-size-default\">Rechtlicher Hinweis<\/h1>\t\t\t\t<\/div>\n\t\t\t\t<\/div>\n\t\t\t\t<div class=\"elementor-element elementor-element-6325a4f elementor-widget elementor-widget-text-editor\" data-id=\"6325a4f\" data-element_type=\"widget\" data-e-type=\"widget\" data-widget_type=\"text-editor.default\">\n\t\t\t\t<div class=\"elementor-widget-container\">\n\t\t\t\t\t\t\t\t\t<p>Marke: Anatomie f\u00fcr Bildhauer<\/p><p>Unternehmen: Anatomy Next, Inc.<\/p><p>Adresse: 6 Eliza Street. Beacon, NY 12508, USA<\/p><p>E-Mail: support@anatomy4sculptors.com<\/p><p>Anatomy For Sculptors \u00ae \u2013 eingetragene Marke<\/p><p>Alle Rechte vorbehalten \u00a9 2025 Anatomy Next, Inc.<\/p>\t\t\t\t\t\t\t\t<\/div>\n\t\t\t\t<\/div>\n\t\t\t\t<div class=\"elementor-element elementor-element-36e24b1 elementor-widget elementor-widget-spacer\" data-id=\"36e24b1\" data-element_type=\"widget\" data-e-type=\"widget\" data-widget_type=\"spacer.default\">\n\t\t\t\t<div class=\"elementor-widget-container\">\n\t\t\t\t\t\t\t<div class=\"elementor-spacer\">\n\t\t\t<div class=\"elementor-spacer-inner\"><\/div>\n\t\t<\/div>\n\t\t\t\t\t\t<\/div>\n\t\t\t\t<\/div>\n\t\t\t\t<div class=\"elementor-element elementor-element-f0c2df4 elementor-widget elementor-widget-heading\" data-id=\"f0c2df4\" data-element_type=\"widget\" data-e-type=\"widget\" data-widget_type=\"heading.default\">\n\t\t\t\t<div class=\"elementor-widget-container\">\n\t\t\t\t\t<h2 class=\"elementor-heading-title elementor-size-default\">Gedruckte B\u00fccher: <\/h2>\t\t\t\t<\/div>\n\t\t\t\t<\/div>\n\t\t\t\t<div class=\"elementor-element elementor-element-f4dbea6 elementor-widget elementor-widget-text-editor\" data-id=\"f4dbea6\" data-element_type=\"widget\" data-e-type=\"widget\" data-widget_type=\"text-editor.default\">\n\t\t\t\t<div class=\"elementor-widget-container\">\n\t\t\t\t\t\t\t\t\t<p>Alle Rechte vorbehalten: Der gesamte Inhalt dieser Publikation ist urheberrechtlich gesch\u00fctzt und Anatomy Next, Inc. besitzt das Urheberrecht. Sie d\u00fcrfen den Inhalt dieser Publikation in keiner Form und auf keine Weise, ganz oder teilweise, ohne vorherige schriftliche Genehmigung von Anatomy Next, Inc. scannen, kopieren, duplizieren, reproduzieren, \u00e4ndern, entfernen, l\u00f6schen, erweitern, erg\u00e4nzen, ver\u00f6ffentlichen, \u00fcbermitteln, verkaufen, weiterverkaufen, abgeleitete Werke erstellen oder in irgendeiner anderen Weise nutzen.\u00a0<\/p>\t\t\t\t\t\t\t\t<\/div>\n\t\t\t\t<\/div>\n\t\t\t\t<div class=\"elementor-element elementor-element-48fb4a9 elementor-widget elementor-widget-spacer\" data-id=\"48fb4a9\" data-element_type=\"widget\" data-e-type=\"widget\" data-widget_type=\"spacer.default\">\n\t\t\t\t<div class=\"elementor-widget-container\">\n\t\t\t\t\t\t\t<div class=\"elementor-spacer\">\n\t\t\t<div class=\"elementor-spacer-inner\"><\/div>\n\t\t<\/div>\n\t\t\t\t\t\t<\/div>\n\t\t\t\t<\/div>\n\t\t\t\t<div class=\"elementor-element elementor-element-e87a08a elementor-widget elementor-widget-heading\" data-id=\"e87a08a\" data-element_type=\"widget\" data-e-type=\"widget\" data-widget_type=\"heading.default\">\n\t\t\t\t<div class=\"elementor-widget-container\">\n\t\t\t\t\t<h2 class=\"elementor-heading-title elementor-size-default\">E-B\u00fccher:<\/h2>\t\t\t\t<\/div>\n\t\t\t\t<\/div>\n\t\t\t\t<div class=\"elementor-element elementor-element-9b868a7 elementor-widget elementor-widget-text-editor\" data-id=\"9b868a7\" data-element_type=\"widget\" data-e-type=\"widget\" data-widget_type=\"text-editor.default\">\n\t\t\t\t<div class=\"elementor-widget-container\">\n\t\t\t\t\t\t\t\t\t<p>Bitte lesen Sie diese Lizenzvereinbarung sorgf\u00e4ltig durch, bevor Sie dieses eBook verwenden. Durch die Verwendung dieses eBooks erkl\u00e4ren Sie sich mit den in dieser Lizenzvereinbarung festgelegten Bedingungen einverstanden.<\/p><p>Dieses Werk ist urheberrechtlich gesch\u00fctzt durch Anatomy Next, Inc., das dem Benutzer dieses eBooks eine nicht exklusive, nicht \u00fcbertragbare Lizenz zum Herunterladen und Verwenden dieses eBooks unter den folgenden Bedingungen gew\u00e4hrt:<\/p>\t\t\t\t\t\t\t\t<\/div>\n\t\t\t\t<\/div>\n\t\t\t\t<div class=\"elementor-element elementor-element-a2d705a elementor-widget elementor-widget-text-editor\" data-id=\"a2d705a\" data-element_type=\"widget\" data-e-type=\"widget\" data-widget_type=\"text-editor.default\">\n\t\t\t\t<div class=\"elementor-widget-container\">\n\t\t\t\t\t\t\t\t\t<p><strong>1.\u00a0<\/strong>Dieses eBook darf nur von einem Benutzer heruntergeladen und verwendet werden. Der Benutzer darf eine Sicherungskopie dieser Publikation erstellen, um einen Verlust zu vermeiden. Der Benutzer darf keine Kopien dieser Publikation an andere weitergeben oder sie anderen zum Kopieren oder Herunterladen zur Verf\u00fcgung stellen. F\u00fcr eine Mehrbenutzerlizenz wenden Sie sich an support@anatomy4sculptors.com<\/p>\t\t\t\t\t\t\t\t<\/div>\n\t\t\t\t<\/div>\n\t\t\t\t<div class=\"elementor-element elementor-element-013e007 elementor-widget elementor-widget-text-editor\" data-id=\"013e007\" data-element_type=\"widget\" data-e-type=\"widget\" data-widget_type=\"text-editor.default\">\n\t\t\t\t<div class=\"elementor-widget-container\">\n\t\t\t\t\t\t\t\t\t<p><strong>2.\u00a0<\/strong>Alle Rechte vorbehalten: Der gesamte Inhalt dieser Ver\u00f6ffentlichung ist urheberrechtlich gesch\u00fctzt und Anatomy Next, Inc. besitzt das Urheberrecht. Sie d\u00fcrfen den Inhalt dieser Ver\u00f6ffentlichung in keiner Form und auf keinen Fall, ganz oder teilweise, ohne vorherige schriftliche Genehmigung von Anatomy Next, Inc. kopieren, duplizieren, reproduzieren, \u00e4ndern, entfernen, l\u00f6schen, erweitern, erg\u00e4nzen, ver\u00f6ffentlichen, \u00fcbertragen, verkaufen, weiterverkaufen, abgeleitete Werke erstellen oder in irgendeiner Weise nutzen.<\/p>\t\t\t\t\t\t\t\t<\/div>\n\t\t\t\t<\/div>\n\t\t\t\t<div class=\"elementor-element elementor-element-ba3e303 elementor-widget elementor-widget-text-editor\" data-id=\"ba3e303\" data-element_type=\"widget\" data-e-type=\"widget\" data-widget_type=\"text-editor.default\">\n\t\t\t\t<div class=\"elementor-widget-container\">\n\t\t\t\t\t\t\t\t\t<p><strong>3.\u00a0<\/strong>Der Benutzer darf weder Seiten aus diesem eBook noch das gesamte eBook f\u00fcr den pers\u00f6nlichen Gebrauch oder die allgemeine Verteilung, f\u00fcr Werbung, zum Erstellen neuer Werke oder zum Weiterverkauf ausdrucken. F\u00fcr solche Anforderungen muss eine spezielle Genehmigung des Herausgebers eingeholt werden. Anfragen m\u00fcssen an support@anatomy4sculptors.com gesendet werden.<\/p>\t\t\t\t\t\t\t\t<\/div>\n\t\t\t\t<\/div>\n\t\t\t\t<div class=\"elementor-element elementor-element-6f5067a elementor-widget elementor-widget-text-editor\" data-id=\"6f5067a\" data-element_type=\"widget\" data-e-type=\"widget\" data-widget_type=\"text-editor.default\">\n\t\t\t\t<div class=\"elementor-widget-container\">\n\t\t\t\t\t\t\t\t\t<p><strong>4.\u00a0<\/strong>Die unbefugte Verwendung oder Verbreitung von urheberrechtlich gesch\u00fctztem oder anderem gesch\u00fctztem Inhalt ist illegal und kann dem K\u00e4ufer erhebliche finanzielle Sch\u00e4den zuf\u00fcgen. Der K\u00e4ufer haftet f\u00fcr alle Sch\u00e4den, die aus dem Missbrauch dieser Ver\u00f6ffentlichung oder einem Versto\u00df gegen diese Lizenzvereinbarung entstehen, einschlie\u00dflich jeglicher Verletzung von Urheberrechten oder Eigentumsrechten.\u00a0<\/p>\t\t\t\t\t\t\t\t<\/div>\n\t\t\t\t<\/div>\n\t\t\t\t<div class=\"elementor-element elementor-element-e4d8126 elementor-widget elementor-widget-text-editor\" data-id=\"e4d8126\" data-element_type=\"widget\" data-e-type=\"widget\" data-widget_type=\"text-editor.default\">\n\t\t\t\t<div class=\"elementor-widget-container\">\n\t\t\t\t\t\t\t\t\t<p>Gew\u00e4hrleistungsausschluss: Der Verlag \u00fcbernimmt keine Gew\u00e4hr daf\u00fcr, dass die Informationen in dieser Publikation fehlerfrei sind oder den Anforderungen der Nutzer entsprechen. Auch der ununterbrochene und fehlerfreie Betrieb der Publikation wird nicht gew\u00e4hrleistet. Die Publikation wird ohne jegliche Gew\u00e4hrleistung, weder ausdr\u00fccklich noch stillschweigend oder gesetzlich, bereitgestellt. Dies schlie\u00dft insbesondere die Gew\u00e4hrleistung der Handels\u00fcblichkeit und der Eignung f\u00fcr einen bestimmten Zweck aus. Der Nutzer tr\u00e4gt das gesamte Risiko hinsichtlich der Ergebnisse und der Leistung dieser Publikation. Der Verlag haftet in keinem Fall f\u00fcr Sch\u00e4den, insbesondere nicht f\u00fcr mittelbare oder Folgesch\u00e4den sowie f\u00fcr Sch\u00e4den durch Daten- oder Gewinnverluste, die aus der Nutzung oder der Unm\u00f6glichkeit der Nutzung der Publikation entstehen. Die Haftung des Verlags ist auf den vom Nutzer tats\u00e4chlich f\u00fcr das E-Book oder die E-Book-Lizenzvereinbarung gezahlten Betrag beschr\u00e4nkt.<\/p>\t\t\t\t\t\t\t\t<\/div>\n\t\t\t\t<\/div>\n\t\t\t\t<div class=\"elementor-element elementor-element-e2651ad elementor-widget elementor-widget-text-editor\" data-id=\"e2651ad\" data-element_type=\"widget\" data-e-type=\"widget\" data-widget_type=\"text-editor.default\">\n\t\t\t\t<div class=\"elementor-widget-container\">\n\t\t\t\t\t\t\t\t\t<p>Haftungsausschluss f\u00fcr eBook-Produkte: Anatomy Next, Inc., seine Mitarbeiter und Vorstandsmitglieder \u00fcbernehmen keine Haftung f\u00fcr Verletzungen und\/oder Sch\u00e4den an Personen oder Sachen, die im Zusammenhang mit Produkthaftung, Fahrl\u00e4ssigkeit oder aus anderen Gr\u00fcnden entstehen, oder f\u00fcr Sch\u00e4den, die durch die Nutzung oder Anwendung der in der erworbenen oder gelesenen Publikation enthaltenen Methoden oder Ideen verursacht werden. Jegliche Streitigkeiten unterliegen ausschlie\u00dflich dem Recht der USA.<\/p>\t\t\t\t\t\t\t\t<\/div>\n\t\t\t\t<\/div>\n\t\t\t\t<div class=\"elementor-element elementor-element-4d49189 elementor-widget elementor-widget-spacer\" data-id=\"4d49189\" data-element_type=\"widget\" data-e-type=\"widget\" data-widget_type=\"spacer.default\">\n\t\t\t\t<div class=\"elementor-widget-container\">\n\t\t\t\t\t\t\t<div class=\"elementor-spacer\">\n\t\t\t<div class=\"elementor-spacer-inner\"><\/div>\n\t\t<\/div>\n\t\t\t\t\t\t<\/div>\n\t\t\t\t<\/div>\n\t\t\t\t<\/div>\n\t\t\t\t\t<\/div>\n\t\t\t\t<\/div>\n\t\t\t\t<\/div>","protected":false},"excerpt":{"rendered":"<p>Legal notice Brand: Anatomy For Sculptors Company: Anatomy Next, Inc. Address: 6 Eliza Street. Beacon, NY 12508, USA Email: support@anatomy4sculptors.com Anatomy For Sculptors \u00ae &#8211; trademark registered All rights reserved \u00a9 2025 Anatomy Next, Inc. Printed books: All rights reserved: All content in this publication is copyrighted, and Anatomy Next, Inc. owns the copyright. You [&hellip;]<\/p>\n","protected":false},"author":1,"featured_media":0,"parent":0,"menu_order":0,"comment_status":"closed","ping_status":"closed","template":"elementor_header_footer","meta":{"_mo_disable_npp":"","footnotes":""},"class_list":["post-2750","page","type-page","status-publish","hentry"],"_links":{"self":[{"href":"https:\/\/anatomy4sculptors.com\/de\/wp-json\/wp\/v2\/pages\/2750","targetHints":{"allow":["GET"]}}],"collection":[{"href":"https:\/\/anatomy4sculptors.com\/de\/wp-json\/wp\/v2\/pages"}],"about":[{"href":"https:\/\/anatomy4sculptors.com\/de\/wp-json\/wp\/v2\/types\/page"}],"author":[{"embeddable":true,"href":"https:\/\/anatomy4sculptors.com\/de\/wp-json\/wp\/v2\/users\/1"}],"replies":[{"embeddable":true,"href":"https:\/\/anatomy4sculptors.com\/de\/wp-json\/wp\/v2\/comments?post=2750"}],"version-history":[{"count":6,"href":"https:\/\/anatomy4sculptors.com\/de\/wp-json\/wp\/v2\/pages\/2750\/revisions"}],"predecessor-version":[{"id":80853,"href":"https:\/\/anatomy4sculptors.com\/de\/wp-json\/wp\/v2\/pages\/2750\/revisions\/80853"}],"wp:attachment":[{"href":"https:\/\/anatomy4sculptors.com\/de\/wp-json\/wp\/v2\/media?parent=2750"}],"curies":[{"name":"wp","href":"https:\/\/api.w.org\/{rel}","templated":true}]}}