{"id":2786,"date":"2021-11-15T09:52:50","date_gmt":"2021-11-15T09:52:50","guid":{"rendered":"https:\/\/anatomy4sculptors.com\/?page_id=2786"},"modified":"2024-02-07T13:54:31","modified_gmt":"2024-02-07T10:54:31","slug":"versandrichtlinien","status":"publish","type":"page","link":"https:\/\/anatomy4sculptors.com\/de\/shipping-policy\/","title":{"rendered":"Versandpolitik"},"content":{"rendered":"<div data-elementor-type=\"wp-page\" data-elementor-id=\"2786\" class=\"elementor elementor-2786\" data-elementor-post-type=\"page\">\n\t\t\t\t<div class=\"elementor-element elementor-element-06e87d4 e-flex e-con-boxed e-con e-parent\" data-id=\"06e87d4\" data-element_type=\"container\" data-e-type=\"container\" data-settings=\"{&quot;background_background&quot;:&quot;classic&quot;}\">\n\t\t\t\t\t<div class=\"e-con-inner\">\n\t\t<div class=\"elementor-element elementor-element-cda8c34 e-con-full e-flex e-con e-child\" data-id=\"cda8c34\" data-element_type=\"container\" data-e-type=\"container\" data-settings=\"{&quot;background_background&quot;:&quot;classic&quot;}\">\n\t\t\t\t<div class=\"elementor-element elementor-element-7af47d6 elementor-widget elementor-widget-spacer\" data-id=\"7af47d6\" data-element_type=\"widget\" data-e-type=\"widget\" data-widget_type=\"spacer.default\">\n\t\t\t\t<div class=\"elementor-widget-container\">\n\t\t\t\t\t\t\t<div class=\"elementor-spacer\">\n\t\t\t<div class=\"elementor-spacer-inner\"><\/div>\n\t\t<\/div>\n\t\t\t\t\t\t<\/div>\n\t\t\t\t<\/div>\n\t\t\t\t<div class=\"elementor-element elementor-element-20a51f2 elementor-widget elementor-widget-heading\" data-id=\"20a51f2\" data-element_type=\"widget\" data-e-type=\"widget\" data-widget_type=\"heading.default\">\n\t\t\t\t<div class=\"elementor-widget-container\">\n\t\t\t\t\t<h1 class=\"elementor-heading-title elementor-size-default\">Versandpolitik<\/h1>\t\t\t\t<\/div>\n\t\t\t\t<\/div>\n\t\t\t\t<div class=\"elementor-element elementor-element-be1d6bc elementor-widget elementor-widget-text-editor\" data-id=\"be1d6bc\" data-element_type=\"widget\" data-e-type=\"widget\" data-widget_type=\"text-editor.default\">\n\t\t\t\t<div class=\"elementor-widget-container\">\n\t\t\t\t\t\t\t\t\t<p>Diese Versandrichtlinien enthalten die wichtigsten Informationen zum Versand, wenn auf dieser Website \u2013 anatomy4sculptors.com \u2013 eine Bestellung aufgegeben wird.<\/p>\t\t\t\t\t\t\t\t<\/div>\n\t\t\t\t<\/div>\n\t\t\t\t<div class=\"elementor-element elementor-element-78996dc elementor-widget elementor-widget-spacer\" data-id=\"78996dc\" data-element_type=\"widget\" data-e-type=\"widget\" data-widget_type=\"spacer.default\">\n\t\t\t\t<div class=\"elementor-widget-container\">\n\t\t\t\t\t\t\t<div class=\"elementor-spacer\">\n\t\t\t<div class=\"elementor-spacer-inner\"><\/div>\n\t\t<\/div>\n\t\t\t\t\t\t<\/div>\n\t\t\t\t<\/div>\n\t\t\t\t<div class=\"elementor-element elementor-element-d1faec2 elementor-widget elementor-widget-heading\" data-id=\"d1faec2\" data-element_type=\"widget\" data-e-type=\"widget\" data-widget_type=\"heading.default\">\n\t\t\t\t<div class=\"elementor-widget-container\">\n\t\t\t\t\t<h2 class=\"elementor-heading-title elementor-size-default\">Kaufbest\u00e4tigung<\/h2>\t\t\t\t<\/div>\n\t\t\t\t<\/div>\n\t\t\t\t<div class=\"elementor-element elementor-element-aa2f4e0 elementor-widget elementor-widget-text-editor\" data-id=\"aa2f4e0\" data-element_type=\"widget\" data-e-type=\"widget\" data-widget_type=\"text-editor.default\">\n\t\t\t\t<div class=\"elementor-widget-container\">\n\t\t\t\t\t\t\t\t\t<p>Nach einem erfolgreichen Checkout erh\u00e4lt der Kunde eine Bestellbest\u00e4tigung per E-Mail an die von ihm angegebene E-Mail-Adresse. Alle Bestellungen werden in der Regel innerhalb von 2 bis 3 Werktagen (ausgenommen Wochenenden und Feiertage) nach Erhalt dieser Best\u00e4tigungs-E-Mail bearbeitet.<\/p><p>Der Kunde erh\u00e4lt eine weitere Benachrichtigung, wenn die Bestellung verschickt wurde. Diese E-Mail enth\u00e4lt eine Sendungsverfolgungsnummer sowie Informationen zu den vom Kunden angegebenen Versandinformationen und der Liefermethode.<\/p>\t\t\t\t\t\t\t\t<\/div>\n\t\t\t\t<\/div>\n\t\t\t\t<div class=\"elementor-element elementor-element-606c9e3 elementor-widget elementor-widget-heading\" data-id=\"606c9e3\" data-element_type=\"widget\" data-e-type=\"widget\" data-widget_type=\"heading.default\">\n\t\t\t\t<div class=\"elementor-widget-container\">\n\t\t\t\t\t<h2 class=\"elementor-heading-title elementor-size-default\">Versandkosten<\/h2>\t\t\t\t<\/div>\n\t\t\t\t<\/div>\n\t\t\t\t<div class=\"elementor-element elementor-element-f7037e7 elementor-widget elementor-widget-text-editor\" data-id=\"f7037e7\" data-element_type=\"widget\" data-e-type=\"widget\" data-widget_type=\"text-editor.default\">\n\t\t\t\t<div class=\"elementor-widget-container\">\n\t\t\t\t\t\t\t\t\t<p>Mithilfe mehrerer Lieferpartner versenden wir unsere Produkte \u00fcberall auf der Welt. Die Versandkosten f\u00fcr Ihre Bestellung werden berechnet und an der Kasse angezeigt.<\/p><p>Der Preis h\u00e4ngt vom Gewicht des Produkts, der Anzahl der f\u00fcr die Bestellung erforderlichen Einzelpakete, dem Versandziel und der Liefermethode ab.<\/p><p>Der schnellste Weg, einen genauen Versandpreisvoranschlag zu erhalten, besteht darin, Ihren gew\u00fcnschten Warenkorb zusammenzustellen und beim Bezahlvorgang Ihre Lieferadresse einzugeben. Ihnen werden mehrere Versandmethoden mit den dazugeh\u00f6rigen Preisen angezeigt.<\/p><p>Der Versandpreis wird von den Versandunternehmen berechnet und ist nicht direkt vom Verk\u00e4ufer abh\u00e4ngig.<\/p>\t\t\t\t\t\t\t\t<\/div>\n\t\t\t\t<\/div>\n\t\t\t\t<div class=\"elementor-element elementor-element-391d7f5 elementor-widget elementor-widget-heading\" data-id=\"391d7f5\" data-element_type=\"widget\" data-e-type=\"widget\" data-widget_type=\"heading.default\">\n\t\t\t\t<div class=\"elementor-widget-container\">\n\t\t\t\t\t<h2 class=\"elementor-heading-title elementor-size-default\">Lieferzeit<\/h2>\t\t\t\t<\/div>\n\t\t\t\t<\/div>\n\t\t\t\t<div class=\"elementor-element elementor-element-3e825fe elementor-widget elementor-widget-text-editor\" data-id=\"3e825fe\" data-element_type=\"widget\" data-e-type=\"widget\" data-widget_type=\"text-editor.default\">\n\t\t\t\t<div class=\"elementor-widget-container\">\n\t\t\t\t\t\t\t\t\tDie Lieferzeit richtet sich nach Ihrem Versandziel und der Versandart, die Sie beim Bezahlvorgang gew\u00e4hlt haben.\n<ul> <br>\n \t<li>Standardversand \u2013 die Lieferzeit betr\u00e4gt bis zu 14 Tage in den USA und Kanada, 30 Tage in Europa und 60 Tage in den Rest der Welt. Der Standardversand erfolgt \u00fcber ein globales Postsystem.<\/li> <br>\n \t<li>Expressversand \u2013 bis zu 7 Tage in den USA und Kanada und bis zu 14 Tage in den Rest der Welt. Der Expressversand bietet Ihnen die k\u00fcrzestm\u00f6gliche Versandzeit und wird von privaten Logistikunternehmen durchgef\u00fchrt. Bei Bestellungen \u00fcber 200 USD gilt der Expressversand automatisch.<\/li>\n<\/ul>\t\t\t\t\t\t\t\t<\/div>\n\t\t\t\t<\/div>\n\t\t\t\t<div class=\"elementor-element elementor-element-54711aa elementor-widget elementor-widget-heading\" data-id=\"54711aa\" data-element_type=\"widget\" data-e-type=\"widget\" data-widget_type=\"heading.default\">\n\t\t\t\t<div class=\"elementor-widget-container\">\n\t\t\t\t\t<h2 class=\"elementor-heading-title elementor-size-default\">Lieferprozess<\/h2>\t\t\t\t<\/div>\n\t\t\t\t<\/div>\n\t\t\t\t<div class=\"elementor-element elementor-element-93a899f elementor-widget elementor-widget-text-editor\" data-id=\"93a899f\" data-element_type=\"widget\" data-e-type=\"widget\" data-widget_type=\"text-editor.default\">\n\t\t\t\t<div class=\"elementor-widget-container\">\n\t\t\t\t\t\t\t\t\t<p>Wenn Ihre Bestellung versandt wurde, erhalten Sie von uns eine E-Mail-Benachrichtigung mit einer Sendungsverfolgungsnummer, mit der Sie den Status Ihrer Bestellung \u00fcberpr\u00fcfen k\u00f6nnen.<\/p><p>Abh\u00e4ngig vom Lieferpartner erfolgen Lieferungen an Werktagen w\u00e4hrend der normalen Gesch\u00e4ftszeiten. Unser lokaler Lieferpartner wird Sie in der Regel \u00fcber die Kontaktdaten, die Sie beim Bezahlvorgang angegeben haben, kontaktieren, um Sie \u00fcber den Tag der Lieferung zu informieren.<\/p><p>Bitte beachten Sie, dass wir unseren Lieferpartnern vertrauen. Wenn der Kauf in unserem System als \u201egeliefert\u201c markiert ist, \u00fcbernehmen wir keine Verantwortung daf\u00fcr, dass Kunden ein Produkt nicht erhalten, weil sie abwesend sind, eine ungesicherte Liefermethode gew\u00e4hlt haben (z. B. Lieferdienste von Drittanbietern, ein kaputter Briefkasten oder \u00c4hnliches) oder uns falsche Lieferinformationen \u00fcbermittelt haben. In solchen F\u00e4llen sind R\u00fcckerstattungen leider nicht m\u00f6glich.<\/p><p>In allen anderen F\u00e4llen werden w\u00e4hrend des Transports verloren gegangene Produkte erneut verschickt, ohne dass der Kunde die Versandkosten tragen muss.<\/p><p>Ihre Bestellung unterliegt m\u00f6glicherweise Einfuhrz\u00f6llen und Steuern (einschlie\u00dflich Mehrwertsteuer), die anfallen, sobald eine Sendung Ihr Zielland erreicht. Anatomy Next, Inc. ist nicht f\u00fcr diese Geb\u00fchren verantwortlich, wenn sie erhoben werden; sie liegen in Ihrer Verantwortung als Kunde.<\/p><p>Anatomy Next, Inc. \u00fcbernimmt keine Verantwortung f\u00fcr m\u00f6gliche Verz\u00f6gerungen au\u00dferhalb unserer Kontrolle, wie z. B. Probleme mit dem Postdienst oder eine extrem hohe Anzahl von Bestellungen.\u00a0<\/p><p>Wenn Sie Ihre Bestellung nicht innerhalb von 30 Tagen nach Erhalt Ihrer Versandbest\u00e4tigungs-E-Mail erhalten haben, kontaktieren Sie uns bitte unter <a href=\"mailto:support@anatomy4sculptors.com\">support@anatomy4sculptors.com<\/a> mit Ihrem Namen und Ihrer Bestellnummer, dann werden wir der Sache f\u00fcr Sie nachgehen.<\/p><p>Wenn Sie Ihre Bestellung nicht innerhalb der auf Ihrem Lieferschein vom \u00f6rtlichen Zusteller angegebenen Frist von der Lieferadresse abgeholt haben, wird die Bestellung m\u00f6glicherweise automatisch storniert, ohne dass eine R\u00fcckerstattung erfolgt.<\/p><p>Wenn Sie weitere Fragen haben, kontaktieren Sie uns bitte unter <a href=\"mailto:support@anatomy4sculptors.com\">support@anatomy4sculptors.com<\/a><\/p>\t\t\t\t\t\t\t\t<\/div>\n\t\t\t\t<\/div>\n\t\t\t\t<div class=\"elementor-element elementor-element-b910c4f elementor-widget elementor-widget-spacer\" data-id=\"b910c4f\" data-element_type=\"widget\" data-e-type=\"widget\" data-widget_type=\"spacer.default\">\n\t\t\t\t<div class=\"elementor-widget-container\">\n\t\t\t\t\t\t\t<div class=\"elementor-spacer\">\n\t\t\t<div class=\"elementor-spacer-inner\"><\/div>\n\t\t<\/div>\n\t\t\t\t\t\t<\/div>\n\t\t\t\t<\/div>\n\t\t\t\t<\/div>\n\t\t\t\t\t<\/div>\n\t\t\t\t<\/div>\n\t\t\t\t<\/div>","protected":false},"excerpt":{"rendered":"<p>Shipping policy This Shipping policy outlines the most important information about shipping when an order is placed on this site &#8211; anatomy4sculptors.com Purchase confirmation After a successful checkout, the customer receives an order confirmation email to their provided email address. All orders are typically processed within 2 to 3 business days (excluding weekends and holidays) [&hellip;]<\/p>\n","protected":false},"author":1,"featured_media":0,"parent":0,"menu_order":0,"comment_status":"closed","ping_status":"closed","template":"elementor_header_footer","meta":{"_mo_disable_npp":"","footnotes":""},"class_list":["post-2786","page","type-page","status-publish","hentry"],"_links":{"self":[{"href":"https:\/\/anatomy4sculptors.com\/de\/wp-json\/wp\/v2\/pages\/2786","targetHints":{"allow":["GET"]}}],"collection":[{"href":"https:\/\/anatomy4sculptors.com\/de\/wp-json\/wp\/v2\/pages"}],"about":[{"href":"https:\/\/anatomy4sculptors.com\/de\/wp-json\/wp\/v2\/types\/page"}],"author":[{"embeddable":true,"href":"https:\/\/anatomy4sculptors.com\/de\/wp-json\/wp\/v2\/users\/1"}],"replies":[{"embeddable":true,"href":"https:\/\/anatomy4sculptors.com\/de\/wp-json\/wp\/v2\/comments?post=2786"}],"version-history":[{"count":0,"href":"https:\/\/anatomy4sculptors.com\/de\/wp-json\/wp\/v2\/pages\/2786\/revisions"}],"wp:attachment":[{"href":"https:\/\/anatomy4sculptors.com\/de\/wp-json\/wp\/v2\/media?parent=2786"}],"curies":[{"name":"wp","href":"https:\/\/api.w.org\/{rel}","templated":true}]}}