{"id":2800,"date":"2021-11-15T10:00:30","date_gmt":"2021-11-15T10:00:30","guid":{"rendered":"https:\/\/anatomy4sculptors.com\/?page_id=2800"},"modified":"2024-02-07T14:23:16","modified_gmt":"2024-02-07T11:23:16","slug":"datenschutzrichtlinie","status":"publish","type":"page","link":"https:\/\/anatomy4sculptors.com\/de\/privacy-policy\/","title":{"rendered":"Datenschutzbestimmungen"},"content":{"rendered":"<div data-elementor-type=\"wp-page\" data-elementor-id=\"2800\" class=\"elementor elementor-2800\" data-elementor-post-type=\"page\">\n\t\t\t\t<div class=\"elementor-element elementor-element-6d8884f e-flex e-con-boxed e-con e-parent\" data-id=\"6d8884f\" data-element_type=\"container\" data-e-type=\"container\" data-settings=\"{&quot;background_background&quot;:&quot;classic&quot;}\">\n\t\t\t\t\t<div class=\"e-con-inner\">\n\t\t<div class=\"elementor-element elementor-element-b6accb9 e-con-full e-flex e-con e-child\" data-id=\"b6accb9\" data-element_type=\"container\" data-e-type=\"container\" data-settings=\"{&quot;background_background&quot;:&quot;classic&quot;}\">\n\t\t\t\t<div class=\"elementor-element elementor-element-954ebc9 elementor-widget elementor-widget-spacer\" data-id=\"954ebc9\" data-element_type=\"widget\" data-e-type=\"widget\" data-widget_type=\"spacer.default\">\n\t\t\t\t<div class=\"elementor-widget-container\">\n\t\t\t\t\t\t\t<div class=\"elementor-spacer\">\n\t\t\t<div class=\"elementor-spacer-inner\"><\/div>\n\t\t<\/div>\n\t\t\t\t\t\t<\/div>\n\t\t\t\t<\/div>\n\t\t\t\t<div class=\"elementor-element elementor-element-6e7bec9 elementor-widget elementor-widget-heading\" data-id=\"6e7bec9\" data-element_type=\"widget\" data-e-type=\"widget\" data-widget_type=\"heading.default\">\n\t\t\t\t<div class=\"elementor-widget-container\">\n\t\t\t\t\t<h1 class=\"elementor-heading-title elementor-size-default\">Datenschutzbestimmungen<\/h1>\t\t\t\t<\/div>\n\t\t\t\t<\/div>\n\t\t\t\t<div class=\"elementor-element elementor-element-2abf25a elementor-widget elementor-widget-text-editor\" data-id=\"2abf25a\" data-element_type=\"widget\" data-e-type=\"widget\" data-widget_type=\"text-editor.default\">\n\t\t\t\t<div class=\"elementor-widget-container\">\n\t\t\t\t\t\t\t\t\t<p>Diese Datenschutzrichtlinie beschreibt, wie Ihre pers\u00f6nlichen Daten erfasst, verwendet und weitergegeben werden, wenn Sie anatomy4sculptors.com als \u201eSite\u201c besuchen oder dort einen Kauf t\u00e4tigen. Und \u201eAnatomy Next, Inc.\u201c als \u201eUnternehmen\u201c<\/p>\t\t\t\t\t\t\t\t<\/div>\n\t\t\t\t<\/div>\n\t\t\t\t<div class=\"elementor-element elementor-element-9b1319b elementor-widget elementor-widget-spacer\" data-id=\"9b1319b\" data-element_type=\"widget\" data-e-type=\"widget\" data-widget_type=\"spacer.default\">\n\t\t\t\t<div class=\"elementor-widget-container\">\n\t\t\t\t\t\t\t<div class=\"elementor-spacer\">\n\t\t\t<div class=\"elementor-spacer-inner\"><\/div>\n\t\t<\/div>\n\t\t\t\t\t\t<\/div>\n\t\t\t\t<\/div>\n\t\t\t\t<div class=\"elementor-element elementor-element-b08cc60 elementor-widget elementor-widget-heading\" data-id=\"b08cc60\" data-element_type=\"widget\" data-e-type=\"widget\" data-widget_type=\"heading.default\">\n\t\t\t\t<div class=\"elementor-widget-container\">\n\t\t\t\t\t<h2 class=\"elementor-heading-title elementor-size-default\">Von uns erfasste Informationen<\/h2>\t\t\t\t<\/div>\n\t\t\t\t<\/div>\n\t\t\t\t<div class=\"elementor-element elementor-element-a117151 elementor-widget elementor-widget-text-editor\" data-id=\"a117151\" data-element_type=\"widget\" data-e-type=\"widget\" data-widget_type=\"text-editor.default\">\n\t\t\t\t<div class=\"elementor-widget-container\">\n\t\t\t\t\t\t\t\t\t<p>Wenn Sie die Site besuchen, erfassen wir automatisch bestimmte Informationen \u00fcber Ihr Ger\u00e4t, darunter Informationen \u00fcber Ihren Webbrowser, Ihre IP-Adresse, Ihre Zeitzone und einige der auf Ihrem Ger\u00e4t installierten Cookies.\u00a0<\/p><p>Dar\u00fcber hinaus erfassen wir beim Durchsuchen der Site Informationen \u00fcber die einzelnen Webseiten oder Produkte, die Sie anzeigen, welche Websites oder Suchbegriffe Sie auf die Site verwiesen haben und wie Sie mit der Site interagieren. Wir bezeichnen diese automatisch erfassten Informationen als \u201eGer\u00e4teinformationen\u201c.<\/p><p>Wir erfassen Ger\u00e4teinformationen mithilfe der folgenden Technologien:<\/p><p>\u2013 \u201eCookies\u201c sind Datendateien, die auf Ihrem Ger\u00e4t oder Computer abgelegt werden und oft eine eindeutige anonyme Kennung enthalten. Weitere Informationen zu Cookies und zum Deaktivieren von Cookies finden Sie unter http:\/\/www.allaboutcookies.org.<\/p><p>\u2013 \u201eProtokolldateien\u201c verfolgen die auf der Site stattfindenden Aktionen und erfassen Daten wie Ihre IP-Adresse, den Browsertyp, Verweis-\/Ausstiegsseiten und Datums-\/Zeitstempel.<\/p><p>\u2013 \u201eWeb Beacons\u201c, \u201eTags\u201c und \u201ePixels\u201c sind elektronische Dateien, die zum Aufzeichnen von Informationen \u00fcber Ihr Surfverhalten auf der Site verwendet werden.<\/p><p>\u2013 Indem Sie unsere Website nutzen, stimmen Sie (der Besucher) zu, dass Dritte Ihre IP-Adresse verarbeiten d\u00fcrfen, um Ihren Standort f\u00fcr die W\u00e4hrungsumrechnung zu ermitteln. Sie stimmen auch zu, dass diese W\u00e4hrung in einem Sitzungscookie in Ihrem Browser gespeichert wird (ein tempor\u00e4res Cookie, das automatisch entfernt wird, wenn Sie Ihren Browser schlie\u00dfen). Wir tun dies, damit die ausgew\u00e4hlte W\u00e4hrung beim Surfen auf unserer Website ausgew\u00e4hlt und konsistent bleibt, sodass die Preise in Ihre (die des Besuchers) lokale W\u00e4hrung umgerechnet werden k\u00f6nnen.<\/p><p>-Wenn Sie \u00fcber die Website einen Kauf t\u00e4tigen oder versuchen, einen Kauf zu t\u00e4tigen, erfassen wir bestimmte Informationen von Ihnen, darunter Ihren Namen, Ihre Rechnungsadresse, Ihre Lieferadresse, Ihre Zahlungsinformationen (einschlie\u00dflich Kreditkartennummern), Ihre E-Mail-Adresse und Ihre Telefonnummer. Wir bezeichnen diese Informationen als \u201eBestellinformationen\u201c.<\/p><p>Wenn wir in dieser Datenschutzrichtlinie von \u201epers\u00f6nlichen Informationen\u201c sprechen, meinen wir Ger\u00e4teinformationen und Bestellinformationen.<\/p>\t\t\t\t\t\t\t\t<\/div>\n\t\t\t\t<\/div>\n\t\t\t\t<div class=\"elementor-element elementor-element-3434f84 elementor-widget elementor-widget-spacer\" data-id=\"3434f84\" data-element_type=\"widget\" data-e-type=\"widget\" data-widget_type=\"spacer.default\">\n\t\t\t\t<div class=\"elementor-widget-container\">\n\t\t\t\t\t\t\t<div class=\"elementor-spacer\">\n\t\t\t<div class=\"elementor-spacer-inner\"><\/div>\n\t\t<\/div>\n\t\t\t\t\t\t<\/div>\n\t\t\t\t<\/div>\n\t\t\t\t<div class=\"elementor-element elementor-element-dbb5f49 elementor-widget elementor-widget-heading\" data-id=\"dbb5f49\" data-element_type=\"widget\" data-e-type=\"widget\" data-widget_type=\"heading.default\">\n\t\t\t\t<div class=\"elementor-widget-container\">\n\t\t\t\t\t<h2 class=\"elementor-heading-title elementor-size-default\">So verwenden wir Ihre pers\u00f6nlichen Daten<\/h2>\t\t\t\t<\/div>\n\t\t\t\t<\/div>\n\t\t\t\t<div class=\"elementor-element elementor-element-410ebd5 elementor-widget elementor-widget-text-editor\" data-id=\"410ebd5\" data-element_type=\"widget\" data-e-type=\"widget\" data-widget_type=\"text-editor.default\">\n\t\t\t\t<div class=\"elementor-widget-container\">\n\t\t\t\t\t\t\t\t\tWir verwenden die Bestellinformationen, die wir im Allgemeinen erfassen, um alle \u00fcber die Website aufgegebenen Bestellungen auszuf\u00fchren (einschlie\u00dflich der Verarbeitung Ihrer Zahlungsinformationen, der Organisation des Versands und der Bereitstellung von Rechnungen und\/oder Auftragsbest\u00e4tigungen). Dar\u00fcber hinaus verwenden wir diese Bestellinformationen f\u00fcr: <br> <br>\n<ul>\n \t<li>Mit dir kommunizieren;<\/li>\n \t<li>\u00dcberpr\u00fcfen Sie unsere Bestellungen auf potenzielle Risiken oder Betrug;<\/li>\n \t<li>Sofern dies mit den Pr\u00e4ferenzen \u00fcbereinstimmt, die Sie uns mitgeteilt haben, stellen wir Ihnen Informationen oder Werbung zu unseren Produkten oder Dienstleistungen zur Verf\u00fcgung.<\/li>\n<\/ul> <br> \nWir verwenden die von uns erfassten Ger\u00e4teinformationen zur Erkennung potenzieller Risiken und Betrugsf\u00e4lle (insbesondere Ihre IP-Adresse) und ganz allgemein zur Verbesserung unserer Website (beispielsweise durch die Erstellung von Analysen zum Surfverhalten unserer Kunden und ihrer Interaktion mit der Website und zur Bewertung des Erfolgs unserer Marketing- und Werbekampagnen).\t\t\t\t\t\t\t\t<\/div>\n\t\t\t\t<\/div>\n\t\t\t\t<div class=\"elementor-element elementor-element-268be57 elementor-widget elementor-widget-heading\" data-id=\"268be57\" data-element_type=\"widget\" data-e-type=\"widget\" data-widget_type=\"heading.default\">\n\t\t\t\t<div class=\"elementor-widget-container\">\n\t\t\t\t\t<h2 class=\"elementor-heading-title elementor-size-default\">Weitergabe Ihrer pers\u00f6nlichen Daten<\/h2>\t\t\t\t<\/div>\n\t\t\t\t<\/div>\n\t\t\t\t<div class=\"elementor-element elementor-element-ce488b5 elementor-widget elementor-widget-text-editor\" data-id=\"ce488b5\" data-element_type=\"widget\" data-e-type=\"widget\" data-widget_type=\"text-editor.default\">\n\t\t\t\t<div class=\"elementor-widget-container\">\n\t\t\t\t\t\t\t\t\t<p>Wir geben Ihre personenbezogenen Daten an Dritte weiter, die uns bei der Nutzung Ihrer personenbezogenen Daten wie oben beschrieben unterst\u00fctzen.<\/p><p>Wir verwenden Google Analytics auch, um besser zu verstehen, wie unsere Kunden die Website nutzen. Weitere Informationen zur Verwendung Ihrer personenbezogenen Daten durch Google finden Sie hier: <a href=\"https:\/\/www.google.com\/intl\/en\/policies\/privacy\/\" target=\"_blank\" rel=\"noopener\">https:\/\/www.google.com\/intl\/en\/policies\/privacy\/<\/a>Sie k\u00f6nnen Google Analytics auch hier deaktivieren: <a href=\"https:\/\/tools.google.com\/dlpage\/gaoptout\" target=\"_blank\" rel=\"noopener\">https:\/\/tools.google.com\/dlpage\/gaoptout<\/a>.<\/p><p>Wir k\u00f6nnen Ihre personenbezogenen Daten au\u00dferdem weitergeben, um die geltenden Gesetze und Vorschriften einzuhalten, auf Vorladungen, Durchsuchungsbefehle oder andere rechtm\u00e4\u00dfige Anfragen nach Informationen, die wir erhalten, zu reagieren oder auf andere Weise unsere Rechte zu sch\u00fctzen.<\/p>\t\t\t\t\t\t\t\t<\/div>\n\t\t\t\t<\/div>\n\t\t\t\t<div class=\"elementor-element elementor-element-f99b542 elementor-widget elementor-widget-heading\" data-id=\"f99b542\" data-element_type=\"widget\" data-e-type=\"widget\" data-widget_type=\"heading.default\">\n\t\t\t\t<div class=\"elementor-widget-container\">\n\t\t\t\t\t<h2 class=\"elementor-heading-title elementor-size-default\">Werbung<\/h2>\t\t\t\t<\/div>\n\t\t\t\t<\/div>\n\t\t\t\t<div class=\"elementor-element elementor-element-8007e96 elementor-widget elementor-widget-text-editor\" data-id=\"8007e96\" data-element_type=\"widget\" data-e-type=\"widget\" data-widget_type=\"text-editor.default\">\n\t\t\t\t<div class=\"elementor-widget-container\">\n\t\t\t\t\t\t\t\t\tWie oben beschrieben, verwenden wir Ihre pers\u00f6nlichen Daten, um Ihnen gezielte Werbung oder Marketingmitteilungen zu senden, von denen wir glauben, dass sie f\u00fcr Sie von Interesse sein k\u00f6nnten. Weitere Informationen zur Funktionsweise gezielter Werbung finden Sie auf der Informationsseite der Network Advertising Initiative (\u201eNAI\u201c) \u2013 <a href=\"http:\/\/www.networkadvertising.org\/understanding-online-advertising\/how-does-it-work.\" target=\"_blank\" rel=\"noopener\">http:\/\/www.networkadvertising.org\/understanding-online-advertising\/how-does-it-work.<\/a>\n\nSie k\u00f6nnen gezielte Werbung \u00fcber die folgenden Links deaktivieren:\n<ul> <br>\n \t<li>Facebook: <a href=\"https:\/\/www.facebook.com\/settings\/?tab=ads\" target=\"_blank\" rel=\"noopener\">https:\/\/www.facebook.com\/settings\/?tab=ads<\/a><\/li>\n \t<li>Google: <a href=\"https:\/\/www.google.com\/settings\/ads\/anonymous\" target=\"_blank\" rel=\"noopener\">https:\/\/www.google.com\/settings\/ads\/anonymous<\/a><\/li>\n<\/ul> <br>\nDar\u00fcber hinaus k\u00f6nnen Sie sich von einigen dieser Dienste abmelden, indem Sie das Opt-out-Portal der Digital Advertising Alliance unter folgender Adresse besuchen: <a href=\"http:\/\/optout.aboutads.info\/\" target=\"_blank\" rel=\"noopener\">http:\/\/optout.aboutads.info\/<\/a>.\t\t\t\t\t\t\t\t<\/div>\n\t\t\t\t<\/div>\n\t\t\t\t<div class=\"elementor-element elementor-element-9cde77c elementor-widget elementor-widget-heading\" data-id=\"9cde77c\" data-element_type=\"widget\" data-e-type=\"widget\" data-widget_type=\"heading.default\">\n\t\t\t\t<div class=\"elementor-widget-container\">\n\t\t\t\t\t<h2 class=\"elementor-heading-title elementor-size-default\">Nicht verfolgen<\/h2>\t\t\t\t<\/div>\n\t\t\t\t<\/div>\n\t\t\t\t<div class=\"elementor-element elementor-element-1d3ebe0 elementor-widget elementor-widget-text-editor\" data-id=\"1d3ebe0\" data-element_type=\"widget\" data-e-type=\"widget\" data-widget_type=\"text-editor.default\">\n\t\t\t\t<div class=\"elementor-widget-container\">\n\t\t\t\t\t\t\t\t\t<p>Bitte beachten Sie, dass wir die Datenerfassung und -verwendung auf unserer Website nicht \u00e4ndern, wenn wir ein \u201eDo Not Track\u201c-Signal von Ihrem Browser erhalten.<\/p>\t\t\t\t\t\t\t\t<\/div>\n\t\t\t\t<\/div>\n\t\t\t\t<div class=\"elementor-element elementor-element-748c09e elementor-widget elementor-widget-heading\" data-id=\"748c09e\" data-element_type=\"widget\" data-e-type=\"widget\" data-widget_type=\"heading.default\">\n\t\t\t\t<div class=\"elementor-widget-container\">\n\t\t\t\t\t<h2 class=\"elementor-heading-title elementor-size-default\">Deine Rechte<\/h2>\t\t\t\t<\/div>\n\t\t\t\t<\/div>\n\t\t\t\t<div class=\"elementor-element elementor-element-d3de277 elementor-widget elementor-widget-text-editor\" data-id=\"d3de277\" data-element_type=\"widget\" data-e-type=\"widget\" data-widget_type=\"text-editor.default\">\n\t\t\t\t<div class=\"elementor-widget-container\">\n\t\t\t\t\t\t\t\t\t<p>Wenn Sie in Europa ans\u00e4ssig sind, haben Sie das Recht, auf die von uns \u00fcber Sie gespeicherten personenbezogenen Daten zuzugreifen und zu verlangen, dass Ihre personenbezogenen Daten korrigiert, aktualisiert oder gel\u00f6scht werden. Wenn Sie dieses Recht aus\u00fcben m\u00f6chten, kontaktieren Sie uns bitte \u00fcber die unten angegebenen Kontaktinformationen.<\/p><p>Nehmen wir au\u00dferdem an, dass Sie in Europa ans\u00e4ssig sind. In diesem Fall weisen wir darauf hin, dass wir Ihre Daten verarbeiten, um Vertr\u00e4ge mit Ihnen zu erf\u00fcllen (z. B. wenn Sie eine Bestellung \u00fcber die Website aufgeben) oder um unsere oben aufgef\u00fchrten legitimen Gesch\u00e4ftsinteressen zu verfolgen. Bitte beachten Sie au\u00dferdem, dass Ihre Daten au\u00dferhalb Europas, einschlie\u00dflich Kanada und den Vereinigten Staaten, \u00fcbertragen werden.<\/p>\t\t\t\t\t\t\t\t<\/div>\n\t\t\t\t<\/div>\n\t\t\t\t<div class=\"elementor-element elementor-element-6e49dd9 elementor-widget elementor-widget-heading\" data-id=\"6e49dd9\" data-element_type=\"widget\" data-e-type=\"widget\" data-widget_type=\"heading.default\">\n\t\t\t\t<div class=\"elementor-widget-container\">\n\t\t\t\t\t<h2 class=\"elementor-heading-title elementor-size-default\">Vorratsdatenspeicherung <\/h2>\t\t\t\t<\/div>\n\t\t\t\t<\/div>\n\t\t\t\t<div class=\"elementor-element elementor-element-ce0616e elementor-widget elementor-widget-text-editor\" data-id=\"ce0616e\" data-element_type=\"widget\" data-e-type=\"widget\" data-widget_type=\"text-editor.default\">\n\t\t\t\t<div class=\"elementor-widget-container\">\n\t\t\t\t\t\t\t\t\t<p>Ihre personenbezogenen Daten k\u00f6nnen in der Europ\u00e4ischen Union oder den USA gespeichert werden.<\/p><p>Wenn Sie in der Europ\u00e4ischen Union oder im Europ\u00e4ischen Wirtschaftsraum ans\u00e4ssig sind, stellt das Unternehmen sicher, dass Ihre pers\u00f6nlichen Daten durch die Einf\u00fchrung geeigneter Mechanismen gem\u00e4\u00df der EU-Datenschutz-Grundverordnung (<strong>\u201eDSGVO\u201c<\/strong>). Die \u00dcbertragung Ihrer personenbezogenen Daten in die Vereinigten Staaten kann beispielsweise durch die Verwendung von Standardvertragsklauseln (Artikel 46 der DSGVO), des Datenschutzschildmechanismus (Artikel 45 der DSGVO) oder anderer Schutzmechanismen wie Ihrer Zustimmung oder der Erf\u00fcllung eines Vertrags (Artikel 49 der DSGVO) erfolgen. Sie k\u00f6nnen zus\u00e4tzliche Informationen erhalten, indem Sie das Unternehmen wie unten in dieser Mitteilung angegeben kontaktieren.<\/p><p>Sofern in dieser Mitteilung nichts anderes angegeben ist, speichert das Unternehmen Ihre personenbezogenen Daten grunds\u00e4tzlich so lange, wie Sie unseren Service nutzen und f\u00fcr die Dauer der Verj\u00e4hrungsfrist danach. Falls gesetzlich vorgeschrieben, stellt das Unternehmen jedoch eine angemessene L\u00f6schung Ihrer personenbezogenen Daten gem\u00e4\u00df den geltenden Gesetzen sicher.<\/p>\t\t\t\t\t\t\t\t<\/div>\n\t\t\t\t<\/div>\n\t\t\t\t<div class=\"elementor-element elementor-element-75aa13a elementor-widget elementor-widget-heading\" data-id=\"75aa13a\" data-element_type=\"widget\" data-e-type=\"widget\" data-widget_type=\"heading.default\">\n\t\t\t\t<div class=\"elementor-widget-container\">\n\t\t\t\t\t<h2 class=\"elementor-heading-title elementor-size-default\">\u00c4nderungen<\/h2>\t\t\t\t<\/div>\n\t\t\t\t<\/div>\n\t\t\t\t<div class=\"elementor-element elementor-element-3a9ec10 elementor-widget elementor-widget-text-editor\" data-id=\"3a9ec10\" data-element_type=\"widget\" data-e-type=\"widget\" data-widget_type=\"text-editor.default\">\n\t\t\t\t<div class=\"elementor-widget-container\">\n\t\t\t\t\t\t\t\t\t<p>Wir k\u00f6nnen diese Datenschutzrichtlinie von Zeit zu Zeit aktualisieren, um beispielsweise \u00c4nderungen unserer Praktiken oder andere betriebliche, rechtliche oder regulatorische Gr\u00fcnde zu ber\u00fccksichtigen.<\/p>\t\t\t\t\t\t\t\t<\/div>\n\t\t\t\t<\/div>\n\t\t\t\t<div class=\"elementor-element elementor-element-c866f30 elementor-widget elementor-widget-heading\" data-id=\"c866f30\" data-element_type=\"widget\" data-e-type=\"widget\" data-widget_type=\"heading.default\">\n\t\t\t\t<div class=\"elementor-widget-container\">\n\t\t\t\t\t<h2 class=\"elementor-heading-title elementor-size-default\">Datensicherheit<\/h2>\t\t\t\t<\/div>\n\t\t\t\t<\/div>\n\t\t\t\t<div class=\"elementor-element elementor-element-e7c69a2 elementor-widget elementor-widget-text-editor\" data-id=\"e7c69a2\" data-element_type=\"widget\" data-e-type=\"widget\" data-widget_type=\"text-editor.default\">\n\t\t\t\t<div class=\"elementor-widget-container\">\n\t\t\t\t\t\t\t\t\t<p>Um unbefugte Nutzung zu verhindern, die Datengenauigkeit zu wahren und die angemessene Nutzung der Informationen sicherzustellen, haben wir entsprechende elektronische und administrative Verfahren zum Schutz und zur Sicherung der online erfassten Informationen eingef\u00fchrt. Das Unternehmen arbeitet daran, die Anforderungen der 12 Payment Card Industries (PCI) und Datensicherheitsstandards zu erf\u00fcllen oder zu \u00fcbertreffen, um sicherzustellen, dass alle von Ihnen bereitgestellten Daten sicher sind.<\/p>\t\t\t\t\t\t\t\t<\/div>\n\t\t\t\t<\/div>\n\t\t\t\t<div class=\"elementor-element elementor-element-e4ca099 elementor-widget elementor-widget-text-editor\" data-id=\"e4ca099\" data-element_type=\"widget\" data-e-type=\"widget\" data-widget_type=\"text-editor.default\">\n\t\t\t\t<div class=\"elementor-widget-container\">\n\t\t\t\t\t\t\t\t\t<p>Wenn Sie weitere Informationen zu unseren Datenschutzpraktiken w\u00fcnschen, Fragen haben oder eine Beschwerde einreichen m\u00f6chten, kontaktieren Sie uns bitte per E-Mail an support@anatomy4sculptors.com oder per Post unter den unten angegebenen Kontaktdaten:<\/p><p>Marke: Anatomie f\u00fcr Bildhauer\u00ae<\/p><p>Unternehmen: Anatomy Next, Inc.<\/p><p>Adresse: 291 Main St., Beacon, NY \u2013 12508<\/p>\t\t\t\t\t\t\t\t<\/div>\n\t\t\t\t<\/div>\n\t\t\t\t<div class=\"elementor-element elementor-element-f870f5f elementor-widget elementor-widget-spacer\" data-id=\"f870f5f\" data-element_type=\"widget\" data-e-type=\"widget\" data-widget_type=\"spacer.default\">\n\t\t\t\t<div class=\"elementor-widget-container\">\n\t\t\t\t\t\t\t<div class=\"elementor-spacer\">\n\t\t\t<div class=\"elementor-spacer-inner\"><\/div>\n\t\t<\/div>\n\t\t\t\t\t\t<\/div>\n\t\t\t\t<\/div>\n\t\t\t\t<\/div>\n\t\t\t\t\t<\/div>\n\t\t\t\t<\/div>\n\t\t\t\t<\/div>","protected":false},"excerpt":{"rendered":"<p>Privacy policy This Privacy Policy describes how your personal information is collected, used, and shared when you visit or make a purchase from\u00a0anatomy4sculptors.com as a &#8220;site&#8221;. And &#8220;Anatomy Next, Inc.&#8221; as &#8220;company&#8221; Information we collect When you visit the Site, we automatically collect certain information about your device, including information about your web browser, IP [&hellip;]<\/p>\n","protected":false},"author":1,"featured_media":0,"parent":0,"menu_order":0,"comment_status":"closed","ping_status":"closed","template":"elementor_header_footer","meta":{"_mo_disable_npp":"","footnotes":""},"class_list":["post-2800","page","type-page","status-publish","hentry"],"_links":{"self":[{"href":"https:\/\/anatomy4sculptors.com\/de\/wp-json\/wp\/v2\/pages\/2800","targetHints":{"allow":["GET"]}}],"collection":[{"href":"https:\/\/anatomy4sculptors.com\/de\/wp-json\/wp\/v2\/pages"}],"about":[{"href":"https:\/\/anatomy4sculptors.com\/de\/wp-json\/wp\/v2\/types\/page"}],"author":[{"embeddable":true,"href":"https:\/\/anatomy4sculptors.com\/de\/wp-json\/wp\/v2\/users\/1"}],"replies":[{"embeddable":true,"href":"https:\/\/anatomy4sculptors.com\/de\/wp-json\/wp\/v2\/comments?post=2800"}],"version-history":[{"count":0,"href":"https:\/\/anatomy4sculptors.com\/de\/wp-json\/wp\/v2\/pages\/2800\/revisions"}],"wp:attachment":[{"href":"https:\/\/anatomy4sculptors.com\/de\/wp-json\/wp\/v2\/media?parent=2800"}],"curies":[{"name":"wp","href":"https:\/\/api.w.org\/{rel}","templated":true}]}}