{"id":73928,"date":"2025-06-18T14:39:45","date_gmt":"2025-06-18T11:39:45","guid":{"rendered":"https:\/\/anatomy4sculptors.com\/?post_type=product&#038;p=73928"},"modified":"2026-02-10T17:11:48","modified_gmt":"2026-02-10T15:11:48","slug":"form-des-kopfes-und-halses","status":"publish","type":"product","link":"https:\/\/anatomy4sculptors.com\/de\/product\/form-of-the-head-and-neck\/","title":{"rendered":"Form von Kopf und Hals"},"content":{"rendered":"<h1>Form von Kopf und Hals<\/h1>\n<section class=\"elementor-section elementor-top-section elementor-element elementor-element-7bc7d190 elementor-section-content-middle elementor-section-height-full elementor-section-boxed elementor-section-height-default elementor-section-items-middle\" data-id=\"7bc7d190\" data-element_type=\"section\">\n<div class=\"elementor-container elementor-column-gap-default\">\n<div class=\"elementor-column elementor-col-33 elementor-top-column elementor-element elementor-element-618677bd\" data-id=\"618677bd\" data-element_type=\"column\">\n<div class=\"elementor-widget-wrap elementor-element-populated\">\n<div class=\"elementor-element elementor-element-2ee2bf63 elementor-widget elementor-widget-heading\" data-id=\"2ee2bf63\" data-element_type=\"widget\" data-widget_type=\"heading.default\">\n<div class=\"elementor-widget-container\">\n<p class=\"elementor-heading-title elementor-size-default\">Die Gesichtsmuskeln haben, wie Sie wahrscheinlich schon festgestellt haben, fast nichts mit der endg\u00fcltigen Form des Gesichts zu tun. Dieses Buch erkl\u00e4rt nicht nur die Anatomie, sondern auch die Beziehung zwischen Anatomie und Form. Wie Alter, ethnische Zugeh\u00f6rigkeit, Geschlecht und K\u00f6rpertyp die Gesichtsform beeinflussen. Der Hardcover-Einband ist mit starren Schutzh\u00fcllen gebunden, wodurch das Buch l\u00e4nger verwendet werden kann.<\/p>\n<\/div>\n<\/div>\n<\/div>\n<\/div>\n<\/div>\n<\/section>","protected":false},"excerpt":{"rendered":"<p>Die Form von Kopf und Hals erkl\u00e4rt nicht nur die Anatomie, sondern auch die Beziehung zwischen Anatomie und Form. Mit farbcodiertem 3D und Live-Referenzen.<\/p>","protected":false},"featured_media":78393,"template":"","meta":{"_mo_disable_npp":""},"product_brand":[],"product_cat":[47,27,52,50,48],"product_tag":[239,236,53,51,49],"class_list":{"0":"post-73928","1":"product","2":"type-product","3":"status-publish","4":"has-post-thumbnail","6":"product_cat-head-and-neck","7":"product_cat-books","8":"product_cat-hnn-ebook","9":"product_cat-hnn-hardcover","10":"product_cat-hnn-paperback","11":"product_tag-head-and-neck","12":"product_tag-hnn","13":"product_tag-hnn-ebook","14":"product_tag-hnn-hardcover","15":"product_tag-hnn-paparback","17":"first","18":"instock","19":"shipping-taxable","20":"purchasable","21":"product-type-variable"},"_links":{"self":[{"href":"https:\/\/anatomy4sculptors.com\/de\/wp-json\/wp\/v2\/product\/73928","targetHints":{"allow":["GET"]}}],"collection":[{"href":"https:\/\/anatomy4sculptors.com\/de\/wp-json\/wp\/v2\/product"}],"about":[{"href":"https:\/\/anatomy4sculptors.com\/de\/wp-json\/wp\/v2\/types\/product"}],"wp:featuredmedia":[{"embeddable":true,"href":"https:\/\/anatomy4sculptors.com\/de\/wp-json\/wp\/v2\/media\/78393"}],"wp:attachment":[{"href":"https:\/\/anatomy4sculptors.com\/de\/wp-json\/wp\/v2\/media?parent=73928"}],"wp:term":[{"taxonomy":"product_brand","embeddable":true,"href":"https:\/\/anatomy4sculptors.com\/de\/wp-json\/wp\/v2\/product_brand?post=73928"},{"taxonomy":"product_cat","embeddable":true,"href":"https:\/\/anatomy4sculptors.com\/de\/wp-json\/wp\/v2\/product_cat?post=73928"},{"taxonomy":"product_tag","embeddable":true,"href":"https:\/\/anatomy4sculptors.com\/de\/wp-json\/wp\/v2\/product_tag?post=73928"}],"curies":[{"name":"wp","href":"https:\/\/api.w.org\/{rel}","templated":true}]}}