{"id":75449,"date":"2025-07-29T10:19:39","date_gmt":"2025-07-29T07:19:39","guid":{"rendered":"https:\/\/anatomy4sculptors.com\/?post_type=product&#038;p=75449"},"modified":"2026-01-06T15:15:38","modified_gmt":"2026-01-06T13:15:38","slug":"arm-und-hand-in-bewegung","status":"publish","type":"product","link":"https:\/\/anatomy4sculptors.com\/de\/product\/arm-and-hand-in-motion\/","title":{"rendered":"Arm und Hand in Bewegung"},"content":{"rendered":"<h1>Arm und Hand in Bewegung<\/h1>\n<section class=\"elementor-section elementor-top-section elementor-element elementor-element-7bc7d190 elementor-section-content-middle elementor-section-height-full elementor-section-boxed elementor-section-height-default elementor-section-items-middle\" data-id=\"7bc7d190\" data-element_type=\"section\">\n<div class=\"elementor-container elementor-column-gap-default\">\n<div class=\"elementor-column elementor-col-33 elementor-top-column elementor-element elementor-element-618677bd\" data-id=\"618677bd\" data-element_type=\"column\">\n<div class=\"elementor-widget-wrap elementor-element-populated\">\n<div class=\"elementor-element elementor-element-2ee2bf63 elementor-widget elementor-widget-heading\" data-id=\"2ee2bf63\" data-element_type=\"widget\" data-widget_type=\"heading.default\">\n<div class=\"elementor-widget-container\">\n<p class=\"elementor-heading-title elementor-size-default\">Arme und H\u00e4nde weisen den gr\u00f6\u00dften Bewegungsspielraum aller K\u00f6rperteile auf, was eine enorme Anzahl m\u00f6glicher Positionen erm\u00f6glicht. Wir haben die Form von Armen und H\u00e4nden in allen wichtigen Posen erfasst. F\u00fcr dieses Buch haben wir ein neues Verfahren f\u00fcr 3D-Scans entwickelt, das alle Nuancen der Armform aus jedem Winkel erfasst. Ob gebeugt, gestreckt, abduziert, adduziert, supiniert, proniert oder in einer Zwischenstellung \u2013 alles ist abgedeckt!<\/p>\n<\/div>\n<\/div>\n<\/div>\n<\/div>\n<\/div>\n<\/section>","protected":false},"excerpt":{"rendered":"<p>Arme und H\u00e4nde haben von allen K\u00f6rperteilen den gr\u00f6\u00dften Bewegungsbereich, was eine enorme Anzahl m\u00f6glicher Positionen bedeutet. Wir haben die Form von Armen und H\u00e4nden in allen wichtigen Posen erfasst.<\/p>","protected":false},"featured_media":78394,"template":"","meta":{"_mo_disable_npp":""},"product_brand":[],"product_cat":[244,245,247,248],"product_tag":[240,242,243,211,241],"class_list":{"0":"post-75449","1":"product","2":"type-product","3":"status-publish","4":"has-post-thumbnail","6":"product_cat-arm-and-hand","7":"product_cat-ahm-ebook","8":"product_cat-ahm-hardcover-arm-and-hand","9":"product_cat-ahm-paperback","10":"product_tag-ahm","11":"product_tag-ahm-ebook","12":"product_tag-ahm-hardcover","13":"product_tag-ahm-paperback","14":"product_tag-arm-and-hand","16":"first","17":"instock","18":"shipping-taxable","19":"purchasable","20":"product-type-variable"},"_links":{"self":[{"href":"https:\/\/anatomy4sculptors.com\/de\/wp-json\/wp\/v2\/product\/75449","targetHints":{"allow":["GET"]}}],"collection":[{"href":"https:\/\/anatomy4sculptors.com\/de\/wp-json\/wp\/v2\/product"}],"about":[{"href":"https:\/\/anatomy4sculptors.com\/de\/wp-json\/wp\/v2\/types\/product"}],"wp:featuredmedia":[{"embeddable":true,"href":"https:\/\/anatomy4sculptors.com\/de\/wp-json\/wp\/v2\/media\/78394"}],"wp:attachment":[{"href":"https:\/\/anatomy4sculptors.com\/de\/wp-json\/wp\/v2\/media?parent=75449"}],"wp:term":[{"taxonomy":"product_brand","embeddable":true,"href":"https:\/\/anatomy4sculptors.com\/de\/wp-json\/wp\/v2\/product_brand?post=75449"},{"taxonomy":"product_cat","embeddable":true,"href":"https:\/\/anatomy4sculptors.com\/de\/wp-json\/wp\/v2\/product_cat?post=75449"},{"taxonomy":"product_tag","embeddable":true,"href":"https:\/\/anatomy4sculptors.com\/de\/wp-json\/wp\/v2\/product_tag?post=75449"}],"curies":[{"name":"wp","href":"https:\/\/api.w.org\/{rel}","templated":true}]}}