{"id":2750,"date":"2021-11-15T09:24:00","date_gmt":"2021-11-15T09:24:00","guid":{"rendered":"https:\/\/anatomy4sculptors.com\/?page_id=2750"},"modified":"2025-11-27T15:28:48","modified_gmt":"2025-11-27T13:28:48","slug":"aviso-legal","status":"publish","type":"page","link":"https:\/\/anatomy4sculptors.com\/es\/legal-notice\/","title":{"rendered":"Menciones legales"},"content":{"rendered":"<div data-elementor-type=\"wp-page\" data-elementor-id=\"2750\" class=\"elementor elementor-2750\" data-elementor-post-type=\"page\">\n\t\t\t\t<div class=\"elementor-element elementor-element-6c03e07 e-flex e-con-boxed e-con e-parent\" data-id=\"6c03e07\" data-element_type=\"container\" data-e-type=\"container\" data-settings=\"{&quot;background_background&quot;:&quot;classic&quot;}\">\n\t\t\t\t\t<div class=\"e-con-inner\">\n\t\t<div class=\"elementor-element elementor-element-bc4103b e-con-full e-flex e-con e-child\" data-id=\"bc4103b\" data-element_type=\"container\" data-e-type=\"container\" data-settings=\"{&quot;background_background&quot;:&quot;classic&quot;}\">\n\t\t\t\t<div class=\"elementor-element elementor-element-ca6d843 elementor-widget elementor-widget-spacer\" data-id=\"ca6d843\" data-element_type=\"widget\" data-e-type=\"widget\" data-widget_type=\"spacer.default\">\n\t\t\t\t<div class=\"elementor-widget-container\">\n\t\t\t\t\t\t\t<div class=\"elementor-spacer\">\n\t\t\t<div class=\"elementor-spacer-inner\"><\/div>\n\t\t<\/div>\n\t\t\t\t\t\t<\/div>\n\t\t\t\t<\/div>\n\t\t\t\t<div class=\"elementor-element elementor-element-c428896 elementor-widget elementor-widget-heading\" data-id=\"c428896\" data-element_type=\"widget\" data-e-type=\"widget\" data-widget_type=\"heading.default\">\n\t\t\t\t<div class=\"elementor-widget-container\">\n\t\t\t\t\t<h1 class=\"elementor-heading-title elementor-size-default\">Menciones legales<\/h1>\t\t\t\t<\/div>\n\t\t\t\t<\/div>\n\t\t\t\t<div class=\"elementor-element elementor-element-6325a4f elementor-widget elementor-widget-text-editor\" data-id=\"6325a4f\" data-element_type=\"widget\" data-e-type=\"widget\" data-widget_type=\"text-editor.default\">\n\t\t\t\t<div class=\"elementor-widget-container\">\n\t\t\t\t\t\t\t\t\t<p>Marca: Anatom\u00eda para escultores<\/p><p>Empresa: Anatomy Next, Inc.<\/p><p>Direcci\u00f3n: calle Eliza, 6. Beacon, Nueva York 12508, EE. UU.<\/p><p>Correo electr\u00f3nico: support@anatomy4sculptors.com<\/p><p>Anatomy For Sculptors \u00ae \u2013 marca registrada<\/p><p>Todos los derechos reservados \u00a9 2025 Anatomy Next, Inc.<\/p>\t\t\t\t\t\t\t\t<\/div>\n\t\t\t\t<\/div>\n\t\t\t\t<div class=\"elementor-element elementor-element-36e24b1 elementor-widget elementor-widget-spacer\" data-id=\"36e24b1\" data-element_type=\"widget\" data-e-type=\"widget\" data-widget_type=\"spacer.default\">\n\t\t\t\t<div class=\"elementor-widget-container\">\n\t\t\t\t\t\t\t<div class=\"elementor-spacer\">\n\t\t\t<div class=\"elementor-spacer-inner\"><\/div>\n\t\t<\/div>\n\t\t\t\t\t\t<\/div>\n\t\t\t\t<\/div>\n\t\t\t\t<div class=\"elementor-element elementor-element-f0c2df4 elementor-widget elementor-widget-heading\" data-id=\"f0c2df4\" data-element_type=\"widget\" data-e-type=\"widget\" data-widget_type=\"heading.default\">\n\t\t\t\t<div class=\"elementor-widget-container\">\n\t\t\t\t\t<h2 class=\"elementor-heading-title elementor-size-default\">Libros impresos: <\/h2>\t\t\t\t<\/div>\n\t\t\t\t<\/div>\n\t\t\t\t<div class=\"elementor-element elementor-element-f4dbea6 elementor-widget elementor-widget-text-editor\" data-id=\"f4dbea6\" data-element_type=\"widget\" data-e-type=\"widget\" data-widget_type=\"text-editor.default\">\n\t\t\t\t<div class=\"elementor-widget-container\">\n\t\t\t\t\t\t\t\t\t<p>Todos los derechos reservados: todo el contenido de esta publicaci\u00f3n tiene derechos de autor y Anatomy Next, Inc. posee los derechos de autor. No puede escanear, copiar, duplicar, reproducir, modificar, eliminar, eliminar, aumentar, agregar, publicar, transmitir, vender, revender, crear trabajos derivados ni explotar de ninguna manera el contenido de esta publicaci\u00f3n en ninguna forma por parte de ning\u00fan significa, en su totalidad o en parte, sin el permiso previo por escrito de Anatomy Next, Inc.\u00a0<\/p>\t\t\t\t\t\t\t\t<\/div>\n\t\t\t\t<\/div>\n\t\t\t\t<div class=\"elementor-element elementor-element-48fb4a9 elementor-widget elementor-widget-spacer\" data-id=\"48fb4a9\" data-element_type=\"widget\" data-e-type=\"widget\" data-widget_type=\"spacer.default\">\n\t\t\t\t<div class=\"elementor-widget-container\">\n\t\t\t\t\t\t\t<div class=\"elementor-spacer\">\n\t\t\t<div class=\"elementor-spacer-inner\"><\/div>\n\t\t<\/div>\n\t\t\t\t\t\t<\/div>\n\t\t\t\t<\/div>\n\t\t\t\t<div class=\"elementor-element elementor-element-e87a08a elementor-widget elementor-widget-heading\" data-id=\"e87a08a\" data-element_type=\"widget\" data-e-type=\"widget\" data-widget_type=\"heading.default\">\n\t\t\t\t<div class=\"elementor-widget-container\">\n\t\t\t\t\t<h2 class=\"elementor-heading-title elementor-size-default\">Libros electr\u00f3nicos:<\/h2>\t\t\t\t<\/div>\n\t\t\t\t<\/div>\n\t\t\t\t<div class=\"elementor-element elementor-element-9b868a7 elementor-widget elementor-widget-text-editor\" data-id=\"9b868a7\" data-element_type=\"widget\" data-e-type=\"widget\" data-widget_type=\"text-editor.default\">\n\t\t\t\t<div class=\"elementor-widget-container\">\n\t\t\t\t\t\t\t\t\t<p>Lea atentamente este acuerdo de licencia antes de utilizar este libro electr\u00f3nico. El uso de este libro electr\u00f3nico constituye su aceptaci\u00f3n de los t\u00e9rminos y condiciones establecidos en este Acuerdo de licencia.<\/p><p>Este trabajo est\u00e1 protegido bajo derechos de autor por Anatomy Next, Inc. para otorgar al usuario de este libro electr\u00f3nico una licencia no exclusiva e intransferible para descargar y utilizar este libro electr\u00f3nico bajo los siguientes t\u00e9rminos y condiciones:<\/p>\t\t\t\t\t\t\t\t<\/div>\n\t\t\t\t<\/div>\n\t\t\t\t<div class=\"elementor-element elementor-element-a2d705a elementor-widget elementor-widget-text-editor\" data-id=\"a2d705a\" data-element_type=\"widget\" data-e-type=\"widget\" data-widget_type=\"text-editor.default\">\n\t\t\t\t<div class=\"elementor-widget-container\">\n\t\t\t\t\t\t\t\t\t<p><strong>1.\u00a0<\/strong>Este libro electr\u00f3nico puede ser descargado y utilizado por un solo usuario. El usuario podr\u00e1 realizar una copia de seguridad de esta publicaci\u00f3n para evitar su p\u00e9rdida. El usuario no puede dar copias de esta publicaci\u00f3n a otros ni ponerla a disposici\u00f3n de otros para que la copien o la descarguen. Para obtener una licencia multiusuario, comun\u00edquese con: support@anatomy4sculptors.com<\/p>\t\t\t\t\t\t\t\t<\/div>\n\t\t\t\t<\/div>\n\t\t\t\t<div class=\"elementor-element elementor-element-013e007 elementor-widget elementor-widget-text-editor\" data-id=\"013e007\" data-element_type=\"widget\" data-e-type=\"widget\" data-widget_type=\"text-editor.default\">\n\t\t\t\t<div class=\"elementor-widget-container\">\n\t\t\t\t\t\t\t\t\t<p><strong>2.\u00a0<\/strong>Todos los derechos reservados: todo el contenido de esta publicaci\u00f3n tiene derechos de autor y Anatomy Next, Inc. posee los derechos de autor. No puede copiar, duplicar, reproducir, modificar, eliminar, eliminar, aumentar, agregar, publicar, transmitir, vender, revender, crear trabajos derivados o explotar de ninguna manera el contenido de esta publicaci\u00f3n, de ninguna forma y por ning\u00fan medio. , en su totalidad o en parte, sin el permiso previo por escrito de Anatomy Next, Inc.<\/p>\t\t\t\t\t\t\t\t<\/div>\n\t\t\t\t<\/div>\n\t\t\t\t<div class=\"elementor-element elementor-element-ba3e303 elementor-widget elementor-widget-text-editor\" data-id=\"ba3e303\" data-element_type=\"widget\" data-e-type=\"widget\" data-widget_type=\"text-editor.default\">\n\t\t\t\t<div class=\"elementor-widget-container\">\n\t\t\t\t\t\t\t\t\t<p><strong>3.\u00a0<\/strong>El usuario no puede imprimir p\u00e1ginas de este libro electr\u00f3nico o del libro electr\u00f3nico completo para uso personal o distribuci\u00f3n general, promoci\u00f3n, creaci\u00f3n de nuevas obras o reventa. Se debe obtener un permiso espec\u00edfico del editor para tales requisitos. Las solicitudes deben enviarse a support@anatomy4sculptors.com<\/p>\t\t\t\t\t\t\t\t<\/div>\n\t\t\t\t<\/div>\n\t\t\t\t<div class=\"elementor-element elementor-element-6f5067a elementor-widget elementor-widget-text-editor\" data-id=\"6f5067a\" data-element_type=\"widget\" data-e-type=\"widget\" data-widget_type=\"text-editor.default\">\n\t\t\t\t<div class=\"elementor-widget-container\">\n\t\t\t\t\t\t\t\t\t<p><strong>4.\u00a0<\/strong>El uso o distribuci\u00f3n no autorizados de contenido protegido por derechos de autor o de otro tipo es ilegal y podr\u00eda someter al comprador a da\u00f1os monetarios sustanciales. El comprador ser\u00e1 responsable de cualquier da\u00f1o resultante del mal uso de esta publicaci\u00f3n o de cualquier violaci\u00f3n de este Acuerdo de licencia, incluida cualquier infracci\u00f3n de derechos de autor o derechos de propiedad.\u00a0<\/p>\t\t\t\t\t\t\t\t<\/div>\n\t\t\t\t<\/div>\n\t\t\t\t<div class=\"elementor-element elementor-element-e4d8126 elementor-widget elementor-widget-text-editor\" data-id=\"e4d8126\" data-element_type=\"widget\" data-e-type=\"widget\" data-widget_type=\"text-editor.default\">\n\t\t\t\t<div class=\"elementor-widget-container\">\n\t\t\t\t\t\t\t\t\t<p>Descargo de responsabilidad de la garant\u00eda: El editor no garantiza que la informaci\u00f3n de esta publicaci\u00f3n est\u00e9 libre de errores ni que satisfaga los requisitos de los usuarios, ni que el funcionamiento de la publicaci\u00f3n sea ininterrumpido o libre de errores. La publicaci\u00f3n se proporciona &quot;tal cual&quot;, sin garant\u00eda de ning\u00fan tipo, ya sea expresa, impl\u00edcita o legal, incluidas, entre otras, las garant\u00edas impl\u00edcitas de comerciabilidad e idoneidad para un fin determinado. El usuario asume todo el riesgo en cuanto a los resultados y el rendimiento de esta publicaci\u00f3n. En ning\u00fan caso, el editor ser\u00e1 responsable de ning\u00fan da\u00f1o, incluidos, entre otros, los da\u00f1os incidentales y consecuentes, y los da\u00f1os por p\u00e9rdida de datos o beneficios derivados del uso o la imposibilidad de usar la publicaci\u00f3n. La responsabilidad total del editor se limitar\u00e1 al importe efectivamente pagado por el usuario por el libro electr\u00f3nico o el contrato de licencia del libro electr\u00f3nico.<\/p>\t\t\t\t\t\t\t\t<\/div>\n\t\t\t\t<\/div>\n\t\t\t\t<div class=\"elementor-element elementor-element-e2651ad elementor-widget elementor-widget-text-editor\" data-id=\"e2651ad\" data-element_type=\"widget\" data-e-type=\"widget\" data-widget_type=\"text-editor.default\">\n\t\t\t\t<div class=\"elementor-widget-container\">\n\t\t\t\t\t\t\t\t\t<p>Aviso legal del eBook: Anatomy Next, Inc., su personal o los miembros de la junta directiva no se responsabilizan por lesiones o da\u00f1os a personas o bienes causados por responsabilidad del producto, negligencia u otros motivos, ni por el uso o funcionamiento de los m\u00e9todos o ideas contenidos en la publicaci\u00f3n adquirida o le\u00edda por el\/los usuario(s). Cualquier disputa se regir\u00e1 exclusivamente por las leyes de EE. UU.<\/p>\t\t\t\t\t\t\t\t<\/div>\n\t\t\t\t<\/div>\n\t\t\t\t<div class=\"elementor-element elementor-element-4d49189 elementor-widget elementor-widget-spacer\" data-id=\"4d49189\" data-element_type=\"widget\" data-e-type=\"widget\" data-widget_type=\"spacer.default\">\n\t\t\t\t<div class=\"elementor-widget-container\">\n\t\t\t\t\t\t\t<div class=\"elementor-spacer\">\n\t\t\t<div class=\"elementor-spacer-inner\"><\/div>\n\t\t<\/div>\n\t\t\t\t\t\t<\/div>\n\t\t\t\t<\/div>\n\t\t\t\t<\/div>\n\t\t\t\t\t<\/div>\n\t\t\t\t<\/div>\n\t\t\t\t<\/div>","protected":false},"excerpt":{"rendered":"<p>Legal notice Brand: Anatomy For Sculptors Company: Anatomy Next, Inc. Address: 6 Eliza Street. Beacon, NY 12508, USA Email: support@anatomy4sculptors.com Anatomy For Sculptors \u00ae &#8211; trademark registered All rights reserved \u00a9 2025 Anatomy Next, Inc. Printed books: All rights reserved: All content in this publication is copyrighted, and Anatomy Next, Inc. owns the copyright. You [&hellip;]<\/p>\n","protected":false},"author":1,"featured_media":0,"parent":0,"menu_order":0,"comment_status":"closed","ping_status":"closed","template":"elementor_header_footer","meta":{"_mo_disable_npp":"","footnotes":""},"class_list":["post-2750","page","type-page","status-publish","hentry"],"_links":{"self":[{"href":"https:\/\/anatomy4sculptors.com\/es\/wp-json\/wp\/v2\/pages\/2750","targetHints":{"allow":["GET"]}}],"collection":[{"href":"https:\/\/anatomy4sculptors.com\/es\/wp-json\/wp\/v2\/pages"}],"about":[{"href":"https:\/\/anatomy4sculptors.com\/es\/wp-json\/wp\/v2\/types\/page"}],"author":[{"embeddable":true,"href":"https:\/\/anatomy4sculptors.com\/es\/wp-json\/wp\/v2\/users\/1"}],"replies":[{"embeddable":true,"href":"https:\/\/anatomy4sculptors.com\/es\/wp-json\/wp\/v2\/comments?post=2750"}],"version-history":[{"count":6,"href":"https:\/\/anatomy4sculptors.com\/es\/wp-json\/wp\/v2\/pages\/2750\/revisions"}],"predecessor-version":[{"id":80853,"href":"https:\/\/anatomy4sculptors.com\/es\/wp-json\/wp\/v2\/pages\/2750\/revisions\/80853"}],"wp:attachment":[{"href":"https:\/\/anatomy4sculptors.com\/es\/wp-json\/wp\/v2\/media?parent=2750"}],"curies":[{"name":"gracias","href":"https:\/\/api.w.org\/{rel}","templated":true}]}}