{"id":2786,"date":"2021-11-15T09:52:50","date_gmt":"2021-11-15T09:52:50","guid":{"rendered":"https:\/\/anatomy4sculptors.com\/?page_id=2786"},"modified":"2024-02-07T13:54:31","modified_gmt":"2024-02-07T10:54:31","slug":"politica-de-envio","status":"publish","type":"page","link":"https:\/\/anatomy4sculptors.com\/es\/shipping-policy\/","title":{"rendered":"Pol\u00edtica de env\u00edos"},"content":{"rendered":"<div data-elementor-type=\"wp-page\" data-elementor-id=\"2786\" class=\"elementor elementor-2786\" data-elementor-post-type=\"page\">\n\t\t\t\t<div class=\"elementor-element elementor-element-06e87d4 e-flex e-con-boxed e-con e-parent\" data-id=\"06e87d4\" data-element_type=\"container\" data-e-type=\"container\" data-settings=\"{&quot;background_background&quot;:&quot;classic&quot;}\">\n\t\t\t\t\t<div class=\"e-con-inner\">\n\t\t<div class=\"elementor-element elementor-element-cda8c34 e-con-full e-flex e-con e-child\" data-id=\"cda8c34\" data-element_type=\"container\" data-e-type=\"container\" data-settings=\"{&quot;background_background&quot;:&quot;classic&quot;}\">\n\t\t\t\t<div class=\"elementor-element elementor-element-7af47d6 elementor-widget elementor-widget-spacer\" data-id=\"7af47d6\" data-element_type=\"widget\" data-e-type=\"widget\" data-widget_type=\"spacer.default\">\n\t\t\t\t<div class=\"elementor-widget-container\">\n\t\t\t\t\t\t\t<div class=\"elementor-spacer\">\n\t\t\t<div class=\"elementor-spacer-inner\"><\/div>\n\t\t<\/div>\n\t\t\t\t\t\t<\/div>\n\t\t\t\t<\/div>\n\t\t\t\t<div class=\"elementor-element elementor-element-20a51f2 elementor-widget elementor-widget-heading\" data-id=\"20a51f2\" data-element_type=\"widget\" data-e-type=\"widget\" data-widget_type=\"heading.default\">\n\t\t\t\t<div class=\"elementor-widget-container\">\n\t\t\t\t\t<h1 class=\"elementor-heading-title elementor-size-default\">Pol\u00edtica de env\u00edos<\/h1>\t\t\t\t<\/div>\n\t\t\t\t<\/div>\n\t\t\t\t<div class=\"elementor-element elementor-element-be1d6bc elementor-widget elementor-widget-text-editor\" data-id=\"be1d6bc\" data-element_type=\"widget\" data-e-type=\"widget\" data-widget_type=\"text-editor.default\">\n\t\t\t\t<div class=\"elementor-widget-container\">\n\t\t\t\t\t\t\t\t\t<p>Esta pol\u00edtica de env\u00edo describe la informaci\u00f3n m\u00e1s importante sobre el env\u00edo cuando se realiza un pedido en este sitio: anatomy4sculptors.com<\/p>\t\t\t\t\t\t\t\t<\/div>\n\t\t\t\t<\/div>\n\t\t\t\t<div class=\"elementor-element elementor-element-78996dc elementor-widget elementor-widget-spacer\" data-id=\"78996dc\" data-element_type=\"widget\" data-e-type=\"widget\" data-widget_type=\"spacer.default\">\n\t\t\t\t<div class=\"elementor-widget-container\">\n\t\t\t\t\t\t\t<div class=\"elementor-spacer\">\n\t\t\t<div class=\"elementor-spacer-inner\"><\/div>\n\t\t<\/div>\n\t\t\t\t\t\t<\/div>\n\t\t\t\t<\/div>\n\t\t\t\t<div class=\"elementor-element elementor-element-d1faec2 elementor-widget elementor-widget-heading\" data-id=\"d1faec2\" data-element_type=\"widget\" data-e-type=\"widget\" data-widget_type=\"heading.default\">\n\t\t\t\t<div class=\"elementor-widget-container\">\n\t\t\t\t\t<h2 class=\"elementor-heading-title elementor-size-default\">Confirmaci\u00f3n de compra<\/h2>\t\t\t\t<\/div>\n\t\t\t\t<\/div>\n\t\t\t\t<div class=\"elementor-element elementor-element-aa2f4e0 elementor-widget elementor-widget-text-editor\" data-id=\"aa2f4e0\" data-element_type=\"widget\" data-e-type=\"widget\" data-widget_type=\"text-editor.default\">\n\t\t\t\t<div class=\"elementor-widget-container\">\n\t\t\t\t\t\t\t\t\t<p>Despu\u00e9s de un pago exitoso, el cliente recibe un correo electr\u00f3nico de confirmaci\u00f3n del pedido en la direcci\u00f3n de correo electr\u00f3nico proporcionada. Todos los pedidos normalmente se procesan dentro de 2 a 3 d\u00edas h\u00e1biles (excluidos fines de semana y d\u00edas festivos) despu\u00e9s de recibir este correo electr\u00f3nico de confirmaci\u00f3n.<\/p><p>El cliente recibir\u00e1 otra notificaci\u00f3n cuando el pedido haya sido enviado. Este correo electr\u00f3nico contiene un n\u00famero de seguimiento e informaci\u00f3n sobre la informaci\u00f3n de env\u00edo proporcionada por el cliente y el m\u00e9todo de entrega.<\/p>\t\t\t\t\t\t\t\t<\/div>\n\t\t\t\t<\/div>\n\t\t\t\t<div class=\"elementor-element elementor-element-606c9e3 elementor-widget elementor-widget-heading\" data-id=\"606c9e3\" data-element_type=\"widget\" data-e-type=\"widget\" data-widget_type=\"heading.default\">\n\t\t\t\t<div class=\"elementor-widget-container\">\n\t\t\t\t\t<h2 class=\"elementor-heading-title elementor-size-default\">Precios de env\u00edo<\/h2>\t\t\t\t<\/div>\n\t\t\t\t<\/div>\n\t\t\t\t<div class=\"elementor-element elementor-element-f7037e7 elementor-widget elementor-widget-text-editor\" data-id=\"f7037e7\" data-element_type=\"widget\" data-e-type=\"widget\" data-widget_type=\"text-editor.default\">\n\t\t\t\t<div class=\"elementor-widget-container\">\n\t\t\t\t\t\t\t\t\t<p>Utilizando m\u00faltiples socios de entrega, enviamos nuestros productos a cualquier parte del mundo. Los gastos de env\u00edo de su pedido se calcular\u00e1n y se mostrar\u00e1n al finalizar la compra.<\/p><p>El precio depende del peso del producto, la cantidad de paquetes individuales necesarios para el pedido, el destino de env\u00edo y el m\u00e9todo de entrega.<\/p><p>La forma m\u00e1s r\u00e1pida de obtener una estimaci\u00f3n precisa del precio de env\u00edo es armar el carrito que desea e ingresar su direcci\u00f3n de env\u00edo al finalizar la compra. Se le presentar\u00e1n m\u00faltiples m\u00e9todos de entrega con los precios indicados al lado de ellos.<\/p><p>Las compa\u00f1\u00edas navieras calculan el precio del env\u00edo y no depende directamente del vendedor.<\/p>\t\t\t\t\t\t\t\t<\/div>\n\t\t\t\t<\/div>\n\t\t\t\t<div class=\"elementor-element elementor-element-391d7f5 elementor-widget elementor-widget-heading\" data-id=\"391d7f5\" data-element_type=\"widget\" data-e-type=\"widget\" data-widget_type=\"heading.default\">\n\t\t\t\t<div class=\"elementor-widget-container\">\n\t\t\t\t\t<h2 class=\"elementor-heading-title elementor-size-default\">El tiempo de entrega<\/h2>\t\t\t\t<\/div>\n\t\t\t\t<\/div>\n\t\t\t\t<div class=\"elementor-element elementor-element-3e825fe elementor-widget elementor-widget-text-editor\" data-id=\"3e825fe\" data-element_type=\"widget\" data-e-type=\"widget\" data-widget_type=\"text-editor.default\">\n\t\t\t\t<div class=\"elementor-widget-container\">\n\t\t\t\t\t\t\t\t\tEl tiempo de entrega se basa en el destino de env\u00edo y el m\u00e9todo de env\u00edo que haya elegido al finalizar la compra.\n<ul> <br>\n \t<li>Env\u00edo est\u00e1ndar: el tiempo de entrega es de hasta 14 d\u00edas en EE. UU. y Canad\u00e1, 30 d\u00edas en Europa y 60 d\u00edas en el resto del mundo. El env\u00edo est\u00e1ndar se garantiza a trav\u00e9s de un sistema de correo global.<\/li> <br>\n \t<li>Env\u00edo expr\u00e9s: hasta 7 d\u00edas en EE. UU. y Canad\u00e1 y hasta 14 d\u00edas en el resto del mundo. El env\u00edo expr\u00e9s te ofrece el menor tiempo de env\u00edo posible y lo realizan empresas de log\u00edstica privadas. El env\u00edo expr\u00e9s se aplica autom\u00e1ticamente para pedidos superiores a 200 USD.<\/li>\n<\/ul>\t\t\t\t\t\t\t\t<\/div>\n\t\t\t\t<\/div>\n\t\t\t\t<div class=\"elementor-element elementor-element-54711aa elementor-widget elementor-widget-heading\" data-id=\"54711aa\" data-element_type=\"widget\" data-e-type=\"widget\" data-widget_type=\"heading.default\">\n\t\t\t\t<div class=\"elementor-widget-container\">\n\t\t\t\t\t<h2 class=\"elementor-heading-title elementor-size-default\">Proceso de entrega<\/h2>\t\t\t\t<\/div>\n\t\t\t\t<\/div>\n\t\t\t\t<div class=\"elementor-element elementor-element-93a899f elementor-widget elementor-widget-text-editor\" data-id=\"93a899f\" data-element_type=\"widget\" data-e-type=\"widget\" data-widget_type=\"text-editor.default\">\n\t\t\t\t<div class=\"elementor-widget-container\">\n\t\t\t\t\t\t\t\t\t<p>Cuando su pedido haya sido enviado, recibir\u00e1 una notificaci\u00f3n por correo electr\u00f3nico de nuestra parte, incluido un n\u00famero de seguimiento que puede utilizar para verificar su estado.<\/p><p>Dependiendo del socio de entrega, las entregas se realizan durante el horario comercial est\u00e1ndar en d\u00edas h\u00e1biles. Nuestro socio de entrega local normalmente se comunicar\u00e1 con usted a trav\u00e9s de los datos de contacto que proporcion\u00f3 al finalizar la compra para notificarle el d\u00eda de su llegada.<\/p><p>Tenga en cuenta que confiamos en nuestros socios de entrega. Si la compra est\u00e1 marcada como \u201centregada\u201d en nuestro sistema, no asumimos ninguna responsabilidad si los clientes no reciben un producto por estar ausentes, por elegir un m\u00e9todo de entrega no seguro (por ejemplo, agentes de entrega externos, buz\u00f3n roto o similar). o proporcionarnos informaci\u00f3n de entrega inexacta. En tales casos, lamentablemente, los reembolsos ser\u00e1n imposibles.<\/p><p>En todos los dem\u00e1s casos, cualquier producto perdido en tr\u00e1nsito se reenviar\u00e1 sin que el cliente tenga que cubrir los costos de env\u00edo.<\/p><p>Su pedido puede estar sujeto a derechos e impuestos de importaci\u00f3n (incluido el IVA) incurridos una vez que el env\u00edo llega a su pa\u00eds de destino. Anatomy Next, Inc. no es responsable de estos cargos si se aplican; son su responsabilidad como cliente.<\/p><p>Anatomy Next, Inc. no asume ninguna responsabilidad en caso de posibles retrasos fuera de nuestro control, como problemas con el servicio postal o un n\u00famero extremadamente elevado de pedidos.\u00a0<\/p><p>Si no ha recibido su pedido dentro de los 30 d\u00edas posteriores a la recepci\u00f3n del correo electr\u00f3nico de confirmaci\u00f3n de env\u00edo, cont\u00e1ctenos en <a href=\"mailto:support@anatomy4sculptors.com\">support@anatomy4sculptors.com<\/a> con su nombre y n\u00famero de pedido, y lo investigaremos por usted.<\/p><p>Si no ha recogido su pedido en la direcci\u00f3n de entrega dentro del plazo indicado en su albar\u00e1n de entrega del agente de entrega local, el pedido podr\u00e1 cancelarse autom\u00e1ticamente sin realizar reembolsos.<\/p><p>Si tiene m\u00e1s preguntas, no dude en contactarnos en <a href=\"mailto:support@anatomy4sculptors.com\">support@anatomy4sculptors.com<\/a><\/p>\t\t\t\t\t\t\t\t<\/div>\n\t\t\t\t<\/div>\n\t\t\t\t<div class=\"elementor-element elementor-element-b910c4f elementor-widget elementor-widget-spacer\" data-id=\"b910c4f\" data-element_type=\"widget\" data-e-type=\"widget\" data-widget_type=\"spacer.default\">\n\t\t\t\t<div class=\"elementor-widget-container\">\n\t\t\t\t\t\t\t<div class=\"elementor-spacer\">\n\t\t\t<div class=\"elementor-spacer-inner\"><\/div>\n\t\t<\/div>\n\t\t\t\t\t\t<\/div>\n\t\t\t\t<\/div>\n\t\t\t\t<\/div>\n\t\t\t\t\t<\/div>\n\t\t\t\t<\/div>\n\t\t\t\t<\/div>","protected":false},"excerpt":{"rendered":"<p>Shipping policy This Shipping policy outlines the most important information about shipping when an order is placed on this site &#8211; anatomy4sculptors.com Purchase confirmation After a successful checkout, the customer receives an order confirmation email to their provided email address. All orders are typically processed within 2 to 3 business days (excluding weekends and holidays) [&hellip;]<\/p>\n","protected":false},"author":1,"featured_media":0,"parent":0,"menu_order":0,"comment_status":"closed","ping_status":"closed","template":"elementor_header_footer","meta":{"_mo_disable_npp":"","footnotes":""},"class_list":["post-2786","page","type-page","status-publish","hentry"],"_links":{"self":[{"href":"https:\/\/anatomy4sculptors.com\/es\/wp-json\/wp\/v2\/pages\/2786","targetHints":{"allow":["GET"]}}],"collection":[{"href":"https:\/\/anatomy4sculptors.com\/es\/wp-json\/wp\/v2\/pages"}],"about":[{"href":"https:\/\/anatomy4sculptors.com\/es\/wp-json\/wp\/v2\/types\/page"}],"author":[{"embeddable":true,"href":"https:\/\/anatomy4sculptors.com\/es\/wp-json\/wp\/v2\/users\/1"}],"replies":[{"embeddable":true,"href":"https:\/\/anatomy4sculptors.com\/es\/wp-json\/wp\/v2\/comments?post=2786"}],"version-history":[{"count":0,"href":"https:\/\/anatomy4sculptors.com\/es\/wp-json\/wp\/v2\/pages\/2786\/revisions"}],"wp:attachment":[{"href":"https:\/\/anatomy4sculptors.com\/es\/wp-json\/wp\/v2\/media?parent=2786"}],"curies":[{"name":"gracias","href":"https:\/\/api.w.org\/{rel}","templated":true}]}}