{"id":57942,"date":"2024-06-03T16:56:49","date_gmt":"2024-06-03T13:56:49","guid":{"rendered":"https:\/\/anatomy4sculptors.com\/?page_id=57942"},"modified":"2024-06-04T12:08:46","modified_gmt":"2024-06-04T09:08:46","slug":"idiomas","status":"publish","type":"page","link":"https:\/\/anatomy4sculptors.com\/es\/languages\/","title":{"rendered":"Idiomas"},"content":{"rendered":"<div data-elementor-type=\"wp-page\" data-elementor-id=\"57942\" class=\"elementor elementor-57942\" data-elementor-post-type=\"page\">\n\t\t\t\t<div class=\"elementor-element elementor-element-1c9a4e06 e-flex e-con-boxed e-con e-parent\" data-id=\"1c9a4e06\" data-element_type=\"container\" data-e-type=\"container\">\n\t\t\t\t\t<div class=\"e-con-inner\">\n\t\t\t\t<div class=\"elementor-element elementor-element-91a343d elementor-widget elementor-widget-spacer\" data-id=\"91a343d\" data-element_type=\"widget\" data-e-type=\"widget\" data-widget_type=\"spacer.default\">\n\t\t\t\t<div class=\"elementor-widget-container\">\n\t\t\t\t\t\t\t<div class=\"elementor-spacer\">\n\t\t\t<div class=\"elementor-spacer-inner\"><\/div>\n\t\t<\/div>\n\t\t\t\t\t\t<\/div>\n\t\t\t\t<\/div>\n\t\t\t\t<div class=\"elementor-element elementor-element-5054fee6 elementor-widget elementor-widget-heading\" data-id=\"5054fee6\" data-element_type=\"widget\" data-e-type=\"widget\" data-widget_type=\"heading.default\">\n\t\t\t\t<div class=\"elementor-widget-container\">\n\t\t\t\t\t<h3 class=\"elementor-heading-title elementor-size-default\">Los libros est\u00e1n disponibles en varios <i> idiomas <\/i><\/h3>\t\t\t\t<\/div>\n\t\t\t\t<\/div>\n\t\t\t\t<div class=\"elementor-element elementor-element-6acecdf8 elementor-widget elementor-widget-spacer\" data-id=\"6acecdf8\" data-element_type=\"widget\" data-e-type=\"widget\" data-widget_type=\"spacer.default\">\n\t\t\t\t<div class=\"elementor-widget-container\">\n\t\t\t\t\t\t\t<div class=\"elementor-spacer\">\n\t\t\t<div class=\"elementor-spacer-inner\"><\/div>\n\t\t<\/div>\n\t\t\t\t\t\t<\/div>\n\t\t\t\t<\/div>\n\t\t\t\t\t<\/div>\n\t\t\t\t<\/div>\n\t\t<div class=\"elementor-element elementor-element-7b56c4a3 e-flex e-con-boxed e-con e-parent\" data-id=\"7b56c4a3\" data-element_type=\"container\" data-e-type=\"container\">\n\t\t\t\t\t<div class=\"e-con-inner\">\n\t\t<div class=\"elementor-element elementor-element-7434f69d e-con-full e-flex e-con e-child\" data-id=\"7434f69d\" data-element_type=\"container\" data-e-type=\"container\">\n\t\t\t\t<div class=\"elementor-element elementor-element-cafbdf5 elementor-widget elementor-widget-image\" data-id=\"cafbdf5\" data-element_type=\"widget\" data-e-type=\"widget\" data-widget_type=\"image.default\">\n\t\t\t\t<div class=\"elementor-widget-container\">\n\t\t\t\t\t\t\t\t\t\t\t\t\t\t\t\t<a href=\"https:\/\/anatomy4sculptors.com\/es\/comercio\/\">\n\t\t\t\t\t\t\t<img fetchpriority=\"high\" decoding=\"async\" width=\"758\" height=\"1000\" src=\"https:\/\/assets.anatomy4sculptors.com\/2024\/06\/anatomy-for-sculptors-books-english.jpg\" class=\"elementor-animation-float attachment-full size-full wp-image-57905\" alt=\"\" srcset=\"https:\/\/assets.anatomy4sculptors.com\/2024\/06\/anatomy-for-sculptors-books-english.jpg 758w, https:\/\/assets.anatomy4sculptors.com\/2024\/06\/anatomy-for-sculptors-books-english-300x396.jpg 300w, https:\/\/assets.anatomy4sculptors.com\/2024\/06\/anatomy-for-sculptors-books-english-600x792.jpg 600w, https:\/\/assets.anatomy4sculptors.com\/2024\/06\/anatomy-for-sculptors-books-english-227x300.jpg 227w\" sizes=\"(max-width: 758px) 100vw, 758px\" title=\"\">\t\t\t\t\t\t\t\t<\/a>\n\t\t\t\t\t\t\t\t\t\t\t\t\t\t\t<\/div>\n\t\t\t\t<\/div>\n\t\t\t\t<div class=\"elementor-element elementor-element-14b86d02 elementor-widget elementor-widget-button\" data-id=\"14b86d02\" data-element_type=\"widget\" data-e-type=\"widget\" data-widget_type=\"button.default\">\n\t\t\t\t<div class=\"elementor-widget-container\">\n\t\t\t\t\t\t\t\t\t<div class=\"elementor-button-wrapper\">\n\t\t\t\t\t<a class=\"elementor-button elementor-button-link elementor-size-sm elementor-animation-shrink\" href=\"https:\/\/anatomy4sculptors.com\/es\/frances\/\">\n\t\t\t\t\t\t<span class=\"elementor-button-content-wrapper\">\n\t\t\t\t\t\t\t\t\t<span class=\"elementor-button-text\">Ingl\u00e9s<\/span>\n\t\t\t\t\t<\/span>\n\t\t\t\t\t<\/a>\n\t\t\t\t<\/div>\n\t\t\t\t\t\t\t\t<\/div>\n\t\t\t\t<\/div>\n\t\t\t\t<div class=\"elementor-element elementor-element-2c7cb5e9 elementor-widget elementor-widget-spacer\" data-id=\"2c7cb5e9\" data-element_type=\"widget\" data-e-type=\"widget\" data-widget_type=\"spacer.default\">\n\t\t\t\t<div class=\"elementor-widget-container\">\n\t\t\t\t\t\t\t<div class=\"elementor-spacer\">\n\t\t\t<div class=\"elementor-spacer-inner\"><\/div>\n\t\t<\/div>\n\t\t\t\t\t\t<\/div>\n\t\t\t\t<\/div>\n\t\t\t\t<\/div>\n\t\t<div class=\"elementor-element elementor-element-d528662 e-con-full e-flex e-con e-child\" data-id=\"d528662\" data-element_type=\"container\" data-e-type=\"container\">\n\t\t\t\t<div class=\"elementor-element elementor-element-c6c57ec elementor-widget elementor-widget-image\" data-id=\"c6c57ec\" data-element_type=\"widget\" data-e-type=\"widget\" data-widget_type=\"image.default\">\n\t\t\t\t<div class=\"elementor-widget-container\">\n\t\t\t\t\t\t\t\t\t\t\t\t\t\t\t\t<a href=\"https:\/\/anatomy4sculptors.com\/es\/frances\/\">\n\t\t\t\t\t\t\t<img decoding=\"async\" width=\"758\" height=\"1000\" src=\"https:\/\/assets.anatomy4sculptors.com\/2024\/06\/anatomy-for-sculptors-books-french.jpg\" class=\"elementor-animation-float attachment-full size-full wp-image-57906\" alt=\"\" srcset=\"https:\/\/assets.anatomy4sculptors.com\/2024\/06\/anatomy-for-sculptors-books-french.jpg 758w, https:\/\/assets.anatomy4sculptors.com\/2024\/06\/anatomy-for-sculptors-books-french-300x396.jpg 300w, https:\/\/assets.anatomy4sculptors.com\/2024\/06\/anatomy-for-sculptors-books-french-600x792.jpg 600w, https:\/\/assets.anatomy4sculptors.com\/2024\/06\/anatomy-for-sculptors-books-french-227x300.jpg 227w\" sizes=\"(max-width: 758px) 100vw, 758px\" title=\"\">\t\t\t\t\t\t\t\t<\/a>\n\t\t\t\t\t\t\t\t\t\t\t\t\t\t\t<\/div>\n\t\t\t\t<\/div>\n\t\t\t\t<div class=\"elementor-element elementor-element-126dfa0 elementor-widget elementor-widget-button\" data-id=\"126dfa0\" data-element_type=\"widget\" data-e-type=\"widget\" data-widget_type=\"button.default\">\n\t\t\t\t<div class=\"elementor-widget-container\">\n\t\t\t\t\t\t\t\t\t<div class=\"elementor-button-wrapper\">\n\t\t\t\t\t<a class=\"elementor-button elementor-button-link elementor-size-sm elementor-animation-shrink\" href=\"https:\/\/anatomy4sculptors.com\/es\/frances\/\">\n\t\t\t\t\t\t<span class=\"elementor-button-content-wrapper\">\n\t\t\t\t\t\t\t\t\t<span class=\"elementor-button-text\">Franc\u00e9s<\/span>\n\t\t\t\t\t<\/span>\n\t\t\t\t\t<\/a>\n\t\t\t\t<\/div>\n\t\t\t\t\t\t\t\t<\/div>\n\t\t\t\t<\/div>\n\t\t\t\t<div class=\"elementor-element elementor-element-f3419a4 elementor-widget elementor-widget-spacer\" data-id=\"f3419a4\" data-element_type=\"widget\" data-e-type=\"widget\" data-widget_type=\"spacer.default\">\n\t\t\t\t<div class=\"elementor-widget-container\">\n\t\t\t\t\t\t\t<div class=\"elementor-spacer\">\n\t\t\t<div class=\"elementor-spacer-inner\"><\/div>\n\t\t<\/div>\n\t\t\t\t\t\t<\/div>\n\t\t\t\t<\/div>\n\t\t\t\t<\/div>\n\t\t<div class=\"elementor-element elementor-element-36602736 e-con-full e-flex e-con e-child\" data-id=\"36602736\" data-element_type=\"container\" data-e-type=\"container\">\n\t\t\t\t<div class=\"elementor-element elementor-element-6cd68c5 elementor-widget elementor-widget-image\" data-id=\"6cd68c5\" data-element_type=\"widget\" data-e-type=\"widget\" data-widget_type=\"image.default\">\n\t\t\t\t<div class=\"elementor-widget-container\">\n\t\t\t\t\t\t\t\t\t\t\t\t\t\t\t\t<a href=\"https:\/\/anatomy4sculptors.com\/es\/espanol-2\/\">\n\t\t\t\t\t\t\t<img decoding=\"async\" width=\"758\" height=\"1000\" src=\"https:\/\/assets.anatomy4sculptors.com\/2024\/06\/anatomy-for-sculptors-books-spanish.jpg\" class=\"elementor-animation-float attachment-full size-full wp-image-57907\" alt=\"\" srcset=\"https:\/\/assets.anatomy4sculptors.com\/2024\/06\/anatomy-for-sculptors-books-spanish.jpg 758w, https:\/\/assets.anatomy4sculptors.com\/2024\/06\/anatomy-for-sculptors-books-spanish-300x396.jpg 300w, https:\/\/assets.anatomy4sculptors.com\/2024\/06\/anatomy-for-sculptors-books-spanish-600x792.jpg 600w, https:\/\/assets.anatomy4sculptors.com\/2024\/06\/anatomy-for-sculptors-books-spanish-227x300.jpg 227w\" sizes=\"(max-width: 758px) 100vw, 758px\" title=\"\">\t\t\t\t\t\t\t\t<\/a>\n\t\t\t\t\t\t\t\t\t\t\t\t\t\t\t<\/div>\n\t\t\t\t<\/div>\n\t\t\t\t<div class=\"elementor-element elementor-element-560651ad elementor-widget elementor-widget-button\" data-id=\"560651ad\" data-element_type=\"widget\" data-e-type=\"widget\" data-widget_type=\"button.default\">\n\t\t\t\t<div class=\"elementor-widget-container\">\n\t\t\t\t\t\t\t\t\t<div class=\"elementor-button-wrapper\">\n\t\t\t\t\t<a class=\"elementor-button elementor-button-link elementor-size-sm elementor-animation-shrink\" href=\"https:\/\/anatomy4sculptors.com\/es\/espanol-2\/\">\n\t\t\t\t\t\t<span class=\"elementor-button-content-wrapper\">\n\t\t\t\t\t\t\t\t\t<span class=\"elementor-button-text\">Espa\u00f1ol<\/span>\n\t\t\t\t\t<\/span>\n\t\t\t\t\t<\/a>\n\t\t\t\t<\/div>\n\t\t\t\t\t\t\t\t<\/div>\n\t\t\t\t<\/div>\n\t\t\t\t<div class=\"elementor-element elementor-element-4a997505 elementor-widget elementor-widget-spacer\" data-id=\"4a997505\" data-element_type=\"widget\" data-e-type=\"widget\" data-widget_type=\"spacer.default\">\n\t\t\t\t<div class=\"elementor-widget-container\">\n\t\t\t\t\t\t\t<div class=\"elementor-spacer\">\n\t\t\t<div class=\"elementor-spacer-inner\"><\/div>\n\t\t<\/div>\n\t\t\t\t\t\t<\/div>\n\t\t\t\t<\/div>\n\t\t\t\t<\/div>\n\t\t<div class=\"elementor-element elementor-element-6d8bde03 e-con-full e-flex e-con e-child\" data-id=\"6d8bde03\" data-element_type=\"container\" data-e-type=\"container\">\n\t\t\t\t<div class=\"elementor-element elementor-element-5a0b4316 elementor-widget elementor-widget-image\" data-id=\"5a0b4316\" data-element_type=\"widget\" data-e-type=\"widget\" data-widget_type=\"image.default\">\n\t\t\t\t<div class=\"elementor-widget-container\">\n\t\t\t\t\t\t\t\t\t\t\t\t\t\t\t\t<a href=\"https:\/\/anatomy4sculptors.com\/es\/portugues-2\/\">\n\t\t\t\t\t\t\t<img loading=\"lazy\" decoding=\"async\" width=\"758\" height=\"1000\" src=\"https:\/\/assets.anatomy4sculptors.com\/2024\/06\/anatomy-for-sculptors-books-portuguese.jpg\" class=\"elementor-animation-float attachment-full size-full wp-image-57908\" alt=\"\" srcset=\"https:\/\/assets.anatomy4sculptors.com\/2024\/06\/anatomy-for-sculptors-books-portuguese.jpg 758w, https:\/\/assets.anatomy4sculptors.com\/2024\/06\/anatomy-for-sculptors-books-portuguese-300x396.jpg 300w, https:\/\/assets.anatomy4sculptors.com\/2024\/06\/anatomy-for-sculptors-books-portuguese-600x792.jpg 600w, https:\/\/assets.anatomy4sculptors.com\/2024\/06\/anatomy-for-sculptors-books-portuguese-227x300.jpg 227w\" sizes=\"(max-width: 758px) 100vw, 758px\" title=\"\">\t\t\t\t\t\t\t\t<\/a>\n\t\t\t\t\t\t\t\t\t\t\t\t\t\t\t<\/div>\n\t\t\t\t<\/div>\n\t\t\t\t<div class=\"elementor-element elementor-element-1adf6155 elementor-widget elementor-widget-button\" data-id=\"1adf6155\" data-element_type=\"widget\" data-e-type=\"widget\" data-widget_type=\"button.default\">\n\t\t\t\t<div class=\"elementor-widget-container\">\n\t\t\t\t\t\t\t\t\t<div class=\"elementor-button-wrapper\">\n\t\t\t\t\t<a class=\"elementor-button elementor-button-link elementor-size-sm elementor-animation-shrink\" href=\"https:\/\/anatomy4sculptors.com\/es\/portugues-2\/\">\n\t\t\t\t\t\t<span class=\"elementor-button-content-wrapper\">\n\t\t\t\t\t\t\t\t\t<span class=\"elementor-button-text\">Portugu\u00e9s<\/span>\n\t\t\t\t\t<\/span>\n\t\t\t\t\t<\/a>\n\t\t\t\t<\/div>\n\t\t\t\t\t\t\t\t<\/div>\n\t\t\t\t<\/div>\n\t\t\t\t<div class=\"elementor-element elementor-element-58e0cb06 elementor-widget elementor-widget-spacer\" data-id=\"58e0cb06\" data-element_type=\"widget\" data-e-type=\"widget\" data-widget_type=\"spacer.default\">\n\t\t\t\t<div class=\"elementor-widget-container\">\n\t\t\t\t\t\t\t<div class=\"elementor-spacer\">\n\t\t\t<div class=\"elementor-spacer-inner\"><\/div>\n\t\t<\/div>\n\t\t\t\t\t\t<\/div>\n\t\t\t\t<\/div>\n\t\t\t\t<\/div>\n\t\t<div class=\"elementor-element elementor-element-9f007ba e-con-full e-flex e-con e-child\" data-id=\"9f007ba\" data-element_type=\"container\" data-e-type=\"container\">\n\t\t\t\t<div class=\"elementor-element elementor-element-1ded108 elementor-widget elementor-widget-image\" data-id=\"1ded108\" data-element_type=\"widget\" data-e-type=\"widget\" data-widget_type=\"image.default\">\n\t\t\t\t<div class=\"elementor-widget-container\">\n\t\t\t\t\t\t\t\t\t\t\t\t\t\t\t\t<a href=\"https:\/\/anatomy4sculptors.com\/es\/aleman\/\">\n\t\t\t\t\t\t\t<img loading=\"lazy\" decoding=\"async\" width=\"758\" height=\"1000\" src=\"https:\/\/assets.anatomy4sculptors.com\/2024\/06\/anatomy-for-sculptors-books-german.jpg\" class=\"elementor-animation-float attachment-full size-full wp-image-57909\" alt=\"\" srcset=\"https:\/\/assets.anatomy4sculptors.com\/2024\/06\/anatomy-for-sculptors-books-german.jpg 758w, https:\/\/assets.anatomy4sculptors.com\/2024\/06\/anatomy-for-sculptors-books-german-300x396.jpg 300w, https:\/\/assets.anatomy4sculptors.com\/2024\/06\/anatomy-for-sculptors-books-german-600x792.jpg 600w, https:\/\/assets.anatomy4sculptors.com\/2024\/06\/anatomy-for-sculptors-books-german-227x300.jpg 227w\" sizes=\"(max-width: 758px) 100vw, 758px\" title=\"\">\t\t\t\t\t\t\t\t<\/a>\n\t\t\t\t\t\t\t\t\t\t\t\t\t\t\t<\/div>\n\t\t\t\t<\/div>\n\t\t\t\t<div class=\"elementor-element elementor-element-1edc392c elementor-widget elementor-widget-button\" data-id=\"1edc392c\" data-element_type=\"widget\" data-e-type=\"widget\" data-widget_type=\"button.default\">\n\t\t\t\t<div class=\"elementor-widget-container\">\n\t\t\t\t\t\t\t\t\t<div class=\"elementor-button-wrapper\">\n\t\t\t\t\t<a class=\"elementor-button elementor-button-link elementor-size-sm elementor-animation-shrink\" href=\"https:\/\/anatomy4sculptors.com\/es\/aleman\/\">\n\t\t\t\t\t\t<span class=\"elementor-button-content-wrapper\">\n\t\t\t\t\t\t\t\t\t<span class=\"elementor-button-text\">Alem\u00e1n<\/span>\n\t\t\t\t\t<\/span>\n\t\t\t\t\t<\/a>\n\t\t\t\t<\/div>\n\t\t\t\t\t\t\t\t<\/div>\n\t\t\t\t<\/div>\n\t\t\t\t<div class=\"elementor-element elementor-element-22b790c6 elementor-widget elementor-widget-spacer\" data-id=\"22b790c6\" data-element_type=\"widget\" data-e-type=\"widget\" data-widget_type=\"spacer.default\">\n\t\t\t\t<div class=\"elementor-widget-container\">\n\t\t\t\t\t\t\t<div class=\"elementor-spacer\">\n\t\t\t<div class=\"elementor-spacer-inner\"><\/div>\n\t\t<\/div>\n\t\t\t\t\t\t<\/div>\n\t\t\t\t<\/div>\n\t\t\t\t<\/div>\n\t\t\t\t\t<\/div>\n\t\t\t\t<\/div>\n\t\t<div class=\"elementor-element elementor-element-2fb9eca7 e-flex e-con-boxed e-con e-parent\" data-id=\"2fb9eca7\" data-element_type=\"container\" data-e-type=\"container\">\n\t\t\t\t\t<div class=\"e-con-inner\">\n\t\t\t\t<div class=\"elementor-element elementor-element-3da0c735 elementor-widget elementor-widget-spacer\" data-id=\"3da0c735\" data-element_type=\"widget\" data-e-type=\"widget\" data-widget_type=\"spacer.default\">\n\t\t\t\t<div class=\"elementor-widget-container\">\n\t\t\t\t\t\t\t<div class=\"elementor-spacer\">\n\t\t\t<div class=\"elementor-spacer-inner\"><\/div>\n\t\t<\/div>\n\t\t\t\t\t\t<\/div>\n\t\t\t\t<\/div>\n\t\t\t\t\t<\/div>\n\t\t\t\t<\/div>\n\t\t\t\t<\/div>","protected":false},"excerpt":{"rendered":"<p>Los libros est\u00e1n disponibles en varios idiomas Ingl\u00e9s Franc\u00e9s Espa\u00f1ol Portugu\u00e9s Alem\u00e1n<\/p>","protected":false},"author":1,"featured_media":0,"parent":0,"menu_order":0,"comment_status":"closed","ping_status":"closed","template":"","meta":{"_mo_disable_npp":"","footnotes":""},"class_list":["post-57942","page","type-page","status-publish","hentry"],"_links":{"self":[{"href":"https:\/\/anatomy4sculptors.com\/es\/wp-json\/wp\/v2\/pages\/57942","targetHints":{"allow":["GET"]}}],"collection":[{"href":"https:\/\/anatomy4sculptors.com\/es\/wp-json\/wp\/v2\/pages"}],"about":[{"href":"https:\/\/anatomy4sculptors.com\/es\/wp-json\/wp\/v2\/types\/page"}],"author":[{"embeddable":true,"href":"https:\/\/anatomy4sculptors.com\/es\/wp-json\/wp\/v2\/users\/1"}],"replies":[{"embeddable":true,"href":"https:\/\/anatomy4sculptors.com\/es\/wp-json\/wp\/v2\/comments?post=57942"}],"version-history":[{"count":16,"href":"https:\/\/anatomy4sculptors.com\/es\/wp-json\/wp\/v2\/pages\/57942\/revisions"}],"predecessor-version":[{"id":58035,"href":"https:\/\/anatomy4sculptors.com\/es\/wp-json\/wp\/v2\/pages\/57942\/revisions\/58035"}],"wp:attachment":[{"href":"https:\/\/anatomy4sculptors.com\/es\/wp-json\/wp\/v2\/media?parent=57942"}],"curies":[{"name":"gracias","href":"https:\/\/api.w.org\/{rel}","templated":true}]}}