{"id":5890,"date":"2022-01-27T13:51:14","date_gmt":"2022-01-27T13:51:14","guid":{"rendered":"https:\/\/anatomy4sculptors.com\/?post_type=product&#038;p=5890"},"modified":"2026-01-06T15:55:51","modified_gmt":"2026-01-06T13:55:51","slug":"paquetes-de-anatomia-para-escultores","status":"publish","type":"product","link":"https:\/\/anatomy4sculptors.com\/es\/product\/anatomy-for-sculptors-bundles\/","title":{"rendered":"Anatom\u00eda para escultores paquete de libros"},"content":{"rendered":"<h1>Paquete de la serie de libros Anatomy For Sculptors (libro electr\u00f3nico, tapa blanda o tapa dura)<\/h1>\n<section class=\"elementor-section elementor-top-section elementor-element elementor-element-7bc7d190 elementor-section-content-middle elementor-section-height-full elementor-section-boxed elementor-section-height-default elementor-section-items-middle\" data-id=\"7bc7d190\" data-element_type=\"section\">\n<div class=\"elementor-container elementor-column-gap-default\">\n<div class=\"elementor-column elementor-col-33 elementor-top-column elementor-element elementor-element-618677bd\" data-id=\"618677bd\" data-element_type=\"column\">\n<div class=\"elementor-widget-wrap elementor-element-populated\">\n<div class=\"elementor-element elementor-element-2ee2bf63 elementor-widget elementor-widget-heading\" data-id=\"2ee2bf63\" data-element_type=\"widget\" data-widget_type=\"heading.default\">\n<div class=\"elementor-widget-container\">\n<p class=\"elementor-heading-title elementor-size-default\">Este paquete contiene la serie completa de libros de Anatom\u00eda para Escultores. Estos libros de anatom\u00eda utilizan im\u00e1genes de diversos \u00e1ngulos, posturas, expresiones, variaciones, etc., y te ofrecen todo lo necesario para crear figuras humanas realistas, expresiones faciales y cabeza y cuello.<\/p>\n<\/div>\n<\/div>\n<\/div>\n<\/div>\n<\/div>\n<\/section>","protected":false},"excerpt":{"rendered":"<p>Colecci\u00f3n completa de libros de Anatom\u00eda para Escultores. Todo lo necesario para figuras humanas, brazos y manos, expresiones faciales y cabeza y cuello.<\/p>","protected":false},"featured_media":78390,"template":"","meta":{"_mo_disable_npp":""},"product_brand":[],"product_cat":[27,84],"product_tag":[99,69,98],"class_list":{"0":"post-5890","1":"product","2":"type-product","3":"status-publish","4":"has-post-thumbnail","6":"product_cat-books","7":"product_cat-bundle","8":"product_tag-bundle","9":"product_tag-bundle-hardcover","10":"product_tag-bundle-paperback","12":"first","13":"instock","14":"sale","15":"shipping-taxable","16":"purchasable","17":"product-type-variable"},"_links":{"self":[{"href":"https:\/\/anatomy4sculptors.com\/es\/wp-json\/wp\/v2\/product\/5890","targetHints":{"allow":["GET"]}}],"collection":[{"href":"https:\/\/anatomy4sculptors.com\/es\/wp-json\/wp\/v2\/product"}],"about":[{"href":"https:\/\/anatomy4sculptors.com\/es\/wp-json\/wp\/v2\/types\/product"}],"wp:featuredmedia":[{"embeddable":true,"href":"https:\/\/anatomy4sculptors.com\/es\/wp-json\/wp\/v2\/media\/78390"}],"wp:attachment":[{"href":"https:\/\/anatomy4sculptors.com\/es\/wp-json\/wp\/v2\/media?parent=5890"}],"wp:term":[{"taxonomy":"product_brand","embeddable":true,"href":"https:\/\/anatomy4sculptors.com\/es\/wp-json\/wp\/v2\/product_brand?post=5890"},{"taxonomy":"product_cat","embeddable":true,"href":"https:\/\/anatomy4sculptors.com\/es\/wp-json\/wp\/v2\/product_cat?post=5890"},{"taxonomy":"product_tag","embeddable":true,"href":"https:\/\/anatomy4sculptors.com\/es\/wp-json\/wp\/v2\/product_tag?post=5890"}],"curies":[{"name":"gracias","href":"https:\/\/api.w.org\/{rel}","templated":true}]}}