{"id":73928,"date":"2025-06-18T14:39:45","date_gmt":"2025-06-18T11:39:45","guid":{"rendered":"https:\/\/anatomy4sculptors.com\/?post_type=product&#038;p=73928"},"modified":"2026-02-10T17:11:48","modified_gmt":"2026-02-10T15:11:48","slug":"forma-de-la-cabeza-y-el-cuello","status":"publish","type":"product","link":"https:\/\/anatomy4sculptors.com\/es\/product\/form-of-the-head-and-neck\/","title":{"rendered":"Forma de la cabeza y el cuello"},"content":{"rendered":"<h1>Forma de la cabeza y el cuello<\/h1>\n<section class=\"elementor-section elementor-top-section elementor-element elementor-element-7bc7d190 elementor-section-content-middle elementor-section-height-full elementor-section-boxed elementor-section-height-default elementor-section-items-middle\" data-id=\"7bc7d190\" data-element_type=\"section\">\n<div class=\"elementor-container elementor-column-gap-default\">\n<div class=\"elementor-column elementor-col-33 elementor-top-column elementor-element elementor-element-618677bd\" data-id=\"618677bd\" data-element_type=\"column\">\n<div class=\"elementor-widget-wrap elementor-element-populated\">\n<div class=\"elementor-element elementor-element-2ee2bf63 elementor-widget elementor-widget-heading\" data-id=\"2ee2bf63\" data-element_type=\"widget\" data-widget_type=\"heading.default\">\n<div class=\"elementor-widget-container\">\n<p class=\"elementor-heading-title elementor-size-default\">Los m\u00fasculos de la cara, como probablemente habr\u00e1s descubierto, no tienen casi nada que ver con la forma final del rostro. Este libro explica no s\u00f3lo la anatom\u00eda sino tambi\u00e9n la relaci\u00f3n entre anatom\u00eda y forma. C\u00f3mo la edad, el origen \u00e9tnico, el g\u00e9nero y el tipo de cuerpo afectan la forma del rostro. La tapa dura est\u00e1 encuadernada con cubiertas protectoras r\u00edgidas, lo que prolonga la vida \u00fatil del libro.<\/p>\n<\/div>\n<\/div>\n<\/div>\n<\/div>\n<\/div>\n<\/section>","protected":false},"excerpt":{"rendered":"<p>La forma de la cabeza y el cuello explica no s\u00f3lo la anatom\u00eda sino tambi\u00e9n la relaci\u00f3n entre anatom\u00eda y forma. Con c\u00f3digo de colores 3D y referencias en vivo.<\/p>","protected":false},"featured_media":78393,"template":"","meta":{"_mo_disable_npp":""},"product_brand":[],"product_cat":[47,27,52,50,48],"product_tag":[239,236,53,51,49],"class_list":{"0":"post-73928","1":"product","2":"type-product","3":"status-publish","4":"has-post-thumbnail","6":"product_cat-head-and-neck","7":"product_cat-books","8":"product_cat-hnn-ebook","9":"product_cat-hnn-hardcover","10":"product_cat-hnn-paperback","11":"product_tag-head-and-neck","12":"product_tag-hnn","13":"product_tag-hnn-ebook","14":"product_tag-hnn-hardcover","15":"product_tag-hnn-paparback","17":"first","18":"instock","19":"shipping-taxable","20":"purchasable","21":"product-type-variable"},"_links":{"self":[{"href":"https:\/\/anatomy4sculptors.com\/es\/wp-json\/wp\/v2\/product\/73928","targetHints":{"allow":["GET"]}}],"collection":[{"href":"https:\/\/anatomy4sculptors.com\/es\/wp-json\/wp\/v2\/product"}],"about":[{"href":"https:\/\/anatomy4sculptors.com\/es\/wp-json\/wp\/v2\/types\/product"}],"wp:featuredmedia":[{"embeddable":true,"href":"https:\/\/anatomy4sculptors.com\/es\/wp-json\/wp\/v2\/media\/78393"}],"wp:attachment":[{"href":"https:\/\/anatomy4sculptors.com\/es\/wp-json\/wp\/v2\/media?parent=73928"}],"wp:term":[{"taxonomy":"product_brand","embeddable":true,"href":"https:\/\/anatomy4sculptors.com\/es\/wp-json\/wp\/v2\/product_brand?post=73928"},{"taxonomy":"product_cat","embeddable":true,"href":"https:\/\/anatomy4sculptors.com\/es\/wp-json\/wp\/v2\/product_cat?post=73928"},{"taxonomy":"product_tag","embeddable":true,"href":"https:\/\/anatomy4sculptors.com\/es\/wp-json\/wp\/v2\/product_tag?post=73928"}],"curies":[{"name":"gracias","href":"https:\/\/api.w.org\/{rel}","templated":true}]}}