{"id":75409,"date":"2025-07-28T17:00:25","date_gmt":"2025-07-28T14:00:25","guid":{"rendered":"https:\/\/anatomy4sculptors.com\/?post_type=product&#038;p=75409"},"modified":"2026-02-20T16:16:06","modified_gmt":"2026-02-20T14:16:06","slug":"anatomia-de-la-expresion-facial","status":"publish","type":"product","link":"https:\/\/anatomy4sculptors.com\/es\/product\/anatomy-of-facial-expression\/","title":{"rendered":"Anatom\u00eda de la expresi\u00f3n facial"},"content":{"rendered":"<h1>Anatom\u00eda de la expresi\u00f3n facial<\/h1>\n<section class=\"elementor-section elementor-top-section elementor-element elementor-element-7bc7d190 elementor-section-content-middle elementor-section-height-full elementor-section-boxed elementor-section-height-default elementor-section-items-middle\" data-id=\"7bc7d190\" data-element_type=\"section\">\n<div class=\"elementor-container elementor-column-gap-default\">\n<div class=\"elementor-column elementor-col-33 elementor-top-column elementor-element elementor-element-618677bd\" data-id=\"618677bd\" data-element_type=\"column\">\n<div class=\"elementor-widget-wrap elementor-element-populated\">\n<div class=\"elementor-element elementor-element-2ee2bf63 elementor-widget elementor-widget-heading\" data-id=\"2ee2bf63\" data-element_type=\"widget\" data-widget_type=\"heading.default\">\n<div class=\"elementor-widget-container\">\n<p class=\"elementor-heading-title elementor-size-default\">Nuestro cuerpo puede percibir emociones en los rostros de las personas incluso antes de que las veamos conscientemente. Nuestro segundo libro se centra en los m\u00fasculos y las expresiones faciales. Explora qu\u00e9 m\u00fasculos se utilizan durante expresiones espec\u00edficas y c\u00f3mo se mueven para transmitir esas emociones. Este libro incluye modelos 3D y referencias de modelos en vivo, diagramas musculares con c\u00f3digo de colores y descripciones din\u00e1micas de movimientos para ayudarte a comprenderlos y representarlos con precisi\u00f3n.<\/p>\n<\/div>\n<\/div>\n<\/div>\n<\/div>\n<\/div>\n<\/section>","protected":false},"excerpt":{"rendered":"<p>La forma de la cabeza y el cuello explica no s\u00f3lo la anatom\u00eda sino tambi\u00e9n la relaci\u00f3n entre anatom\u00eda y forma. Con c\u00f3digo de colores 3D y referencias en vivo.<\/p>","protected":false},"featured_media":78392,"template":"","meta":{"_mo_disable_npp":""},"product_brand":[],"product_cat":[39,45,42,40,27],"product_tag":[237,46,43,41,238],"class_list":{"0":"post-75409","1":"product","2":"type-product","3":"status-publish","4":"has-post-thumbnail","6":"product_cat-facial-expression","7":"product_cat-afe-ebook","8":"product_cat-afe-hardcover","9":"product_cat-afe-paperback","10":"product_cat-books","11":"product_tag-afe","12":"product_tag-afe-ebook","13":"product_tag-afe-hardcover","14":"product_tag-afe-paparback","15":"product_tag-facial-expression","17":"first","18":"instock","19":"shipping-taxable","20":"purchasable","21":"product-type-variable"},"_links":{"self":[{"href":"https:\/\/anatomy4sculptors.com\/es\/wp-json\/wp\/v2\/product\/75409","targetHints":{"allow":["GET"]}}],"collection":[{"href":"https:\/\/anatomy4sculptors.com\/es\/wp-json\/wp\/v2\/product"}],"about":[{"href":"https:\/\/anatomy4sculptors.com\/es\/wp-json\/wp\/v2\/types\/product"}],"wp:featuredmedia":[{"embeddable":true,"href":"https:\/\/anatomy4sculptors.com\/es\/wp-json\/wp\/v2\/media\/78392"}],"wp:attachment":[{"href":"https:\/\/anatomy4sculptors.com\/es\/wp-json\/wp\/v2\/media?parent=75409"}],"wp:term":[{"taxonomy":"product_brand","embeddable":true,"href":"https:\/\/anatomy4sculptors.com\/es\/wp-json\/wp\/v2\/product_brand?post=75409"},{"taxonomy":"product_cat","embeddable":true,"href":"https:\/\/anatomy4sculptors.com\/es\/wp-json\/wp\/v2\/product_cat?post=75409"},{"taxonomy":"product_tag","embeddable":true,"href":"https:\/\/anatomy4sculptors.com\/es\/wp-json\/wp\/v2\/product_tag?post=75409"}],"curies":[{"name":"gracias","href":"https:\/\/api.w.org\/{rel}","templated":true}]}}