{"id":75436,"date":"2025-07-29T09:52:05","date_gmt":"2025-07-29T06:52:05","guid":{"rendered":"https:\/\/anatomy4sculptors.com\/?post_type=product&#038;p=75436"},"modified":"2026-01-06T15:18:37","modified_gmt":"2026-01-06T13:18:37","slug":"entender-la-figura-humana","status":"publish","type":"product","link":"https:\/\/anatomy4sculptors.com\/es\/product\/understanding-the-human-figure\/","title":{"rendered":"Comprender la figura humana"},"content":{"rendered":"<h1><strong><span data-preserver-spaces=\"true\" data-sanitized-data-preserver-spaces=\"true\">Anatom\u00eda para escultores,\u00a0<\/span><\/strong><b>Comprender<\/b><strong><span data-preserver-spaces=\"true\" data-sanitized-data-preserver-spaces=\"true\"> la figura humana<\/span><\/strong><\/h1>\n<section class=\"elementor-section elementor-top-section elementor-element elementor-element-7bc7d190 elementor-section-content-middle elementor-section-height-full elementor-section-boxed elementor-section-height-default elementor-section-items-middle\" data-id=\"7bc7d190\" data-element_type=\"section\">\n<div class=\"elementor-container elementor-column-gap-default\">\n<div class=\"elementor-column elementor-col-33 elementor-top-column elementor-element elementor-element-618677bd\" data-id=\"618677bd\" data-element_type=\"column\">\n<div class=\"elementor-widget-wrap elementor-element-populated\">\n<div class=\"elementor-element elementor-element-2ee2bf63 elementor-widget elementor-widget-heading\" data-id=\"2ee2bf63\" data-element_type=\"widget\" data-widget_type=\"heading.default\">\n<div class=\"elementor-widget-container\">\n<p class=\"elementor-heading-title elementor-size-default\"><span data-preserver-spaces=\"true\" data-sanitized-data-preserver-spaces=\"true\">\u00a1Los artistas visuales son pensadores visuales! Entonces hicimos la anatom\u00eda humana para los artistas. No quieren leer libros de texto de anatom\u00eda magn\u00edficos pero aburridos, repletos de informaci\u00f3n de nivel m\u00e9dico. En cambio, el autor hizo un libro con im\u00e1genes claras que contienen toda la informaci\u00f3n necesaria para crear una forma humana realista. Los libros de bolsillo son versiones impresas de libros que te brindan la sensaci\u00f3n de un nuevo libro f\u00edsico.<\/span><\/p>\n<\/div>\n<\/div>\n<\/div>\n<\/div>\n<\/div>\n<\/section>","protected":false},"excerpt":{"rendered":"<p>Comprender la figura humana est\u00e1 repleto de im\u00e1genes en vivo codificadas por colores y modelos 3D en diversos \u00e1ngulos y posturas. Anatom\u00eda hecha s\u00f3lo para artistas.<\/p>","protected":false},"featured_media":78391,"template":"","meta":{"_mo_disable_npp":""},"product_brand":[],"product_cat":[28,37,35,36,27],"product_tag":[234,38,34,33,235],"class_list":{"0":"post-75436","1":"product","2":"type-product","3":"status-publish","4":"has-post-thumbnail","6":"product_cat-human-figure","7":"product_cat-a4s-ebook","8":"product_cat-hardcover","9":"product_cat-a4s-paperback","10":"product_cat-books","11":"product_tag-a4s","12":"product_tag-a4s-ebook","13":"product_tag-a4s-hardcover","14":"product_tag-a4s-paparback","15":"product_tag-human-figure","17":"first","18":"instock","19":"shipping-taxable","20":"purchasable","21":"product-type-variable"},"_links":{"self":[{"href":"https:\/\/anatomy4sculptors.com\/es\/wp-json\/wp\/v2\/product\/75436","targetHints":{"allow":["GET"]}}],"collection":[{"href":"https:\/\/anatomy4sculptors.com\/es\/wp-json\/wp\/v2\/product"}],"about":[{"href":"https:\/\/anatomy4sculptors.com\/es\/wp-json\/wp\/v2\/types\/product"}],"wp:featuredmedia":[{"embeddable":true,"href":"https:\/\/anatomy4sculptors.com\/es\/wp-json\/wp\/v2\/media\/78391"}],"wp:attachment":[{"href":"https:\/\/anatomy4sculptors.com\/es\/wp-json\/wp\/v2\/media?parent=75436"}],"wp:term":[{"taxonomy":"product_brand","embeddable":true,"href":"https:\/\/anatomy4sculptors.com\/es\/wp-json\/wp\/v2\/product_brand?post=75436"},{"taxonomy":"product_cat","embeddable":true,"href":"https:\/\/anatomy4sculptors.com\/es\/wp-json\/wp\/v2\/product_cat?post=75436"},{"taxonomy":"product_tag","embeddable":true,"href":"https:\/\/anatomy4sculptors.com\/es\/wp-json\/wp\/v2\/product_tag?post=75436"}],"curies":[{"name":"gracias","href":"https:\/\/api.w.org\/{rel}","templated":true}]}}