{"id":2750,"date":"2021-11-15T09:24:00","date_gmt":"2021-11-15T09:24:00","guid":{"rendered":"https:\/\/anatomy4sculptors.com\/?page_id=2750"},"modified":"2025-11-27T15:28:48","modified_gmt":"2025-11-27T13:28:48","slug":"avis-juridique","status":"publish","type":"page","link":"https:\/\/anatomy4sculptors.com\/fr\/legal-notice\/","title":{"rendered":"Avis juridique"},"content":{"rendered":"<div data-elementor-type=\"wp-page\" data-elementor-id=\"2750\" class=\"elementor elementor-2750\" data-elementor-post-type=\"page\">\n\t\t\t\t<div class=\"elementor-element elementor-element-6c03e07 e-flex e-con-boxed e-con e-parent\" data-id=\"6c03e07\" data-element_type=\"container\" data-e-type=\"container\" data-settings=\"{&quot;background_background&quot;:&quot;classic&quot;}\">\n\t\t\t\t\t<div class=\"e-con-inner\">\n\t\t<div class=\"elementor-element elementor-element-bc4103b e-con-full e-flex e-con e-child\" data-id=\"bc4103b\" data-element_type=\"container\" data-e-type=\"container\" data-settings=\"{&quot;background_background&quot;:&quot;classic&quot;}\">\n\t\t\t\t<div class=\"elementor-element elementor-element-ca6d843 elementor-widget elementor-widget-spacer\" data-id=\"ca6d843\" data-element_type=\"widget\" data-e-type=\"widget\" data-widget_type=\"spacer.default\">\n\t\t\t\t<div class=\"elementor-widget-container\">\n\t\t\t\t\t\t\t<div class=\"elementor-spacer\">\n\t\t\t<div class=\"elementor-spacer-inner\"><\/div>\n\t\t<\/div>\n\t\t\t\t\t\t<\/div>\n\t\t\t\t<\/div>\n\t\t\t\t<div class=\"elementor-element elementor-element-c428896 elementor-widget elementor-widget-heading\" data-id=\"c428896\" data-element_type=\"widget\" data-e-type=\"widget\" data-widget_type=\"heading.default\">\n\t\t\t\t<div class=\"elementor-widget-container\">\n\t\t\t\t\t<h1 class=\"elementor-heading-title elementor-size-default\">Avis juridique<\/h1>\t\t\t\t<\/div>\n\t\t\t\t<\/div>\n\t\t\t\t<div class=\"elementor-element elementor-element-6325a4f elementor-widget elementor-widget-text-editor\" data-id=\"6325a4f\" data-element_type=\"widget\" data-e-type=\"widget\" data-widget_type=\"text-editor.default\">\n\t\t\t\t<div class=\"elementor-widget-container\">\n\t\t\t\t\t\t\t\t\t<p>Marque : Anatomie pour les sculpteurs<\/p><p>Entreprise : Anatomy Next, Inc.<\/p><p>Adresse : 6 Eliza Street. Beacon, NY 12508, USA<\/p><p>Courriel : support@anatomy4sculptors.com<\/p><p>Anatomy For Sculptors \u00ae - marque d\u00e9pos\u00e9e<\/p><p>Tous droits r\u00e9serv\u00e9s \u00a9 2025 Anatomy Next, Inc.<\/p>\t\t\t\t\t\t\t\t<\/div>\n\t\t\t\t<\/div>\n\t\t\t\t<div class=\"elementor-element elementor-element-36e24b1 elementor-widget elementor-widget-spacer\" data-id=\"36e24b1\" data-element_type=\"widget\" data-e-type=\"widget\" data-widget_type=\"spacer.default\">\n\t\t\t\t<div class=\"elementor-widget-container\">\n\t\t\t\t\t\t\t<div class=\"elementor-spacer\">\n\t\t\t<div class=\"elementor-spacer-inner\"><\/div>\n\t\t<\/div>\n\t\t\t\t\t\t<\/div>\n\t\t\t\t<\/div>\n\t\t\t\t<div class=\"elementor-element elementor-element-f0c2df4 elementor-widget elementor-widget-heading\" data-id=\"f0c2df4\" data-element_type=\"widget\" data-e-type=\"widget\" data-widget_type=\"heading.default\">\n\t\t\t\t<div class=\"elementor-widget-container\">\n\t\t\t\t\t<h2 class=\"elementor-heading-title elementor-size-default\">Livres imprim\u00e9s : <\/h2>\t\t\t\t<\/div>\n\t\t\t\t<\/div>\n\t\t\t\t<div class=\"elementor-element elementor-element-f4dbea6 elementor-widget elementor-widget-text-editor\" data-id=\"f4dbea6\" data-element_type=\"widget\" data-e-type=\"widget\" data-widget_type=\"text-editor.default\">\n\t\t\t\t<div class=\"elementor-widget-container\">\n\t\t\t\t\t\t\t\t\t<p>Tous droits r\u00e9serv\u00e9s : Tout le contenu de cette publication est prot\u00e9g\u00e9 par des droits d'auteur, et Anatomy Next, Inc. en d\u00e9tient les droits d'auteur. Il est interdit de scanner, copier, dupliquer, reproduire, modifier, enlever, supprimer, augmenter, publier, transmettre, vendre, revendre, cr\u00e9er des \u0153uvres d\u00e9riv\u00e9es ou exploiter de quelque mani\u00e8re que ce soit le contenu de cette publication sous quelque forme que ce soit et par quelque moyen que ce soit, en tout ou en partie, sans l'autorisation \u00e9crite pr\u00e9alable d'Anatomy Next, Inc.\u00a0<\/p>\t\t\t\t\t\t\t\t<\/div>\n\t\t\t\t<\/div>\n\t\t\t\t<div class=\"elementor-element elementor-element-48fb4a9 elementor-widget elementor-widget-spacer\" data-id=\"48fb4a9\" data-element_type=\"widget\" data-e-type=\"widget\" data-widget_type=\"spacer.default\">\n\t\t\t\t<div class=\"elementor-widget-container\">\n\t\t\t\t\t\t\t<div class=\"elementor-spacer\">\n\t\t\t<div class=\"elementor-spacer-inner\"><\/div>\n\t\t<\/div>\n\t\t\t\t\t\t<\/div>\n\t\t\t\t<\/div>\n\t\t\t\t<div class=\"elementor-element elementor-element-e87a08a elementor-widget elementor-widget-heading\" data-id=\"e87a08a\" data-element_type=\"widget\" data-e-type=\"widget\" data-widget_type=\"heading.default\">\n\t\t\t\t<div class=\"elementor-widget-container\">\n\t\t\t\t\t<h2 class=\"elementor-heading-title elementor-size-default\">E-books :<\/h2>\t\t\t\t<\/div>\n\t\t\t\t<\/div>\n\t\t\t\t<div class=\"elementor-element elementor-element-9b868a7 elementor-widget elementor-widget-text-editor\" data-id=\"9b868a7\" data-element_type=\"widget\" data-e-type=\"widget\" data-widget_type=\"text-editor.default\">\n\t\t\t\t<div class=\"elementor-widget-container\">\n\t\t\t\t\t\t\t\t\t<p>Veuillez lire attentivement cet accord de licence avant d'utiliser ce livre \u00e9lectronique. En utilisant ce livre \u00e9lectronique, vous acceptez les termes et conditions \u00e9nonc\u00e9s dans le pr\u00e9sent contrat de licence.<\/p><p>Ce travail est prot\u00e9g\u00e9 par le droit d'auteur d'Anatomy Next, Inc. qui accorde \u00e0 l'utilisateur de ce livre \u00e9lectronique une licence non exclusive et non transf\u00e9rable pour t\u00e9l\u00e9charger et utiliser ce livre \u00e9lectronique selon les termes et conditions suivants :<\/p>\t\t\t\t\t\t\t\t<\/div>\n\t\t\t\t<\/div>\n\t\t\t\t<div class=\"elementor-element elementor-element-a2d705a elementor-widget elementor-widget-text-editor\" data-id=\"a2d705a\" data-element_type=\"widget\" data-e-type=\"widget\" data-widget_type=\"text-editor.default\">\n\t\t\t\t<div class=\"elementor-widget-container\">\n\t\t\t\t\t\t\t\t\t<p><strong>1.\u00a0<\/strong>Ce livre \u00e9lectronique ne peut \u00eatre t\u00e9l\u00e9charg\u00e9 et utilis\u00e9 que par un seul utilisateur. L'utilisateur peut faire une copie de sauvegarde de cette publication pour \u00e9viter de la perdre. L'utilisateur ne peut pas donner de copies de cette publication \u00e0 d'autres personnes ni la mettre \u00e0 la disposition d'autres personnes pour qu'elles la copient ou la t\u00e9l\u00e9chargent. Pour obtenir une licence multi-utilisateurs, contactez - support@anatomy4sculptors.com<\/p>\t\t\t\t\t\t\t\t<\/div>\n\t\t\t\t<\/div>\n\t\t\t\t<div class=\"elementor-element elementor-element-013e007 elementor-widget elementor-widget-text-editor\" data-id=\"013e007\" data-element_type=\"widget\" data-e-type=\"widget\" data-widget_type=\"text-editor.default\">\n\t\t\t\t<div class=\"elementor-widget-container\">\n\t\t\t\t\t\t\t\t\t<p><strong>2.\u00a0<\/strong>Tous droits r\u00e9serv\u00e9s : Tout le contenu de cette publication est prot\u00e9g\u00e9 par des droits d'auteur, et Anatomy Next, Inc. en d\u00e9tient les droits d'auteur. Il est interdit de copier, dupliquer, reproduire, modifier, enlever, supprimer, augmenter, publier, transmettre, vendre, revendre, cr\u00e9er des \u0153uvres d\u00e9riv\u00e9es ou exploiter de quelque mani\u00e8re que ce soit le contenu de cette publication, sous quelque forme que ce soit et par quelque moyen que ce soit, en tout ou en partie, sans l'autorisation \u00e9crite pr\u00e9alable d'Anatomy Next, Inc.<\/p>\t\t\t\t\t\t\t\t<\/div>\n\t\t\t\t<\/div>\n\t\t\t\t<div class=\"elementor-element elementor-element-ba3e303 elementor-widget elementor-widget-text-editor\" data-id=\"ba3e303\" data-element_type=\"widget\" data-e-type=\"widget\" data-widget_type=\"text-editor.default\">\n\t\t\t\t<div class=\"elementor-widget-container\">\n\t\t\t\t\t\t\t\t\t<p><strong>3.\u00a0<\/strong>L'utilisateur n'est pas autoris\u00e9 \u00e0 imprimer des pages de ce livre \u00e9lectronique ou l'ensemble du livre \u00e9lectronique pour un usage personnel ou une distribution g\u00e9n\u00e9rale, pour la promotion, pour la cr\u00e9ation de nouveaux travaux ou pour la revente. Une autorisation sp\u00e9cifique doit \u00eatre obtenue aupr\u00e8s de l'\u00e9diteur pour de telles exigences. Les demandes doivent \u00eatre envoy\u00e9es \u00e0 support@anatomy4sculptors.com<\/p>\t\t\t\t\t\t\t\t<\/div>\n\t\t\t\t<\/div>\n\t\t\t\t<div class=\"elementor-element elementor-element-6f5067a elementor-widget elementor-widget-text-editor\" data-id=\"6f5067a\" data-element_type=\"widget\" data-e-type=\"widget\" data-widget_type=\"text-editor.default\">\n\t\t\t\t<div class=\"elementor-widget-container\">\n\t\t\t\t\t\t\t\t\t<p><strong>4.\u00a0<\/strong>L'utilisation ou la distribution non autoris\u00e9e de contenus prot\u00e9g\u00e9s par des droits d'auteur ou d'autres droits de propri\u00e9t\u00e9 est ill\u00e9gale et peut exposer l'acheteur \u00e0 d'importants dommages p\u00e9cuniaires. L'acheteur sera responsable de tout dommage r\u00e9sultant d'une mauvaise utilisation de cette publication ou de toute violation de cet accord de licence, y compris toute violation des droits d'auteur ou des droits de propri\u00e9t\u00e9.\u00a0<\/p>\t\t\t\t\t\t\t\t<\/div>\n\t\t\t\t<\/div>\n\t\t\t\t<div class=\"elementor-element elementor-element-e4d8126 elementor-widget elementor-widget-text-editor\" data-id=\"e4d8126\" data-element_type=\"widget\" data-e-type=\"widget\" data-widget_type=\"text-editor.default\">\n\t\t\t\t<div class=\"elementor-widget-container\">\n\t\t\t\t\t\t\t\t\t<p>Exclusion de garantie\u00a0: L\u2019\u00e9diteur ne garantit pas l\u2019absence d\u2019erreurs dans les informations contenues dans cette publication, ni leur conformit\u00e9 aux exigences des utilisateurs, ni le fonctionnement ininterrompu et sans erreur de la publication. La publication est fournie \u2019\u00a0en l\u2019\u00e9tat\u00a0\u201c, sans aucune garantie, expresse, implicite ou l\u00e9gale, y compris, sans limitation, les garanties implicites de qualit\u00e9 marchande et d\u2019ad\u00e9quation \u00e0 un usage particulier. L\u2019utilisateur assume l\u2019int\u00e9gralit\u00e9 des risques li\u00e9s aux r\u00e9sultats et aux performances de cette publication. En aucun cas, l\u2019\u00e9diteur ne pourra \u00eatre tenu responsable des dommages, y compris, sans limitation, les dommages indirects et cons\u00e9cutifs, ainsi que les dommages pour perte de donn\u00e9es ou de profits r\u00e9sultant de l\u2019utilisation ou de l\u2019impossibilit\u00e9 d\u2019utiliser la publication. La responsabilit\u00e9 totale de l\u2019\u00e9diteur est limit\u00e9e au montant effectivement pay\u00e9 par l\u2019utilisateur pour le livre num\u00e9rique ou le contrat de licence du livre num\u00e9rique.<\/p>\t\t\t\t\t\t\t\t<\/div>\n\t\t\t\t<\/div>\n\t\t\t\t<div class=\"elementor-element elementor-element-e2651ad elementor-widget elementor-widget-text-editor\" data-id=\"e2651ad\" data-element_type=\"widget\" data-e-type=\"widget\" data-widget_type=\"text-editor.default\">\n\t\t\t\t<div class=\"elementor-widget-container\">\n\t\t\t\t\t\t\t\t\t<p>Avertissement relatif aux produits num\u00e9riques\u00a0: Anatomy Next, Inc., son personnel et les membres de son conseil d\u2019administration d\u00e9clinent toute responsabilit\u00e9 en cas de blessure ou de dommage corporel ou mat\u00e9riel, que ce soit au titre de la responsabilit\u00e9 du fait des produits, de la n\u00e9gligence ou autre, ou r\u00e9sultant de l\u2019utilisation des m\u00e9thodes ou id\u00e9es pr\u00e9sent\u00e9es dans la publication achet\u00e9e ou consult\u00e9e par l\u2019utilisateur. Tout litige sera r\u00e9gi exclusivement par le droit des \u00c9tats-Unis.<\/p>\t\t\t\t\t\t\t\t<\/div>\n\t\t\t\t<\/div>\n\t\t\t\t<div class=\"elementor-element elementor-element-4d49189 elementor-widget elementor-widget-spacer\" data-id=\"4d49189\" data-element_type=\"widget\" data-e-type=\"widget\" data-widget_type=\"spacer.default\">\n\t\t\t\t<div class=\"elementor-widget-container\">\n\t\t\t\t\t\t\t<div class=\"elementor-spacer\">\n\t\t\t<div class=\"elementor-spacer-inner\"><\/div>\n\t\t<\/div>\n\t\t\t\t\t\t<\/div>\n\t\t\t\t<\/div>\n\t\t\t\t<\/div>\n\t\t\t\t\t<\/div>\n\t\t\t\t<\/div>\n\t\t\t\t<\/div>","protected":false},"excerpt":{"rendered":"<p>Legal notice Brand: Anatomy For Sculptors Company: Anatomy Next, Inc. Address: 6 Eliza Street. Beacon, NY 12508, USA Email: support@anatomy4sculptors.com Anatomy For Sculptors \u00ae &#8211; trademark registered All rights reserved \u00a9 2025 Anatomy Next, Inc. Printed books: All rights reserved: All content in this publication is copyrighted, and Anatomy Next, Inc. owns the copyright. You [&hellip;]<\/p>\n","protected":false},"author":1,"featured_media":0,"parent":0,"menu_order":0,"comment_status":"closed","ping_status":"closed","template":"elementor_header_footer","meta":{"_mo_disable_npp":"","footnotes":""},"class_list":["post-2750","page","type-page","status-publish","hentry"],"_links":{"self":[{"href":"https:\/\/anatomy4sculptors.com\/fr\/wp-json\/wp\/v2\/pages\/2750","targetHints":{"allow":["GET"]}}],"collection":[{"href":"https:\/\/anatomy4sculptors.com\/fr\/wp-json\/wp\/v2\/pages"}],"about":[{"href":"https:\/\/anatomy4sculptors.com\/fr\/wp-json\/wp\/v2\/types\/page"}],"author":[{"embeddable":true,"href":"https:\/\/anatomy4sculptors.com\/fr\/wp-json\/wp\/v2\/users\/1"}],"replies":[{"embeddable":true,"href":"https:\/\/anatomy4sculptors.com\/fr\/wp-json\/wp\/v2\/comments?post=2750"}],"version-history":[{"count":6,"href":"https:\/\/anatomy4sculptors.com\/fr\/wp-json\/wp\/v2\/pages\/2750\/revisions"}],"predecessor-version":[{"id":80853,"href":"https:\/\/anatomy4sculptors.com\/fr\/wp-json\/wp\/v2\/pages\/2750\/revisions\/80853"}],"wp:attachment":[{"href":"https:\/\/anatomy4sculptors.com\/fr\/wp-json\/wp\/v2\/media?parent=2750"}],"curies":[{"name":"wp","href":"https:\/\/api.w.org\/{rel}","templated":true}]}}