{"id":2786,"date":"2021-11-15T09:52:50","date_gmt":"2021-11-15T09:52:50","guid":{"rendered":"https:\/\/anatomy4sculptors.com\/?page_id=2786"},"modified":"2024-02-07T13:54:31","modified_gmt":"2024-02-07T10:54:31","slug":"politique-dexpedition","status":"publish","type":"page","link":"https:\/\/anatomy4sculptors.com\/fr\/shipping-policy\/","title":{"rendered":"Politique d'exp\u00e9dition"},"content":{"rendered":"<div data-elementor-type=\"wp-page\" data-elementor-id=\"2786\" class=\"elementor elementor-2786\" data-elementor-post-type=\"page\">\n\t\t\t\t<div class=\"elementor-element elementor-element-06e87d4 e-flex e-con-boxed e-con e-parent\" data-id=\"06e87d4\" data-element_type=\"container\" data-e-type=\"container\" data-settings=\"{&quot;background_background&quot;:&quot;classic&quot;}\">\n\t\t\t\t\t<div class=\"e-con-inner\">\n\t\t<div class=\"elementor-element elementor-element-cda8c34 e-con-full e-flex e-con e-child\" data-id=\"cda8c34\" data-element_type=\"container\" data-e-type=\"container\" data-settings=\"{&quot;background_background&quot;:&quot;classic&quot;}\">\n\t\t\t\t<div class=\"elementor-element elementor-element-7af47d6 elementor-widget elementor-widget-spacer\" data-id=\"7af47d6\" data-element_type=\"widget\" data-e-type=\"widget\" data-widget_type=\"spacer.default\">\n\t\t\t\t<div class=\"elementor-widget-container\">\n\t\t\t\t\t\t\t<div class=\"elementor-spacer\">\n\t\t\t<div class=\"elementor-spacer-inner\"><\/div>\n\t\t<\/div>\n\t\t\t\t\t\t<\/div>\n\t\t\t\t<\/div>\n\t\t\t\t<div class=\"elementor-element elementor-element-20a51f2 elementor-widget elementor-widget-heading\" data-id=\"20a51f2\" data-element_type=\"widget\" data-e-type=\"widget\" data-widget_type=\"heading.default\">\n\t\t\t\t<div class=\"elementor-widget-container\">\n\t\t\t\t\t<h1 class=\"elementor-heading-title elementor-size-default\">Politique d'exp\u00e9dition<\/h1>\t\t\t\t<\/div>\n\t\t\t\t<\/div>\n\t\t\t\t<div class=\"elementor-element elementor-element-be1d6bc elementor-widget elementor-widget-text-editor\" data-id=\"be1d6bc\" data-element_type=\"widget\" data-e-type=\"widget\" data-widget_type=\"text-editor.default\">\n\t\t\t\t<div class=\"elementor-widget-container\">\n\t\t\t\t\t\t\t\t\t<p>Cette politique d'exp\u00e9dition pr\u00e9sente les informations les plus importantes concernant l'exp\u00e9dition lorsqu'une commande est pass\u00e9e sur ce site - anatomy4sculptors.com.<\/p>\t\t\t\t\t\t\t\t<\/div>\n\t\t\t\t<\/div>\n\t\t\t\t<div class=\"elementor-element elementor-element-78996dc elementor-widget elementor-widget-spacer\" data-id=\"78996dc\" data-element_type=\"widget\" data-e-type=\"widget\" data-widget_type=\"spacer.default\">\n\t\t\t\t<div class=\"elementor-widget-container\">\n\t\t\t\t\t\t\t<div class=\"elementor-spacer\">\n\t\t\t<div class=\"elementor-spacer-inner\"><\/div>\n\t\t<\/div>\n\t\t\t\t\t\t<\/div>\n\t\t\t\t<\/div>\n\t\t\t\t<div class=\"elementor-element elementor-element-d1faec2 elementor-widget elementor-widget-heading\" data-id=\"d1faec2\" data-element_type=\"widget\" data-e-type=\"widget\" data-widget_type=\"heading.default\">\n\t\t\t\t<div class=\"elementor-widget-container\">\n\t\t\t\t\t<h2 class=\"elementor-heading-title elementor-size-default\">Confirmation d'achat<\/h2>\t\t\t\t<\/div>\n\t\t\t\t<\/div>\n\t\t\t\t<div class=\"elementor-element elementor-element-aa2f4e0 elementor-widget elementor-widget-text-editor\" data-id=\"aa2f4e0\" data-element_type=\"widget\" data-e-type=\"widget\" data-widget_type=\"text-editor.default\">\n\t\t\t\t<div class=\"elementor-widget-container\">\n\t\t\t\t\t\t\t\t\t<p>Apr\u00e8s avoir pass\u00e9 la commande avec succ\u00e8s, le client re\u00e7oit un courriel de confirmation de commande \u00e0 l'adresse \u00e9lectronique qu'il a indiqu\u00e9e. Toutes les commandes sont g\u00e9n\u00e9ralement trait\u00e9es dans les 2 \u00e0 3 jours ouvrables (hors week-ends et jours f\u00e9ri\u00e9s) suivant la r\u00e9ception de cet e-mail de confirmation.<\/p><p>Le client recevra une autre notification lorsque la commande aura \u00e9t\u00e9 envoy\u00e9e. Cet e-mail contient un num\u00e9ro de suivi et des informations sur les coordonn\u00e9es de livraison et le mode de livraison fournis par le client.<\/p>\t\t\t\t\t\t\t\t<\/div>\n\t\t\t\t<\/div>\n\t\t\t\t<div class=\"elementor-element elementor-element-606c9e3 elementor-widget elementor-widget-heading\" data-id=\"606c9e3\" data-element_type=\"widget\" data-e-type=\"widget\" data-widget_type=\"heading.default\">\n\t\t\t\t<div class=\"elementor-widget-container\">\n\t\t\t\t\t<h2 class=\"elementor-heading-title elementor-size-default\">Tarifs d'exp\u00e9dition<\/h2>\t\t\t\t<\/div>\n\t\t\t\t<\/div>\n\t\t\t\t<div class=\"elementor-element elementor-element-f7037e7 elementor-widget elementor-widget-text-editor\" data-id=\"f7037e7\" data-element_type=\"widget\" data-e-type=\"widget\" data-widget_type=\"text-editor.default\">\n\t\t\t\t<div class=\"elementor-widget-container\">\n\t\t\t\t\t\t\t\t\t<p>En faisant appel \u00e0 de multiples partenaires de livraison, nous exp\u00e9dions nos produits partout dans le monde. Les frais d'exp\u00e9dition de votre commande seront calcul\u00e9s et affich\u00e9s au moment du paiement.<\/p><p>Le prix d\u00e9pend du poids du produit, du nombre de colis individuels n\u00e9cessaires \u00e0 la commande, de la destination de l'envoi et du mode de livraison.<\/p><p>Le moyen le plus rapide d'obtenir une estimation pr\u00e9cise des frais d'exp\u00e9dition est de constituer votre panier et de saisir votre adresse de livraison lors de la validation de votre commande. Plusieurs modes de livraison vous seront propos\u00e9s, avec les prix indiqu\u00e9s \u00e0 c\u00f4t\u00e9.<\/p><p>Les soci\u00e9t\u00e9s d'exp\u00e9dition calculent le prix d'exp\u00e9dition, qui ne d\u00e9pend pas directement du vendeur.<\/p>\t\t\t\t\t\t\t\t<\/div>\n\t\t\t\t<\/div>\n\t\t\t\t<div class=\"elementor-element elementor-element-391d7f5 elementor-widget elementor-widget-heading\" data-id=\"391d7f5\" data-element_type=\"widget\" data-e-type=\"widget\" data-widget_type=\"heading.default\">\n\t\t\t\t<div class=\"elementor-widget-container\">\n\t\t\t\t\t<h2 class=\"elementor-heading-title elementor-size-default\">D\u00e9lai de livraison<\/h2>\t\t\t\t<\/div>\n\t\t\t\t<\/div>\n\t\t\t\t<div class=\"elementor-element elementor-element-3e825fe elementor-widget elementor-widget-text-editor\" data-id=\"3e825fe\" data-element_type=\"widget\" data-e-type=\"widget\" data-widget_type=\"text-editor.default\">\n\t\t\t\t<div class=\"elementor-widget-container\">\n\t\t\t\t\t\t\t\t\tLe d\u00e9lai de livraison d\u00e9pend de la destination de l'envoi et de la m\u00e9thode d'exp\u00e9dition choisie lors de la commande.\n<ul> <br>\n \t<li>Exp\u00e9dition standard - le d\u00e9lai de livraison est de 14 jours aux \u00c9tats-Unis et au Canada, de 30 jours en Europe et de 60 jours dans le reste du monde. L'exp\u00e9dition standard est assur\u00e9e par un syst\u00e8me d'envoi mondial.<\/li> <br>\n \t<li>Exp\u00e9dition express - jusqu'\u00e0 7 jours aux \u00c9tats-Unis et au Canada et jusqu'\u00e0 14 jours dans le reste du monde. L'exp\u00e9dition express vous offre le d\u00e9lai d'exp\u00e9dition le plus court possible et est effectu\u00e9e par des soci\u00e9t\u00e9s de logistique priv\u00e9es. L'exp\u00e9dition express s'applique automatiquement aux commandes sup\u00e9rieures \u00e0 200 USD.<\/li>\n<\/ul>\t\t\t\t\t\t\t\t<\/div>\n\t\t\t\t<\/div>\n\t\t\t\t<div class=\"elementor-element elementor-element-54711aa elementor-widget elementor-widget-heading\" data-id=\"54711aa\" data-element_type=\"widget\" data-e-type=\"widget\" data-widget_type=\"heading.default\">\n\t\t\t\t<div class=\"elementor-widget-container\">\n\t\t\t\t\t<h2 class=\"elementor-heading-title elementor-size-default\">Processus de livraison<\/h2>\t\t\t\t<\/div>\n\t\t\t\t<\/div>\n\t\t\t\t<div class=\"elementor-element elementor-element-93a899f elementor-widget elementor-widget-text-editor\" data-id=\"93a899f\" data-element_type=\"widget\" data-e-type=\"widget\" data-widget_type=\"text-editor.default\">\n\t\t\t\t<div class=\"elementor-widget-container\">\n\t\t\t\t\t\t\t\t\t<p>Une fois votre commande exp\u00e9di\u00e9e, vous recevrez une notification par courrier \u00e9lectronique, avec un num\u00e9ro de suivi que vous pourrez utiliser pour v\u00e9rifier l'\u00e9tat d'avancement de votre commande.<\/p><p>En fonction du partenaire de livraison, les livraisons sont effectu\u00e9es pendant les heures normales d'ouverture, les jours ouvrables. Notre partenaire de livraison local vous contactera g\u00e9n\u00e9ralement via les coordonn\u00e9es que vous avez fournies lors de la commande pour vous informer du jour de son arriv\u00e9e.<\/p><p>Veuillez noter que nous faisons confiance \u00e0 nos partenaires de livraison. Si l'achat est marqu\u00e9 comme \"livr\u00e9\" dans notre syst\u00e8me, nous ne sommes pas responsables des clients qui ne re\u00e7oivent pas le produit parce qu'ils sont absents, qu'ils ont choisi une m\u00e9thode de livraison non s\u00e9curis\u00e9e (par exemple, des agents de livraison tiers, une bo\u00eete aux lettres cass\u00e9e ou autre) ou qu'ils nous ont fourni des informations de livraison inexactes. Dans de tels cas, les remboursements seront malheureusement impossibles.<\/p><p>Dans tous les autres cas, tout produit perdu en cours de transport sera r\u00e9exp\u00e9di\u00e9 sans que le client n'ait \u00e0 couvrir les frais d'exp\u00e9dition.<\/p><p>Votre commande peut \u00eatre soumise \u00e0 des droits d'importation et \u00e0 des taxes (y compris la TVA) encourus une fois que l'envoi atteint votre pays de destination. Anatomy Next, Inc. n'est pas responsable de ces frais s'ils sont appliqu\u00e9s ; ils rel\u00e8vent de votre responsabilit\u00e9 en tant que client.<\/p><p>Anatomy Next, Inc. n'assume aucune responsabilit\u00e9 en cas de retards \u00e9ventuels ind\u00e9pendants de sa volont\u00e9, tels que des probl\u00e8mes de service postal ou un nombre extr\u00eamement \u00e9lev\u00e9 de commandes.\u00a0<\/p><p>Si vous n'avez pas re\u00e7u votre commande dans les 30 jours suivant la r\u00e9ception de l'e-mail de confirmation d'exp\u00e9dition, veuillez nous contacter \u00e0 l'adresse suivante <a href=\"mailto:support@anatomy4sculptors.com\">support@anatomy4sculptors.com<\/a> en indiquant votre nom et votre num\u00e9ro de commande, et nous examinerons la question pour vous.<\/p><p>Si vous n'avez pas r\u00e9cup\u00e9r\u00e9 votre commande \u00e0 l'adresse de livraison dans le d\u00e9lai indiqu\u00e9 sur le bon de livraison du livreur local, la commande peut \u00eatre automatiquement annul\u00e9e et aucun remboursement n'est effectu\u00e9.<\/p><p>Si vous avez d'autres questions, n'h\u00e9sitez pas \u00e0 nous contacter \u00e0 l'adresse suivante <a href=\"mailto:support@anatomy4sculptors.com\">support@anatomy4sculptors.com<\/a><\/p>\t\t\t\t\t\t\t\t<\/div>\n\t\t\t\t<\/div>\n\t\t\t\t<div class=\"elementor-element elementor-element-b910c4f elementor-widget elementor-widget-spacer\" data-id=\"b910c4f\" data-element_type=\"widget\" data-e-type=\"widget\" data-widget_type=\"spacer.default\">\n\t\t\t\t<div class=\"elementor-widget-container\">\n\t\t\t\t\t\t\t<div class=\"elementor-spacer\">\n\t\t\t<div class=\"elementor-spacer-inner\"><\/div>\n\t\t<\/div>\n\t\t\t\t\t\t<\/div>\n\t\t\t\t<\/div>\n\t\t\t\t<\/div>\n\t\t\t\t\t<\/div>\n\t\t\t\t<\/div>\n\t\t\t\t<\/div>","protected":false},"excerpt":{"rendered":"<p>Shipping policy This Shipping policy outlines the most important information about shipping when an order is placed on this site &#8211; anatomy4sculptors.com Purchase confirmation After a successful checkout, the customer receives an order confirmation email to their provided email address. All orders are typically processed within 2 to 3 business days (excluding weekends and holidays) [&hellip;]<\/p>\n","protected":false},"author":1,"featured_media":0,"parent":0,"menu_order":0,"comment_status":"closed","ping_status":"closed","template":"elementor_header_footer","meta":{"_mo_disable_npp":"","footnotes":""},"class_list":["post-2786","page","type-page","status-publish","hentry"],"_links":{"self":[{"href":"https:\/\/anatomy4sculptors.com\/fr\/wp-json\/wp\/v2\/pages\/2786","targetHints":{"allow":["GET"]}}],"collection":[{"href":"https:\/\/anatomy4sculptors.com\/fr\/wp-json\/wp\/v2\/pages"}],"about":[{"href":"https:\/\/anatomy4sculptors.com\/fr\/wp-json\/wp\/v2\/types\/page"}],"author":[{"embeddable":true,"href":"https:\/\/anatomy4sculptors.com\/fr\/wp-json\/wp\/v2\/users\/1"}],"replies":[{"embeddable":true,"href":"https:\/\/anatomy4sculptors.com\/fr\/wp-json\/wp\/v2\/comments?post=2786"}],"version-history":[{"count":0,"href":"https:\/\/anatomy4sculptors.com\/fr\/wp-json\/wp\/v2\/pages\/2786\/revisions"}],"wp:attachment":[{"href":"https:\/\/anatomy4sculptors.com\/fr\/wp-json\/wp\/v2\/media?parent=2786"}],"curies":[{"name":"wp","href":"https:\/\/api.w.org\/{rel}","templated":true}]}}