{"id":43848,"date":"2023-06-28T19:31:48","date_gmt":"2023-06-28T16:31:48","guid":{"rendered":"https:\/\/anatomy4sculptors.com\/?post_type=product&#038;p=43848"},"modified":"2026-03-26T17:06:03","modified_gmt":"2026-03-26T15:06:03","slug":"outil-de-reference-3d-premium","status":"publish","type":"product","link":"https:\/\/anatomy4sculptors.com\/fr\/product\/3d-reference-tool-premium\/","title":{"rendered":"Outil de r\u00e9f\u00e9rence 3D premium"},"content":{"rendered":"<p>3D Reference Tool contient d&#039;innombrables r\u00e9f\u00e9rences sur l&#039;anatomie humaine sp\u00e9cialement con\u00e7ues pour les artistes\u00a0! Nous le mettons \u00e0 jour chaque semaine pour vous donner tout ce dont vous avez besoin pour cr\u00e9er des personnages r\u00e9alistes pour votre art. D\u00e9couvrez tous les mod\u00e8les 3D, vid\u00e9os, images et illustrations que nous avons mis en ligne\u00a0!<\/p>","protected":false},"excerpt":{"rendered":"<p>3D Reference Tool contient d&#039;innombrables r\u00e9f\u00e9rences sur l&#039;anatomie humaine sp\u00e9cialement con\u00e7ues pour les artistes\u00a0! Nous le mettons \u00e0 jour chaque semaine pour vous donner tout ce dont vous avez besoin pour cr\u00e9er des personnages r\u00e9alistes pour votre art. D\u00e9couvrez tous les mod\u00e8les 3D, vid\u00e9os, images et illustrations que nous avons mis en ligne\u00a0!<\/p>","protected":false},"featured_media":46843,"template":"","meta":{"_mo_disable_npp":""},"product_brand":[],"product_cat":[139],"product_tag":[142],"class_list":{"0":"post-43848","1":"product","2":"type-product","3":"status-publish","4":"has-post-thumbnail","6":"product_cat-3d-viewer","7":"product_tag-a3dw-subscription","9":"first","10":"instock","11":"sold-individually","12":"shipping-taxable","13":"purchasable","14":"product-type-variable-subscription"},"_links":{"self":[{"href":"https:\/\/anatomy4sculptors.com\/fr\/wp-json\/wp\/v2\/product\/43848","targetHints":{"allow":["GET"]}}],"collection":[{"href":"https:\/\/anatomy4sculptors.com\/fr\/wp-json\/wp\/v2\/product"}],"about":[{"href":"https:\/\/anatomy4sculptors.com\/fr\/wp-json\/wp\/v2\/types\/product"}],"wp:featuredmedia":[{"embeddable":true,"href":"https:\/\/anatomy4sculptors.com\/fr\/wp-json\/wp\/v2\/media\/46843"}],"wp:attachment":[{"href":"https:\/\/anatomy4sculptors.com\/fr\/wp-json\/wp\/v2\/media?parent=43848"}],"wp:term":[{"taxonomy":"product_brand","embeddable":true,"href":"https:\/\/anatomy4sculptors.com\/fr\/wp-json\/wp\/v2\/product_brand?post=43848"},{"taxonomy":"product_cat","embeddable":true,"href":"https:\/\/anatomy4sculptors.com\/fr\/wp-json\/wp\/v2\/product_cat?post=43848"},{"taxonomy":"product_tag","embeddable":true,"href":"https:\/\/anatomy4sculptors.com\/fr\/wp-json\/wp\/v2\/product_tag?post=43848"}],"curies":[{"name":"wp","href":"https:\/\/api.w.org\/{rel}","templated":true}]}}