{"id":5890,"date":"2022-01-27T13:51:14","date_gmt":"2022-01-27T13:51:14","guid":{"rendered":"https:\/\/anatomy4sculptors.com\/?post_type=product&#038;p=5890"},"modified":"2026-01-06T15:55:51","modified_gmt":"2026-01-06T13:55:51","slug":"recueils-danatomie-pour-sculpteurs","status":"publish","type":"product","link":"https:\/\/anatomy4sculptors.com\/fr\/product\/anatomy-for-sculptors-bundles\/","title":{"rendered":"Anatomie pour les sculpteurs s\u00e9rie de livres bundle"},"content":{"rendered":"<h1>Ensemble de s\u00e9ries de livres Anatomy For Sculptors (eBook, livre de poche ou couverture rigide)<\/h1>\n<section class=\"elementor-section elementor-top-section elementor-element elementor-element-7bc7d190 elementor-section-content-middle elementor-section-height-full elementor-section-boxed elementor-section-height-default elementor-section-items-middle\" data-id=\"7bc7d190\" data-element_type=\"section\">\n<div class=\"elementor-container elementor-column-gap-default\">\n<div class=\"elementor-column elementor-col-33 elementor-top-column elementor-element elementor-element-618677bd\" data-id=\"618677bd\" data-element_type=\"column\">\n<div class=\"elementor-widget-wrap elementor-element-populated\">\n<div class=\"elementor-element elementor-element-2ee2bf63 elementor-widget elementor-widget-heading\" data-id=\"2ee2bf63\" data-element_type=\"widget\" data-widget_type=\"heading.default\">\n<div class=\"elementor-widget-container\">\n<p class=\"elementor-heading-title elementor-size-default\">Ce coffret contient l&#039;int\u00e9gralit\u00e9 de la s\u00e9rie de livres \u00ab\u00a0Anatomie pour sculpteurs\u00a0\u00bb. Ces ouvrages d&#039;anatomie utilisent des images pr\u00e9sentant de nombreux angles, postures, expressions et variations, et vous fournissent tout le n\u00e9cessaire pour cr\u00e9er des figures humaines r\u00e9alistes, des expressions faciales ainsi que des t\u00eates et des cous r\u00e9alistes.<\/p>\n<\/div>\n<\/div>\n<\/div>\n<\/div>\n<\/div>\n<\/section>","protected":false},"excerpt":{"rendered":"<p>Collection compl\u00e8te de livres \u00ab\u00a0Anatomie pour sculpteurs\u00a0\u00bb. Tout ce dont vous avez besoin pour dessiner des figures humaines\u00a0: bras et mains, expressions faciales, t\u00eate et cou.<\/p>","protected":false},"featured_media":78390,"template":"","meta":{"_mo_disable_npp":""},"product_brand":[],"product_cat":[27,84],"product_tag":[99,69,98],"class_list":{"0":"post-5890","1":"product","2":"type-product","3":"status-publish","4":"has-post-thumbnail","6":"product_cat-books","7":"product_cat-bundle","8":"product_tag-bundle","9":"product_tag-bundle-hardcover","10":"product_tag-bundle-paperback","12":"first","13":"instock","14":"sale","15":"shipping-taxable","16":"purchasable","17":"product-type-variable"},"_links":{"self":[{"href":"https:\/\/anatomy4sculptors.com\/fr\/wp-json\/wp\/v2\/product\/5890","targetHints":{"allow":["GET"]}}],"collection":[{"href":"https:\/\/anatomy4sculptors.com\/fr\/wp-json\/wp\/v2\/product"}],"about":[{"href":"https:\/\/anatomy4sculptors.com\/fr\/wp-json\/wp\/v2\/types\/product"}],"wp:featuredmedia":[{"embeddable":true,"href":"https:\/\/anatomy4sculptors.com\/fr\/wp-json\/wp\/v2\/media\/78390"}],"wp:attachment":[{"href":"https:\/\/anatomy4sculptors.com\/fr\/wp-json\/wp\/v2\/media?parent=5890"}],"wp:term":[{"taxonomy":"product_brand","embeddable":true,"href":"https:\/\/anatomy4sculptors.com\/fr\/wp-json\/wp\/v2\/product_brand?post=5890"},{"taxonomy":"product_cat","embeddable":true,"href":"https:\/\/anatomy4sculptors.com\/fr\/wp-json\/wp\/v2\/product_cat?post=5890"},{"taxonomy":"product_tag","embeddable":true,"href":"https:\/\/anatomy4sculptors.com\/fr\/wp-json\/wp\/v2\/product_tag?post=5890"}],"curies":[{"name":"wp","href":"https:\/\/api.w.org\/{rel}","templated":true}]}}