{"id":75449,"date":"2025-07-29T10:19:39","date_gmt":"2025-07-29T07:19:39","guid":{"rendered":"https:\/\/anatomy4sculptors.com\/?post_type=product&#038;p=75449"},"modified":"2026-01-06T15:15:38","modified_gmt":"2026-01-06T13:15:38","slug":"bras-et-main-en-mouvement","status":"publish","type":"product","link":"https:\/\/anatomy4sculptors.com\/fr\/product\/arm-and-hand-in-motion\/","title":{"rendered":"Bras et main en mouvement"},"content":{"rendered":"<h1>Bras et main en mouvement<\/h1>\n<section class=\"elementor-section elementor-top-section elementor-element elementor-element-7bc7d190 elementor-section-content-middle elementor-section-height-full elementor-section-boxed elementor-section-height-default elementor-section-items-middle\" data-id=\"7bc7d190\" data-element_type=\"section\">\n<div class=\"elementor-container elementor-column-gap-default\">\n<div class=\"elementor-column elementor-col-33 elementor-top-column elementor-element elementor-element-618677bd\" data-id=\"618677bd\" data-element_type=\"column\">\n<div class=\"elementor-widget-wrap elementor-element-populated\">\n<div class=\"elementor-element elementor-element-2ee2bf63 elementor-widget elementor-widget-heading\" data-id=\"2ee2bf63\" data-element_type=\"widget\" data-widget_type=\"heading.default\">\n<div class=\"elementor-widget-container\">\n<p class=\"elementor-heading-title elementor-size-default\">Les bras et les mains poss\u00e8dent la plus grande amplitude de mouvement de tout le corps, ce qui permet une multitude de positions. Nous avons captur\u00e9 la forme des bras et des mains dans toutes les poses importantes. Pour cet ouvrage, nous avons mis au point une nouvelle m\u00e9thode de num\u00e9risation 3D, capable de saisir toutes les nuances d&#039;un bras sous tous les angles. Qu&#039;il soit fl\u00e9chi, \u00e9tendu, en abduction, en adduction, en supination, en pronation ou dans une position interm\u00e9diaire, tout est repr\u00e9sent\u00e9\u00a0!<\/p>\n<\/div>\n<\/div>\n<\/div>\n<\/div>\n<\/div>\n<\/section>","protected":false},"excerpt":{"rendered":"<p>Les bras et les mains ont la plus grande amplitude de mouvement de toutes les parties du corps, ce qui signifie un nombre consid\u00e9rable de positions possibles. Nous avons captur\u00e9 la forme des bras et des mains dans toutes les poses significatives.<\/p>","protected":false},"featured_media":78394,"template":"","meta":{"_mo_disable_npp":""},"product_brand":[],"product_cat":[244,245,247,248],"product_tag":[240,242,243,211,241],"class_list":{"0":"post-75449","1":"product","2":"type-product","3":"status-publish","4":"has-post-thumbnail","6":"product_cat-arm-and-hand","7":"product_cat-ahm-ebook","8":"product_cat-ahm-hardcover-arm-and-hand","9":"product_cat-ahm-paperback","10":"product_tag-ahm","11":"product_tag-ahm-ebook","12":"product_tag-ahm-hardcover","13":"product_tag-ahm-paperback","14":"product_tag-arm-and-hand","16":"first","17":"instock","18":"shipping-taxable","19":"purchasable","20":"product-type-variable"},"_links":{"self":[{"href":"https:\/\/anatomy4sculptors.com\/fr\/wp-json\/wp\/v2\/product\/75449","targetHints":{"allow":["GET"]}}],"collection":[{"href":"https:\/\/anatomy4sculptors.com\/fr\/wp-json\/wp\/v2\/product"}],"about":[{"href":"https:\/\/anatomy4sculptors.com\/fr\/wp-json\/wp\/v2\/types\/product"}],"wp:featuredmedia":[{"embeddable":true,"href":"https:\/\/anatomy4sculptors.com\/fr\/wp-json\/wp\/v2\/media\/78394"}],"wp:attachment":[{"href":"https:\/\/anatomy4sculptors.com\/fr\/wp-json\/wp\/v2\/media?parent=75449"}],"wp:term":[{"taxonomy":"product_brand","embeddable":true,"href":"https:\/\/anatomy4sculptors.com\/fr\/wp-json\/wp\/v2\/product_brand?post=75449"},{"taxonomy":"product_cat","embeddable":true,"href":"https:\/\/anatomy4sculptors.com\/fr\/wp-json\/wp\/v2\/product_cat?post=75449"},{"taxonomy":"product_tag","embeddable":true,"href":"https:\/\/anatomy4sculptors.com\/fr\/wp-json\/wp\/v2\/product_tag?post=75449"}],"curies":[{"name":"wp","href":"https:\/\/api.w.org\/{rel}","templated":true}]}}