{"id":2750,"date":"2021-11-15T09:24:00","date_gmt":"2021-11-15T09:24:00","guid":{"rendered":"https:\/\/anatomy4sculptors.com\/?page_id=2750"},"modified":"2025-11-27T15:28:48","modified_gmt":"2025-11-27T13:28:48","slug":"aviso-legal","status":"publish","type":"page","link":"https:\/\/anatomy4sculptors.com\/pt\/legal-notice\/","title":{"rendered":"Aviso legal"},"content":{"rendered":"<div data-elementor-type=\"wp-page\" data-elementor-id=\"2750\" class=\"elementor elementor-2750\" data-elementor-post-type=\"page\">\n\t\t\t\t<div class=\"elementor-element elementor-element-6c03e07 e-flex e-con-boxed e-con e-parent\" data-id=\"6c03e07\" data-element_type=\"container\" data-e-type=\"container\" data-settings=\"{&quot;background_background&quot;:&quot;classic&quot;}\">\n\t\t\t\t\t<div class=\"e-con-inner\">\n\t\t<div class=\"elementor-element elementor-element-bc4103b e-con-full e-flex e-con e-child\" data-id=\"bc4103b\" data-element_type=\"container\" data-e-type=\"container\" data-settings=\"{&quot;background_background&quot;:&quot;classic&quot;}\">\n\t\t\t\t<div class=\"elementor-element elementor-element-ca6d843 elementor-widget elementor-widget-spacer\" data-id=\"ca6d843\" data-element_type=\"widget\" data-e-type=\"widget\" data-widget_type=\"spacer.default\">\n\t\t\t\t<div class=\"elementor-widget-container\">\n\t\t\t\t\t\t\t<div class=\"elementor-spacer\">\n\t\t\t<div class=\"elementor-spacer-inner\"><\/div>\n\t\t<\/div>\n\t\t\t\t\t\t<\/div>\n\t\t\t\t<\/div>\n\t\t\t\t<div class=\"elementor-element elementor-element-c428896 elementor-widget elementor-widget-heading\" data-id=\"c428896\" data-element_type=\"widget\" data-e-type=\"widget\" data-widget_type=\"heading.default\">\n\t\t\t\t<div class=\"elementor-widget-container\">\n\t\t\t\t\t<h1 class=\"elementor-heading-title elementor-size-default\">Aviso legal<\/h1>\t\t\t\t<\/div>\n\t\t\t\t<\/div>\n\t\t\t\t<div class=\"elementor-element elementor-element-6325a4f elementor-widget elementor-widget-text-editor\" data-id=\"6325a4f\" data-element_type=\"widget\" data-e-type=\"widget\" data-widget_type=\"text-editor.default\">\n\t\t\t\t<div class=\"elementor-widget-container\">\n\t\t\t\t\t\t\t\t\t<p>Marca: Anatomia Para Escultores<\/p><p>Empresa: Anatomy Next, Inc.<\/p><p>Endere\u00e7o: 6 Eliza Street. Beacon, NY 12508, EUA<\/p><p>Correio eletr\u00f3nico: support@anatomy4sculptors.com<\/p><p>Anatomy For Sculptors \u00ae - marca registada<\/p><p>Todos os direitos reservados \u00a9 2025 Anatomy Next, Inc.<\/p>\t\t\t\t\t\t\t\t<\/div>\n\t\t\t\t<\/div>\n\t\t\t\t<div class=\"elementor-element elementor-element-36e24b1 elementor-widget elementor-widget-spacer\" data-id=\"36e24b1\" data-element_type=\"widget\" data-e-type=\"widget\" data-widget_type=\"spacer.default\">\n\t\t\t\t<div class=\"elementor-widget-container\">\n\t\t\t\t\t\t\t<div class=\"elementor-spacer\">\n\t\t\t<div class=\"elementor-spacer-inner\"><\/div>\n\t\t<\/div>\n\t\t\t\t\t\t<\/div>\n\t\t\t\t<\/div>\n\t\t\t\t<div class=\"elementor-element elementor-element-f0c2df4 elementor-widget elementor-widget-heading\" data-id=\"f0c2df4\" data-element_type=\"widget\" data-e-type=\"widget\" data-widget_type=\"heading.default\">\n\t\t\t\t<div class=\"elementor-widget-container\">\n\t\t\t\t\t<h2 class=\"elementor-heading-title elementor-size-default\">Livros impressos: <\/h2>\t\t\t\t<\/div>\n\t\t\t\t<\/div>\n\t\t\t\t<div class=\"elementor-element elementor-element-f4dbea6 elementor-widget elementor-widget-text-editor\" data-id=\"f4dbea6\" data-element_type=\"widget\" data-e-type=\"widget\" data-widget_type=\"text-editor.default\">\n\t\t\t\t<div class=\"elementor-widget-container\">\n\t\t\t\t\t\t\t\t\t<p>Todos os direitos reservados: Todo o conte\u00fado desta publica\u00e7\u00e3o est\u00e1 protegido por direitos de autor, e a Anatomy Next, Inc. det\u00e9m os direitos de autor. N\u00e3o \u00e9 permitido digitalizar, copiar, duplicar, reproduzir, modificar, remover, apagar, aumentar, adicionar, publicar, transmitir, vender, revender, criar trabalhos derivados ou explorar de qualquer forma qualquer conte\u00fado desta publica\u00e7\u00e3o, sob qualquer forma e por qualquer meio, no todo ou em parte, sem a autoriza\u00e7\u00e3o pr\u00e9via por escrito da Anatomy Next, Inc.\u00a0<\/p>\t\t\t\t\t\t\t\t<\/div>\n\t\t\t\t<\/div>\n\t\t\t\t<div class=\"elementor-element elementor-element-48fb4a9 elementor-widget elementor-widget-spacer\" data-id=\"48fb4a9\" data-element_type=\"widget\" data-e-type=\"widget\" data-widget_type=\"spacer.default\">\n\t\t\t\t<div class=\"elementor-widget-container\">\n\t\t\t\t\t\t\t<div class=\"elementor-spacer\">\n\t\t\t<div class=\"elementor-spacer-inner\"><\/div>\n\t\t<\/div>\n\t\t\t\t\t\t<\/div>\n\t\t\t\t<\/div>\n\t\t\t\t<div class=\"elementor-element elementor-element-e87a08a elementor-widget elementor-widget-heading\" data-id=\"e87a08a\" data-element_type=\"widget\" data-e-type=\"widget\" data-widget_type=\"heading.default\">\n\t\t\t\t<div class=\"elementor-widget-container\">\n\t\t\t\t\t<h2 class=\"elementor-heading-title elementor-size-default\">E-books:<\/h2>\t\t\t\t<\/div>\n\t\t\t\t<\/div>\n\t\t\t\t<div class=\"elementor-element elementor-element-9b868a7 elementor-widget elementor-widget-text-editor\" data-id=\"9b868a7\" data-element_type=\"widget\" data-e-type=\"widget\" data-widget_type=\"text-editor.default\">\n\t\t\t\t<div class=\"elementor-widget-container\">\n\t\t\t\t\t\t\t\t\t<p>Leia atentamente este contrato de licen\u00e7a antes de utilizar este livro eletr\u00f3nico. A utiliza\u00e7\u00e3o deste livro eletr\u00f3nico constitui a sua concord\u00e2ncia com os termos e condi\u00e7\u00f5es estabelecidos neste Contrato de Licen\u00e7a.<\/p><p>Este trabalho est\u00e1 protegido por direitos de autor pela Anatomy Next, Inc., que concede ao utilizador deste livro eletr\u00f3nico uma licen\u00e7a n\u00e3o exclusiva e intransmiss\u00edvel para descarregar e utilizar este livro eletr\u00f3nico de acordo com os seguintes termos e condi\u00e7\u00f5es:<\/p>\t\t\t\t\t\t\t\t<\/div>\n\t\t\t\t<\/div>\n\t\t\t\t<div class=\"elementor-element elementor-element-a2d705a elementor-widget elementor-widget-text-editor\" data-id=\"a2d705a\" data-element_type=\"widget\" data-e-type=\"widget\" data-widget_type=\"text-editor.default\">\n\t\t\t\t<div class=\"elementor-widget-container\">\n\t\t\t\t\t\t\t\t\t<p><strong>1.\u00a0<\/strong>Este livro eletr\u00f3nico s\u00f3 pode ser descarregado e utilizado por um \u00fanico utilizador. O utilizador pode fazer uma c\u00f3pia de seguran\u00e7a desta publica\u00e7\u00e3o para evitar perd\u00ea-la. O utilizador n\u00e3o pode dar c\u00f3pias desta publica\u00e7\u00e3o a outros nem disponibiliz\u00e1-la para que outros a copiem ou descarreguem. Para obter uma licen\u00e7a para v\u00e1rios utilizadores, contacte - support@anatomy4sculptors.com<\/p>\t\t\t\t\t\t\t\t<\/div>\n\t\t\t\t<\/div>\n\t\t\t\t<div class=\"elementor-element elementor-element-013e007 elementor-widget elementor-widget-text-editor\" data-id=\"013e007\" data-element_type=\"widget\" data-e-type=\"widget\" data-widget_type=\"text-editor.default\">\n\t\t\t\t<div class=\"elementor-widget-container\">\n\t\t\t\t\t\t\t\t\t<p><strong>2.\u00a0<\/strong>Todos os direitos reservados: Todo o conte\u00fado desta publica\u00e7\u00e3o est\u00e1 protegido por direitos de autor, e a Anatomy Next, Inc. det\u00e9m os direitos de autor. N\u00e3o \u00e9 permitido copiar, duplicar, reproduzir, modificar, remover, eliminar, aumentar, adicionar, publicar, transmitir, vender, revender, criar trabalhos derivados ou explorar de qualquer forma qualquer conte\u00fado desta publica\u00e7\u00e3o, sob qualquer forma e por qualquer meio, no todo ou em parte, sem a autoriza\u00e7\u00e3o pr\u00e9via por escrito da Anatomy Next, Inc.<\/p>\t\t\t\t\t\t\t\t<\/div>\n\t\t\t\t<\/div>\n\t\t\t\t<div class=\"elementor-element elementor-element-ba3e303 elementor-widget elementor-widget-text-editor\" data-id=\"ba3e303\" data-element_type=\"widget\" data-e-type=\"widget\" data-widget_type=\"text-editor.default\">\n\t\t\t\t<div class=\"elementor-widget-container\">\n\t\t\t\t\t\t\t\t\t<p><strong>3.\u00a0<\/strong>O utilizador n\u00e3o pode imprimir p\u00e1ginas deste livro eletr\u00f3nico ou todo o livro eletr\u00f3nico para uso pessoal ou distribui\u00e7\u00e3o geral, para promo\u00e7\u00e3o, para criar novos trabalhos ou para revenda. Deve ser obtida uma autoriza\u00e7\u00e3o espec\u00edfica da editora para tais requisitos. Os pedidos devem ser enviados para support@anatomy4sculptors.com<\/p>\t\t\t\t\t\t\t\t<\/div>\n\t\t\t\t<\/div>\n\t\t\t\t<div class=\"elementor-element elementor-element-6f5067a elementor-widget elementor-widget-text-editor\" data-id=\"6f5067a\" data-element_type=\"widget\" data-e-type=\"widget\" data-widget_type=\"text-editor.default\">\n\t\t\t\t<div class=\"elementor-widget-container\">\n\t\t\t\t\t\t\t\t\t<p><strong>4.\u00a0<\/strong>A utiliza\u00e7\u00e3o ou distribui\u00e7\u00e3o n\u00e3o autorizada de conte\u00fados protegidos por direitos de autor ou outros conte\u00fados propriet\u00e1rios \u00e9 ilegal e pode sujeitar o comprador a danos monet\u00e1rios substanciais. O comprador ser\u00e1 respons\u00e1vel por quaisquer danos resultantes da utiliza\u00e7\u00e3o indevida desta publica\u00e7\u00e3o ou de qualquer viola\u00e7\u00e3o deste Contrato de Licen\u00e7a, incluindo qualquer infra\u00e7\u00e3o de direitos de autor ou direitos de propriedade.\u00a0<\/p>\t\t\t\t\t\t\t\t<\/div>\n\t\t\t\t<\/div>\n\t\t\t\t<div class=\"elementor-element elementor-element-e4d8126 elementor-widget elementor-widget-text-editor\" data-id=\"e4d8126\" data-element_type=\"widget\" data-e-type=\"widget\" data-widget_type=\"text-editor.default\">\n\t\t\t\t<div class=\"elementor-widget-container\">\n\t\t\t\t\t\t\t\t\t<p>Isen\u00e7\u00e3o de Garantia: A editora n\u00e3o garante que as informa\u00e7\u00f5es nesta publica\u00e7\u00e3o estejam isentas de erros, nem que atendam \u00e0s necessidades dos usu\u00e1rios, ou ainda que o funcionamento da publica\u00e7\u00e3o seja ininterrupto ou livre de erros. A publica\u00e7\u00e3o \u00e9 fornecida &quot;no estado em que se encontra&quot;, sem qualquer garantia, expressa, impl\u00edcita ou legal, incluindo, sem limita\u00e7\u00e3o, garantias impl\u00edcitas de comercializa\u00e7\u00e3o e adequa\u00e7\u00e3o a uma finalidade espec\u00edfica. O usu\u00e1rio assume integralmente o risco quanto aos resultados e ao desempenho desta publica\u00e7\u00e3o. Em nenhuma hip\u00f3tese a editora ser\u00e1 respons\u00e1vel por quaisquer danos, incluindo, sem limita\u00e7\u00e3o, danos incidentais e consequenciais, e danos por perda de dados ou lucros decorrentes do uso ou da impossibilidade de uso da publica\u00e7\u00e3o. A responsabilidade total da editora estar\u00e1 limitada ao valor efetivamente pago pelo usu\u00e1rio pelo e-book ou pelo contrato de licen\u00e7a do e-book.<\/p>\t\t\t\t\t\t\t\t<\/div>\n\t\t\t\t<\/div>\n\t\t\t\t<div class=\"elementor-element elementor-element-e2651ad elementor-widget elementor-widget-text-editor\" data-id=\"e2651ad\" data-element_type=\"widget\" data-e-type=\"widget\" data-widget_type=\"text-editor.default\">\n\t\t\t\t<div class=\"elementor-widget-container\">\n\t\t\t\t\t\t\t\t\t<p>Aviso sobre o produto eBook: A Anatomy Next, Inc., sua equipe e membros do conselho n\u00e3o se responsabilizam por quaisquer les\u00f5es e\/ou danos a pessoas ou propriedades decorrentes de responsabilidade pelo produto, neglig\u00eancia ou qualquer outro motivo, ou pelo uso ou opera\u00e7\u00e3o de quaisquer m\u00e9todos ou ideias contidos na publica\u00e7\u00e3o adquirida ou lida pelo(s) usu\u00e1rio(s). Qualquer disputa ser\u00e1 regida exclusivamente pelas leis dos EUA.<\/p>\t\t\t\t\t\t\t\t<\/div>\n\t\t\t\t<\/div>\n\t\t\t\t<div class=\"elementor-element elementor-element-4d49189 elementor-widget elementor-widget-spacer\" data-id=\"4d49189\" data-element_type=\"widget\" data-e-type=\"widget\" data-widget_type=\"spacer.default\">\n\t\t\t\t<div class=\"elementor-widget-container\">\n\t\t\t\t\t\t\t<div class=\"elementor-spacer\">\n\t\t\t<div class=\"elementor-spacer-inner\"><\/div>\n\t\t<\/div>\n\t\t\t\t\t\t<\/div>\n\t\t\t\t<\/div>\n\t\t\t\t<\/div>\n\t\t\t\t\t<\/div>\n\t\t\t\t<\/div>\n\t\t\t\t<\/div>","protected":false},"excerpt":{"rendered":"<p>Legal notice Brand: Anatomy For Sculptors Company: Anatomy Next, Inc. Address: 6 Eliza Street. Beacon, NY 12508, USA Email: support@anatomy4sculptors.com Anatomy For Sculptors \u00ae &#8211; trademark registered All rights reserved \u00a9 2025 Anatomy Next, Inc. Printed books: All rights reserved: All content in this publication is copyrighted, and Anatomy Next, Inc. owns the copyright. You [&hellip;]<\/p>\n","protected":false},"author":1,"featured_media":0,"parent":0,"menu_order":0,"comment_status":"closed","ping_status":"closed","template":"elementor_header_footer","meta":{"_mo_disable_npp":"","footnotes":""},"class_list":["post-2750","page","type-page","status-publish","hentry"],"_links":{"self":[{"href":"https:\/\/anatomy4sculptors.com\/pt\/wp-json\/wp\/v2\/pages\/2750","targetHints":{"allow":["GET"]}}],"collection":[{"href":"https:\/\/anatomy4sculptors.com\/pt\/wp-json\/wp\/v2\/pages"}],"about":[{"href":"https:\/\/anatomy4sculptors.com\/pt\/wp-json\/wp\/v2\/types\/page"}],"author":[{"embeddable":true,"href":"https:\/\/anatomy4sculptors.com\/pt\/wp-json\/wp\/v2\/users\/1"}],"replies":[{"embeddable":true,"href":"https:\/\/anatomy4sculptors.com\/pt\/wp-json\/wp\/v2\/comments?post=2750"}],"version-history":[{"count":6,"href":"https:\/\/anatomy4sculptors.com\/pt\/wp-json\/wp\/v2\/pages\/2750\/revisions"}],"predecessor-version":[{"id":80853,"href":"https:\/\/anatomy4sculptors.com\/pt\/wp-json\/wp\/v2\/pages\/2750\/revisions\/80853"}],"wp:attachment":[{"href":"https:\/\/anatomy4sculptors.com\/pt\/wp-json\/wp\/v2\/media?parent=2750"}],"curies":[{"name":"wp","href":"https:\/\/api.w.org\/{rel}","templated":true}]}}