{"id":2786,"date":"2021-11-15T09:52:50","date_gmt":"2021-11-15T09:52:50","guid":{"rendered":"https:\/\/anatomy4sculptors.com\/?page_id=2786"},"modified":"2024-02-07T13:54:31","modified_gmt":"2024-02-07T10:54:31","slug":"politica-de-envio","status":"publish","type":"page","link":"https:\/\/anatomy4sculptors.com\/pt\/shipping-policy\/","title":{"rendered":"Pol\u00edtica de envio"},"content":{"rendered":"<div data-elementor-type=\"wp-page\" data-elementor-id=\"2786\" class=\"elementor elementor-2786\" data-elementor-post-type=\"page\">\n\t\t\t\t<div class=\"elementor-element elementor-element-06e87d4 e-flex e-con-boxed e-con e-parent\" data-id=\"06e87d4\" data-element_type=\"container\" data-e-type=\"container\" data-settings=\"{&quot;background_background&quot;:&quot;classic&quot;}\">\n\t\t\t\t\t<div class=\"e-con-inner\">\n\t\t<div class=\"elementor-element elementor-element-cda8c34 e-con-full e-flex e-con e-child\" data-id=\"cda8c34\" data-element_type=\"container\" data-e-type=\"container\" data-settings=\"{&quot;background_background&quot;:&quot;classic&quot;}\">\n\t\t\t\t<div class=\"elementor-element elementor-element-7af47d6 elementor-widget elementor-widget-spacer\" data-id=\"7af47d6\" data-element_type=\"widget\" data-e-type=\"widget\" data-widget_type=\"spacer.default\">\n\t\t\t\t<div class=\"elementor-widget-container\">\n\t\t\t\t\t\t\t<div class=\"elementor-spacer\">\n\t\t\t<div class=\"elementor-spacer-inner\"><\/div>\n\t\t<\/div>\n\t\t\t\t\t\t<\/div>\n\t\t\t\t<\/div>\n\t\t\t\t<div class=\"elementor-element elementor-element-20a51f2 elementor-widget elementor-widget-heading\" data-id=\"20a51f2\" data-element_type=\"widget\" data-e-type=\"widget\" data-widget_type=\"heading.default\">\n\t\t\t\t<div class=\"elementor-widget-container\">\n\t\t\t\t\t<h1 class=\"elementor-heading-title elementor-size-default\">Pol\u00edtica de envio<\/h1>\t\t\t\t<\/div>\n\t\t\t\t<\/div>\n\t\t\t\t<div class=\"elementor-element elementor-element-be1d6bc elementor-widget elementor-widget-text-editor\" data-id=\"be1d6bc\" data-element_type=\"widget\" data-e-type=\"widget\" data-widget_type=\"text-editor.default\">\n\t\t\t\t<div class=\"elementor-widget-container\">\n\t\t\t\t\t\t\t\t\t<p>Esta pol\u00edtica de envio descreve as informa\u00e7\u00f5es mais importantes sobre o envio quando uma encomenda \u00e9 efectuada neste site - anatomy4sculptors.com<\/p>\t\t\t\t\t\t\t\t<\/div>\n\t\t\t\t<\/div>\n\t\t\t\t<div class=\"elementor-element elementor-element-78996dc elementor-widget elementor-widget-spacer\" data-id=\"78996dc\" data-element_type=\"widget\" data-e-type=\"widget\" data-widget_type=\"spacer.default\">\n\t\t\t\t<div class=\"elementor-widget-container\">\n\t\t\t\t\t\t\t<div class=\"elementor-spacer\">\n\t\t\t<div class=\"elementor-spacer-inner\"><\/div>\n\t\t<\/div>\n\t\t\t\t\t\t<\/div>\n\t\t\t\t<\/div>\n\t\t\t\t<div class=\"elementor-element elementor-element-d1faec2 elementor-widget elementor-widget-heading\" data-id=\"d1faec2\" data-element_type=\"widget\" data-e-type=\"widget\" data-widget_type=\"heading.default\">\n\t\t\t\t<div class=\"elementor-widget-container\">\n\t\t\t\t\t<h2 class=\"elementor-heading-title elementor-size-default\">Confirma\u00e7\u00e3o de compra<\/h2>\t\t\t\t<\/div>\n\t\t\t\t<\/div>\n\t\t\t\t<div class=\"elementor-element elementor-element-aa2f4e0 elementor-widget elementor-widget-text-editor\" data-id=\"aa2f4e0\" data-element_type=\"widget\" data-e-type=\"widget\" data-widget_type=\"text-editor.default\">\n\t\t\t\t<div class=\"elementor-widget-container\">\n\t\t\t\t\t\t\t\t\t<p>Ap\u00f3s um checkout bem sucedido, o cliente recebe uma mensagem de correio eletr\u00f3nico de confirma\u00e7\u00e3o da encomenda no endere\u00e7o de correio eletr\u00f3nico fornecido. Todas as encomendas s\u00e3o normalmente processadas no prazo de 2 a 3 dias \u00fateis (exceto fins-de-semana e feriados) ap\u00f3s a rece\u00e7\u00e3o desta mensagem de confirma\u00e7\u00e3o.<\/p><p>O cliente receber\u00e1 outra notifica\u00e7\u00e3o quando a encomenda tiver sido enviada. Esta mensagem de correio eletr\u00f3nico cont\u00e9m um n\u00famero de seguimento e informa\u00e7\u00f5es sobre os dados de envio e o m\u00e9todo de entrega fornecidos pelo cliente.<\/p>\t\t\t\t\t\t\t\t<\/div>\n\t\t\t\t<\/div>\n\t\t\t\t<div class=\"elementor-element elementor-element-606c9e3 elementor-widget elementor-widget-heading\" data-id=\"606c9e3\" data-element_type=\"widget\" data-e-type=\"widget\" data-widget_type=\"heading.default\">\n\t\t\t\t<div class=\"elementor-widget-container\">\n\t\t\t\t\t<h2 class=\"elementor-heading-title elementor-size-default\">Pre\u00e7os de envio<\/h2>\t\t\t\t<\/div>\n\t\t\t\t<\/div>\n\t\t\t\t<div class=\"elementor-element elementor-element-f7037e7 elementor-widget elementor-widget-text-editor\" data-id=\"f7037e7\" data-element_type=\"widget\" data-e-type=\"widget\" data-widget_type=\"text-editor.default\">\n\t\t\t\t<div class=\"elementor-widget-container\">\n\t\t\t\t\t\t\t\t\t<p>Utilizando v\u00e1rios parceiros de entrega, enviamos os nossos produtos para qualquer parte do mundo. Os custos de envio da sua encomenda ser\u00e3o calculados e apresentados no momento do checkout.<\/p><p>O pre\u00e7o depende do peso do produto, da quantidade de encomendas individuais necess\u00e1rias para a encomenda, do destino de envio e do m\u00e9todo de entrega.<\/p><p>A forma mais r\u00e1pida de obter uma estimativa exacta do pre\u00e7o de envio \u00e9 montar o carrinho desejado e introduzir o endere\u00e7o de envio no checkout. Ser-lhe-\u00e3o apresentados v\u00e1rios m\u00e9todos de entrega com os pre\u00e7os indicados ao lado.<\/p><p>As empresas de transporte calculam o pre\u00e7o do transporte e n\u00e3o dependem diretamente do vendedor.<\/p>\t\t\t\t\t\t\t\t<\/div>\n\t\t\t\t<\/div>\n\t\t\t\t<div class=\"elementor-element elementor-element-391d7f5 elementor-widget elementor-widget-heading\" data-id=\"391d7f5\" data-element_type=\"widget\" data-e-type=\"widget\" data-widget_type=\"heading.default\">\n\t\t\t\t<div class=\"elementor-widget-container\">\n\t\t\t\t\t<h2 class=\"elementor-heading-title elementor-size-default\">Prazo de entrega<\/h2>\t\t\t\t<\/div>\n\t\t\t\t<\/div>\n\t\t\t\t<div class=\"elementor-element elementor-element-3e825fe elementor-widget elementor-widget-text-editor\" data-id=\"3e825fe\" data-element_type=\"widget\" data-e-type=\"widget\" data-widget_type=\"text-editor.default\">\n\t\t\t\t<div class=\"elementor-widget-container\">\n\t\t\t\t\t\t\t\t\tO prazo de entrega baseia-se no destino de envio e no m\u00e9todo de envio selecionado no checkout.\n<ul> <br>\n \t<li>Envio normal - o prazo de entrega \u00e9 de 14 dias nos EUA e no Canad\u00e1, 30 dias na Europa e 60 dias no resto do mundo. O envio normal \u00e9 assegurado atrav\u00e9s de um sistema de correio global.<\/li> <br>\n \t<li>Envio expresso - at\u00e9 7 dias nos EUA e Canad\u00e1 e at\u00e9 14 dias no resto do mundo. O envio expresso oferece-lhe o tempo de envio mais curto poss\u00edvel e \u00e9 efectuado por empresas de log\u00edstica privadas. O envio expresso aplica-se automaticamente a encomendas superiores a 200 USD.<\/li>\n<\/ul>\t\t\t\t\t\t\t\t<\/div>\n\t\t\t\t<\/div>\n\t\t\t\t<div class=\"elementor-element elementor-element-54711aa elementor-widget elementor-widget-heading\" data-id=\"54711aa\" data-element_type=\"widget\" data-e-type=\"widget\" data-widget_type=\"heading.default\">\n\t\t\t\t<div class=\"elementor-widget-container\">\n\t\t\t\t\t<h2 class=\"elementor-heading-title elementor-size-default\">Processo de entrega<\/h2>\t\t\t\t<\/div>\n\t\t\t\t<\/div>\n\t\t\t\t<div class=\"elementor-element elementor-element-93a899f elementor-widget elementor-widget-text-editor\" data-id=\"93a899f\" data-element_type=\"widget\" data-e-type=\"widget\" data-widget_type=\"text-editor.default\">\n\t\t\t\t<div class=\"elementor-widget-container\">\n\t\t\t\t\t\t\t\t\t<p>Quando a sua encomenda for expedida, receber\u00e1 uma notifica\u00e7\u00e3o por correio eletr\u00f3nico, incluindo um n\u00famero de seguimento que poder\u00e1 utilizar para verificar o estado da mesma.<\/p><p>Dependendo do parceiro de entrega, as entregas s\u00e3o efectuadas durante o hor\u00e1rio normal de expediente nos dias \u00fateis. O nosso parceiro de entregas local contact\u00e1-lo-\u00e1 normalmente atrav\u00e9s dos dados de contacto que forneceu no momento do checkout para o notificar no dia da sua chegada.<\/p><p>Tenha em aten\u00e7\u00e3o que confiamos nos nossos parceiros de entrega. Se a compra estiver marcada como \"entregue\" no nosso sistema, n\u00e3o assumimos qualquer responsabilidade se os clientes n\u00e3o receberem um produto por estarem ausentes, escolherem um m\u00e9todo de entrega n\u00e3o seguro (por exemplo, agentes de entrega de terceiros, uma caixa de correio avariada ou semelhante) ou nos fornecerem informa\u00e7\u00f5es de entrega incorrectas. Nestes casos, o reembolso ser\u00e1, infelizmente, imposs\u00edvel.<\/p><p>Em todos os outros casos, qualquer produto perdido em tr\u00e2nsito ser\u00e1 reenviado sem que o cliente tenha de suportar os custos de envio.<\/p><p>A sua encomenda pode estar sujeita a taxas e impostos de importa\u00e7\u00e3o (incluindo IVA) incorridos quando a encomenda chega ao seu pa\u00eds de destino. A Anatomy Next, Inc. n\u00e3o \u00e9 respons\u00e1vel por estes encargos, caso sejam aplicados; estes s\u00e3o da responsabilidade do cliente.<\/p><p>A Anatomy Next, Inc. n\u00e3o assume qualquer responsabilidade em caso de eventuais atrasos fora do nosso controlo, tais como problemas nos servi\u00e7os postais ou um n\u00famero extremamente elevado de encomendas.\u00a0<\/p><p>Se n\u00e3o tiver recebido a sua encomenda no prazo de 30 dias ap\u00f3s a rece\u00e7\u00e3o do e-mail de confirma\u00e7\u00e3o de envio, contacte-nos atrav\u00e9s de <a href=\"mailto:support@anatomy4sculptors.com\">support@anatomy4sculptors.com<\/a> com o seu nome e o n\u00famero de encomenda, e iremos analisar a situa\u00e7\u00e3o.<\/p><p>Se o cliente n\u00e3o levantar a encomenda no endere\u00e7o de entrega no prazo indicado na nota de entrega do agente de entregas local, a encomenda pode ser automaticamente anulada sem direito a reembolso.<\/p><p>Se tiver mais alguma quest\u00e3o, n\u00e3o hesite em contactar-nos atrav\u00e9s de <a href=\"mailto:support@anatomy4sculptors.com\">support@anatomy4sculptors.com<\/a><\/p>\t\t\t\t\t\t\t\t<\/div>\n\t\t\t\t<\/div>\n\t\t\t\t<div class=\"elementor-element elementor-element-b910c4f elementor-widget elementor-widget-spacer\" data-id=\"b910c4f\" data-element_type=\"widget\" data-e-type=\"widget\" data-widget_type=\"spacer.default\">\n\t\t\t\t<div class=\"elementor-widget-container\">\n\t\t\t\t\t\t\t<div class=\"elementor-spacer\">\n\t\t\t<div class=\"elementor-spacer-inner\"><\/div>\n\t\t<\/div>\n\t\t\t\t\t\t<\/div>\n\t\t\t\t<\/div>\n\t\t\t\t<\/div>\n\t\t\t\t\t<\/div>\n\t\t\t\t<\/div>\n\t\t\t\t<\/div>","protected":false},"excerpt":{"rendered":"<p>Shipping policy This Shipping policy outlines the most important information about shipping when an order is placed on this site &#8211; anatomy4sculptors.com Purchase confirmation After a successful checkout, the customer receives an order confirmation email to their provided email address. All orders are typically processed within 2 to 3 business days (excluding weekends and holidays) [&hellip;]<\/p>\n","protected":false},"author":1,"featured_media":0,"parent":0,"menu_order":0,"comment_status":"closed","ping_status":"closed","template":"elementor_header_footer","meta":{"_mo_disable_npp":"","footnotes":""},"class_list":["post-2786","page","type-page","status-publish","hentry"],"_links":{"self":[{"href":"https:\/\/anatomy4sculptors.com\/pt\/wp-json\/wp\/v2\/pages\/2786","targetHints":{"allow":["GET"]}}],"collection":[{"href":"https:\/\/anatomy4sculptors.com\/pt\/wp-json\/wp\/v2\/pages"}],"about":[{"href":"https:\/\/anatomy4sculptors.com\/pt\/wp-json\/wp\/v2\/types\/page"}],"author":[{"embeddable":true,"href":"https:\/\/anatomy4sculptors.com\/pt\/wp-json\/wp\/v2\/users\/1"}],"replies":[{"embeddable":true,"href":"https:\/\/anatomy4sculptors.com\/pt\/wp-json\/wp\/v2\/comments?post=2786"}],"version-history":[{"count":0,"href":"https:\/\/anatomy4sculptors.com\/pt\/wp-json\/wp\/v2\/pages\/2786\/revisions"}],"wp:attachment":[{"href":"https:\/\/anatomy4sculptors.com\/pt\/wp-json\/wp\/v2\/media?parent=2786"}],"curies":[{"name":"wp","href":"https:\/\/api.w.org\/{rel}","templated":true}]}}