{"id":2800,"date":"2021-11-15T10:00:30","date_gmt":"2021-11-15T10:00:30","guid":{"rendered":"https:\/\/anatomy4sculptors.com\/?page_id=2800"},"modified":"2024-02-07T14:23:16","modified_gmt":"2024-02-07T11:23:16","slug":"politica-de-privacidade","status":"publish","type":"page","link":"https:\/\/anatomy4sculptors.com\/pt\/privacy-policy\/","title":{"rendered":"Pol\u00edtica de privacidade"},"content":{"rendered":"<div data-elementor-type=\"wp-page\" data-elementor-id=\"2800\" class=\"elementor elementor-2800\" data-elementor-post-type=\"page\">\n\t\t\t\t<div class=\"elementor-element elementor-element-6d8884f e-flex e-con-boxed e-con e-parent\" data-id=\"6d8884f\" data-element_type=\"container\" data-e-type=\"container\" data-settings=\"{&quot;background_background&quot;:&quot;classic&quot;}\">\n\t\t\t\t\t<div class=\"e-con-inner\">\n\t\t<div class=\"elementor-element elementor-element-b6accb9 e-con-full e-flex e-con e-child\" data-id=\"b6accb9\" data-element_type=\"container\" data-e-type=\"container\" data-settings=\"{&quot;background_background&quot;:&quot;classic&quot;}\">\n\t\t\t\t<div class=\"elementor-element elementor-element-954ebc9 elementor-widget elementor-widget-spacer\" data-id=\"954ebc9\" data-element_type=\"widget\" data-e-type=\"widget\" data-widget_type=\"spacer.default\">\n\t\t\t\t<div class=\"elementor-widget-container\">\n\t\t\t\t\t\t\t<div class=\"elementor-spacer\">\n\t\t\t<div class=\"elementor-spacer-inner\"><\/div>\n\t\t<\/div>\n\t\t\t\t\t\t<\/div>\n\t\t\t\t<\/div>\n\t\t\t\t<div class=\"elementor-element elementor-element-6e7bec9 elementor-widget elementor-widget-heading\" data-id=\"6e7bec9\" data-element_type=\"widget\" data-e-type=\"widget\" data-widget_type=\"heading.default\">\n\t\t\t\t<div class=\"elementor-widget-container\">\n\t\t\t\t\t<h1 class=\"elementor-heading-title elementor-size-default\">Pol\u00edtica de privacidade<\/h1>\t\t\t\t<\/div>\n\t\t\t\t<\/div>\n\t\t\t\t<div class=\"elementor-element elementor-element-2abf25a elementor-widget elementor-widget-text-editor\" data-id=\"2abf25a\" data-element_type=\"widget\" data-e-type=\"widget\" data-widget_type=\"text-editor.default\">\n\t\t\t\t<div class=\"elementor-widget-container\">\n\t\t\t\t\t\t\t\t\t<p>Esta Pol\u00edtica de Privacidade descreve como suas informa\u00e7\u00f5es pessoais s\u00e3o coletadas, usadas e compartilhadas quando voc\u00ea visita ou faz uma compra em anatomia4sculptors.com como um \u201csite\u201d. E \u201cAnatomy Next, Inc.\u201d como \u201cempresa\u201d<\/p>\t\t\t\t\t\t\t\t<\/div>\n\t\t\t\t<\/div>\n\t\t\t\t<div class=\"elementor-element elementor-element-9b1319b elementor-widget elementor-widget-spacer\" data-id=\"9b1319b\" data-element_type=\"widget\" data-e-type=\"widget\" data-widget_type=\"spacer.default\">\n\t\t\t\t<div class=\"elementor-widget-container\">\n\t\t\t\t\t\t\t<div class=\"elementor-spacer\">\n\t\t\t<div class=\"elementor-spacer-inner\"><\/div>\n\t\t<\/div>\n\t\t\t\t\t\t<\/div>\n\t\t\t\t<\/div>\n\t\t\t\t<div class=\"elementor-element elementor-element-b08cc60 elementor-widget elementor-widget-heading\" data-id=\"b08cc60\" data-element_type=\"widget\" data-e-type=\"widget\" data-widget_type=\"heading.default\">\n\t\t\t\t<div class=\"elementor-widget-container\">\n\t\t\t\t\t<h2 class=\"elementor-heading-title elementor-size-default\">Informa\u00e7\u00f5es que coletamos<\/h2>\t\t\t\t<\/div>\n\t\t\t\t<\/div>\n\t\t\t\t<div class=\"elementor-element elementor-element-a117151 elementor-widget elementor-widget-text-editor\" data-id=\"a117151\" data-element_type=\"widget\" data-e-type=\"widget\" data-widget_type=\"text-editor.default\">\n\t\t\t\t<div class=\"elementor-widget-container\">\n\t\t\t\t\t\t\t\t\t<p>Quando voc\u00ea visita o Site, coletamos automaticamente certas informa\u00e7\u00f5es sobre o seu dispositivo, incluindo informa\u00e7\u00f5es sobre seu navegador, endere\u00e7o IP, fuso hor\u00e1rio e alguns dos cookies instalados no seu dispositivo.\u00a0<\/p><p>Al\u00e9m disso, \u00e0 medida que voc\u00ea navega no Site, coletamos informa\u00e7\u00f5es sobre as p\u00e1ginas da web ou produtos individuais que voc\u00ea visualiza, quais sites ou termos de pesquisa o encaminharam para o Site e como voc\u00ea interage com o Site. Referimo-nos a essas informa\u00e7\u00f5es coletadas automaticamente como \u201cInforma\u00e7\u00f5es do dispositivo\u201d.<\/p><p>Coletamos informa\u00e7\u00f5es do dispositivo usando as seguintes tecnologias:<\/p><p>\u2013 \u201cCookies\u201d s\u00e3o arquivos de dados que s\u00e3o colocados no seu dispositivo ou computador e geralmente incluem um identificador an\u00f4nimo exclusivo. Para obter mais informa\u00e7\u00f5es sobre cookies e como desativ\u00e1-los, visite http:\/\/www.allaboutcookies.org.<\/p><p>\u2013 \u201cArquivos de log\u201d rastreiam a\u00e7\u00f5es que ocorrem no Site e coletam dados, incluindo seu endere\u00e7o IP, tipo de navegador, p\u00e1ginas de refer\u00eancia\/sa\u00edda e carimbos de data\/hora.<\/p><p>\u2013 \u201cWeb beacons\u201d, \u201ctags\u201d e \u201cpixels\u201d s\u00e3o arquivos eletr\u00f4nicos usados para registrar informa\u00e7\u00f5es sobre como voc\u00ea navega no Site.<\/p><p>\u2013 Ao utilizar nosso site, voc\u00ea (o visitante) concorda em permitir que terceiros processem seu endere\u00e7o IP para determinar sua localiza\u00e7\u00e3o para convers\u00e3o de moeda. Voc\u00ea tamb\u00e9m concorda em ter essa moeda armazenada em um cookie de sess\u00e3o no seu navegador (um cookie tempor\u00e1rio que \u00e9 removido automaticamente quando voc\u00ea fecha o navegador). Fazemos isso para que a moeda selecionada permane\u00e7a selecionada e consistente ao navegar em nosso site, para que os pre\u00e7os possam ser convertidos para a moeda local (do visitante).<\/p><p>-Quando voc\u00ea faz uma compra ou tenta comprar atrav\u00e9s do Site, coletamos certas informa\u00e7\u00f5es suas, incluindo seu nome, endere\u00e7o de cobran\u00e7a, endere\u00e7o de entrega, informa\u00e7\u00f5es de pagamento (incluindo n\u00fameros de cart\u00e3o de cr\u00e9dito), endere\u00e7o de e-mail e n\u00famero de telefone. Referimo-nos a essas informa\u00e7\u00f5es como \u201cInforma\u00e7\u00f5es do pedido\u201d.<\/p><p>Quando falamos sobre \u201cInforma\u00e7\u00f5es Pessoais\u201d nesta Pol\u00edtica de Privacidade, estamos falando sobre Informa\u00e7\u00f5es do Dispositivo e Informa\u00e7\u00f5es do Pedido.<\/p>\t\t\t\t\t\t\t\t<\/div>\n\t\t\t\t<\/div>\n\t\t\t\t<div class=\"elementor-element elementor-element-3434f84 elementor-widget elementor-widget-spacer\" data-id=\"3434f84\" data-element_type=\"widget\" data-e-type=\"widget\" data-widget_type=\"spacer.default\">\n\t\t\t\t<div class=\"elementor-widget-container\">\n\t\t\t\t\t\t\t<div class=\"elementor-spacer\">\n\t\t\t<div class=\"elementor-spacer-inner\"><\/div>\n\t\t<\/div>\n\t\t\t\t\t\t<\/div>\n\t\t\t\t<\/div>\n\t\t\t\t<div class=\"elementor-element elementor-element-dbb5f49 elementor-widget elementor-widget-heading\" data-id=\"dbb5f49\" data-element_type=\"widget\" data-e-type=\"widget\" data-widget_type=\"heading.default\">\n\t\t\t\t<div class=\"elementor-widget-container\">\n\t\t\t\t\t<h2 class=\"elementor-heading-title elementor-size-default\">Como usamos suas informa\u00e7\u00f5es pessoais<\/h2>\t\t\t\t<\/div>\n\t\t\t\t<\/div>\n\t\t\t\t<div class=\"elementor-element elementor-element-410ebd5 elementor-widget elementor-widget-text-editor\" data-id=\"410ebd5\" data-element_type=\"widget\" data-e-type=\"widget\" data-widget_type=\"text-editor.default\">\n\t\t\t\t<div class=\"elementor-widget-container\">\n\t\t\t\t\t\t\t\t\tUsamos as Informa\u00e7\u00f5es de Pedido que geralmente coletamos para atender quaisquer pedidos feitos atrav\u00e9s do Site (incluindo processar suas informa\u00e7\u00f5es de pagamento, organizar o envio e fornecer faturas e\/ou confirma\u00e7\u00f5es de pedido). Al\u00e9m disso, usamos essas informa\u00e7\u00f5es do pedido para: <br> <br>\n<ul>\n \t<li>Comunicar com voc\u00ea;<\/li>\n \t<li>Analisar nossos pedidos quanto a poss\u00edveis riscos ou fraudes;<\/li>\n \t<li>Quando estiver de acordo com as prefer\u00eancias que voc\u00ea compartilhou conosco, fornecer-lhe informa\u00e7\u00f5es ou publicidade relativa aos nossos produtos ou servi\u00e7os.<\/li>\n<\/ul> <br> \nUsamos as Informa\u00e7\u00f5es do Dispositivo que coletamos para nos ajudar a rastrear poss\u00edveis riscos e fraudes (em particular, seu endere\u00e7o IP) e, de forma mais geral, para melhorar e aprimorar nosso Site (por exemplo, gerando an\u00e1lises sobre como nossos clientes navegam e interagem com o Site e para avaliar o sucesso de nossas campanhas de marketing e publicidade).\t\t\t\t\t\t\t\t<\/div>\n\t\t\t\t<\/div>\n\t\t\t\t<div class=\"elementor-element elementor-element-268be57 elementor-widget elementor-widget-heading\" data-id=\"268be57\" data-element_type=\"widget\" data-e-type=\"widget\" data-widget_type=\"heading.default\">\n\t\t\t\t<div class=\"elementor-widget-container\">\n\t\t\t\t\t<h2 class=\"elementor-heading-title elementor-size-default\">Compartilhando suas informa\u00e7\u00f5es pessoais<\/h2>\t\t\t\t<\/div>\n\t\t\t\t<\/div>\n\t\t\t\t<div class=\"elementor-element elementor-element-ce488b5 elementor-widget elementor-widget-text-editor\" data-id=\"ce488b5\" data-element_type=\"widget\" data-e-type=\"widget\" data-widget_type=\"text-editor.default\">\n\t\t\t\t<div class=\"elementor-widget-container\">\n\t\t\t\t\t\t\t\t\t<p>Compartilhamos suas Informa\u00e7\u00f5es Pessoais com terceiros para nos ajudar a usar suas Informa\u00e7\u00f5es Pessoais, conforme descrito acima.<\/p><p>Tamb\u00e9m usamos o Google Analytics para nos ajudar a entender como nossos clientes usam o site \u2013 voc\u00ea pode ler mais sobre como o Google usa suas informa\u00e7\u00f5es pessoais aqui: <a href=\"https:\/\/www.google.com\/intl\/en\/policies\/privacy\/\" target=\"_blank\" rel=\"noopener\">https:\/\/www.google.com\/intl\/en\/policies\/privacy\/<\/a>. Voc\u00ea tamb\u00e9m pode desativar o Google Analytics aqui: <a href=\"https:\/\/tools.google.com\/dlpage\/gaoptout\" target=\"_blank\" rel=\"noopener\">https:\/\/tools.google.com\/dlpage\/gaoptout<\/a>.<\/p><p>Tamb\u00e9m poderemos compartilhar suas Informa\u00e7\u00f5es Pessoais para cumprir as leis e regulamentos aplic\u00e1veis, responder a uma intima\u00e7\u00e3o, mandado de busca ou outra solicita\u00e7\u00e3o legal de informa\u00e7\u00f5es que recebemos ou, de outra forma, proteger nossos direitos.<\/p>\t\t\t\t\t\t\t\t<\/div>\n\t\t\t\t<\/div>\n\t\t\t\t<div class=\"elementor-element elementor-element-f99b542 elementor-widget elementor-widget-heading\" data-id=\"f99b542\" data-element_type=\"widget\" data-e-type=\"widget\" data-widget_type=\"heading.default\">\n\t\t\t\t<div class=\"elementor-widget-container\">\n\t\t\t\t\t<h2 class=\"elementor-heading-title elementor-size-default\">An\u00fancio<\/h2>\t\t\t\t<\/div>\n\t\t\t\t<\/div>\n\t\t\t\t<div class=\"elementor-element elementor-element-8007e96 elementor-widget elementor-widget-text-editor\" data-id=\"8007e96\" data-element_type=\"widget\" data-e-type=\"widget\" data-widget_type=\"text-editor.default\">\n\t\t\t\t<div class=\"elementor-widget-container\">\n\t\t\t\t\t\t\t\t\tConforme descrito acima, utilizamos as suas Informa\u00e7\u00f5es Pessoais para lhe fornecer an\u00fancios direcionados ou comunica\u00e7\u00f5es de marketing que acreditamos serem do seu interesse. Para obter mais informa\u00e7\u00f5es sobre como funciona a publicidade direcionada, voc\u00ea pode visitar a p\u00e1gina educacional da Network Advertising Initiative (\u201cNAI\u201d) \u2013 <a href=\"http:\/\/www.networkadvertising.org\/understanding-online-advertising\/how-does-it-work.\" target=\"_blank\" rel=\"noopener\">http:\/\/www.networkadvertising.org\/understanding-online-advertising\/how-does-it-work.<\/a>\n\nVoc\u00ea pode desativar a publicidade direcionada usando os links abaixo:\n<ul> <br>\n \t<li>Facebook: <a href=\"https:\/\/www.facebook.com\/settings\/?tab=ads\" target=\"_blank\" rel=\"noopener\">https:\/\/www.facebook.com\/settings\/?tab=ads<\/a><\/li>\n \t<li>Google: <a href=\"https:\/\/www.google.com\/settings\/ads\/anonymous\" target=\"_blank\" rel=\"noopener\">https:\/\/www.google.com\/settings\/ads\/anonymous<\/a><\/li>\n<\/ul> <br>\nAl\u00e9m disso, voc\u00ea pode cancelar alguns desses servi\u00e7os visitando o portal de exclus\u00e3o da Digital Advertising Alliance em <a href=\"http:\/\/optout.aboutads.info\/\" target=\"_blank\" rel=\"noopener\">http:\/\/optout.aboutads.info\/<\/a>.\t\t\t\t\t\t\t\t<\/div>\n\t\t\t\t<\/div>\n\t\t\t\t<div class=\"elementor-element elementor-element-9cde77c elementor-widget elementor-widget-heading\" data-id=\"9cde77c\" data-element_type=\"widget\" data-e-type=\"widget\" data-widget_type=\"heading.default\">\n\t\t\t\t<div class=\"elementor-widget-container\">\n\t\t\t\t\t<h2 class=\"elementor-heading-title elementor-size-default\">N\u00e3o rastreie<\/h2>\t\t\t\t<\/div>\n\t\t\t\t<\/div>\n\t\t\t\t<div class=\"elementor-element elementor-element-1d3ebe0 elementor-widget elementor-widget-text-editor\" data-id=\"1d3ebe0\" data-element_type=\"widget\" data-e-type=\"widget\" data-widget_type=\"text-editor.default\">\n\t\t\t\t<div class=\"elementor-widget-container\">\n\t\t\t\t\t\t\t\t\t<p>Observe que n\u00e3o alteramos a coleta de dados e as pr\u00e1ticas de uso do nosso Site quando vemos um sinal de N\u00e3o Rastrear em seu navegador.<\/p>\t\t\t\t\t\t\t\t<\/div>\n\t\t\t\t<\/div>\n\t\t\t\t<div class=\"elementor-element elementor-element-748c09e elementor-widget elementor-widget-heading\" data-id=\"748c09e\" data-element_type=\"widget\" data-e-type=\"widget\" data-widget_type=\"heading.default\">\n\t\t\t\t<div class=\"elementor-widget-container\">\n\t\t\t\t\t<h2 class=\"elementor-heading-title elementor-size-default\">Seus direitos<\/h2>\t\t\t\t<\/div>\n\t\t\t\t<\/div>\n\t\t\t\t<div class=\"elementor-element elementor-element-d3de277 elementor-widget elementor-widget-text-editor\" data-id=\"d3de277\" data-element_type=\"widget\" data-e-type=\"widget\" data-widget_type=\"text-editor.default\">\n\t\t\t\t<div class=\"elementor-widget-container\">\n\t\t\t\t\t\t\t\t\t<p>Se voc\u00ea \u00e9 residente na Europa, tem o direito de acessar as informa\u00e7\u00f5es pessoais que mantemos sobre voc\u00ea e de solicitar que suas informa\u00e7\u00f5es pessoais sejam corrigidas, atualizadas ou exclu\u00eddas. Se desejar exercer este direito, entre em contato conosco atrav\u00e9s dos dados de contato abaixo.<\/p><p>Al\u00e9m disso, suponha que voc\u00ea seja um residente europeu. Nesse caso, observamos que estamos processando suas informa\u00e7\u00f5es para cumprir contratos que possamos ter com voc\u00ea (por exemplo, se voc\u00ea fizer um pedido atrav\u00e9s do Site) ou de outra forma para perseguir nossos interesses comerciais leg\u00edtimos listados acima. Al\u00e9m disso, observe que suas informa\u00e7\u00f5es ser\u00e3o transferidas para fora da Europa, incluindo Canad\u00e1 e Estados Unidos.<\/p>\t\t\t\t\t\t\t\t<\/div>\n\t\t\t\t<\/div>\n\t\t\t\t<div class=\"elementor-element elementor-element-6e49dd9 elementor-widget elementor-widget-heading\" data-id=\"6e49dd9\" data-element_type=\"widget\" data-e-type=\"widget\" data-widget_type=\"heading.default\">\n\t\t\t\t<div class=\"elementor-widget-container\">\n\t\t\t\t\t<h2 class=\"elementor-heading-title elementor-size-default\">Reten\u00e7\u00e3o de dados <\/h2>\t\t\t\t<\/div>\n\t\t\t\t<\/div>\n\t\t\t\t<div class=\"elementor-element elementor-element-ce0616e elementor-widget elementor-widget-text-editor\" data-id=\"ce0616e\" data-element_type=\"widget\" data-e-type=\"widget\" data-widget_type=\"text-editor.default\">\n\t\t\t\t<div class=\"elementor-widget-container\">\n\t\t\t\t\t\t\t\t\t<p>As suas informa\u00e7\u00f5es pessoais podem ser armazenadas na Uni\u00e3o Europeia ou nos Estados Unidos.<\/p><p>Se voc\u00ea for residente da Uni\u00e3o Europeia ou da Zona Econ\u00f4mica Europeia, a empresa garantir\u00e1 que suas informa\u00e7\u00f5es pessoais ser\u00e3o retidas, introduzindo mecanismos apropriados previstos no Regulamento Geral de Prote\u00e7\u00e3o de Dados da UE (<strong>\u201cRGPD\u201d<\/strong>). Por exemplo, a transfer\u00eancia das suas informa\u00e7\u00f5es pessoais para os Estados Unidos pode ser exercida atrav\u00e9s da utiliza\u00e7\u00e3o de cl\u00e1usulas contratuais padr\u00e3o (Artigo 46 do RGPD), mecanismo de Escudo de Privacidade (Artigo 45 do RGPD) ou outras salvaguardas, como o seu consentimento ou a execu\u00e7\u00e3o de um contrato (artigo 49.\u00ba do RGPD). Voc\u00ea pode obter informa\u00e7\u00f5es adicionais entrando em contato com a empresa conforme indicado abaixo neste aviso.<\/p><p>Em geral, e salvo indica\u00e7\u00e3o em contr\u00e1rio neste aviso, a empresa reter\u00e1 suas informa\u00e7\u00f5es pessoais enquanto voc\u00ea usar nosso Servi\u00e7o e pelo prazo de prescri\u00e7\u00e3o subsequente. No entanto, se exigido por lei, a empresa garantir\u00e1 uma elimina\u00e7\u00e3o adequada das suas informa\u00e7\u00f5es pessoais, conforme exigido pelas leis aplic\u00e1veis.<\/p>\t\t\t\t\t\t\t\t<\/div>\n\t\t\t\t<\/div>\n\t\t\t\t<div class=\"elementor-element elementor-element-75aa13a elementor-widget elementor-widget-heading\" data-id=\"75aa13a\" data-element_type=\"widget\" data-e-type=\"widget\" data-widget_type=\"heading.default\">\n\t\t\t\t<div class=\"elementor-widget-container\">\n\t\t\t\t\t<h2 class=\"elementor-heading-title elementor-size-default\">Mudan\u00e7as<\/h2>\t\t\t\t<\/div>\n\t\t\t\t<\/div>\n\t\t\t\t<div class=\"elementor-element elementor-element-3a9ec10 elementor-widget elementor-widget-text-editor\" data-id=\"3a9ec10\" data-element_type=\"widget\" data-e-type=\"widget\" data-widget_type=\"text-editor.default\">\n\t\t\t\t<div class=\"elementor-widget-container\">\n\t\t\t\t\t\t\t\t\t<p>Poderemos atualizar esta pol\u00edtica de privacidade de tempos em tempos para refletir, por exemplo, altera\u00e7\u00f5es em nossas pr\u00e1ticas ou outros motivos operacionais, legais ou regulat\u00f3rios.<\/p>\t\t\t\t\t\t\t\t<\/div>\n\t\t\t\t<\/div>\n\t\t\t\t<div class=\"elementor-element elementor-element-c866f30 elementor-widget elementor-widget-heading\" data-id=\"c866f30\" data-element_type=\"widget\" data-e-type=\"widget\" data-widget_type=\"heading.default\">\n\t\t\t\t<div class=\"elementor-widget-container\">\n\t\t\t\t\t<h2 class=\"elementor-heading-title elementor-size-default\">Seguran\u00e7a de dados<\/h2>\t\t\t\t<\/div>\n\t\t\t\t<\/div>\n\t\t\t\t<div class=\"elementor-element elementor-element-e7c69a2 elementor-widget elementor-widget-text-editor\" data-id=\"e7c69a2\" data-element_type=\"widget\" data-e-type=\"widget\" data-widget_type=\"text-editor.default\">\n\t\t\t\t<div class=\"elementor-widget-container\">\n\t\t\t\t\t\t\t\t\t<p>Para evitar a utiliza\u00e7\u00e3o n\u00e3o autorizada, manter a precis\u00e3o dos dados e garantir a utiliza\u00e7\u00e3o adequada das informa\u00e7\u00f5es, implement\u00e1mos procedimentos eletr\u00f3nicos e administrativos adequados para salvaguardar e proteger as informa\u00e7\u00f5es recolhidas online. A empresa est\u00e1 trabalhando para atender ou exceder os requisitos das 12 ind\u00fastrias de cart\u00f5es de pagamento (PCI) e dos padr\u00f5es de seguran\u00e7a de dados para garantir que todos os dados que voc\u00ea fornecer estejam seguros.<\/p>\t\t\t\t\t\t\t\t<\/div>\n\t\t\t\t<\/div>\n\t\t\t\t<div class=\"elementor-element elementor-element-e4ca099 elementor-widget elementor-widget-text-editor\" data-id=\"e4ca099\" data-element_type=\"widget\" data-e-type=\"widget\" data-widget_type=\"text-editor.default\">\n\t\t\t\t<div class=\"elementor-widget-container\">\n\t\t\t\t\t\t\t\t\t<p>Para obter mais informa\u00e7\u00f5es sobre nossas pr\u00e1ticas de privacidade, se voc\u00ea tiver d\u00favidas ou quiser fazer uma reclama\u00e7\u00e3o, entre em contato conosco por e-mail em support@anatomy4sculptors.com ou por correio usando os detalhes fornecidos abaixo:<\/p><p>Marca: Anatomia para Escultores<\/p><p>Empresa: Anatomy Next, Inc.<\/p><p>Endere\u00e7o: 291 Main St., Beacon, NY \u2013 12508<\/p>\t\t\t\t\t\t\t\t<\/div>\n\t\t\t\t<\/div>\n\t\t\t\t<div class=\"elementor-element elementor-element-f870f5f elementor-widget elementor-widget-spacer\" data-id=\"f870f5f\" data-element_type=\"widget\" data-e-type=\"widget\" data-widget_type=\"spacer.default\">\n\t\t\t\t<div class=\"elementor-widget-container\">\n\t\t\t\t\t\t\t<div class=\"elementor-spacer\">\n\t\t\t<div class=\"elementor-spacer-inner\"><\/div>\n\t\t<\/div>\n\t\t\t\t\t\t<\/div>\n\t\t\t\t<\/div>\n\t\t\t\t<\/div>\n\t\t\t\t\t<\/div>\n\t\t\t\t<\/div>\n\t\t\t\t<\/div>","protected":false},"excerpt":{"rendered":"<p>Privacy policy This Privacy Policy describes how your personal information is collected, used, and shared when you visit or make a purchase from\u00a0anatomy4sculptors.com as a &#8220;site&#8221;. And &#8220;Anatomy Next, Inc.&#8221; as &#8220;company&#8221; Information we collect When you visit the Site, we automatically collect certain information about your device, including information about your web browser, IP [&hellip;]<\/p>\n","protected":false},"author":1,"featured_media":0,"parent":0,"menu_order":0,"comment_status":"closed","ping_status":"closed","template":"elementor_header_footer","meta":{"_mo_disable_npp":"","footnotes":""},"class_list":["post-2800","page","type-page","status-publish","hentry"],"_links":{"self":[{"href":"https:\/\/anatomy4sculptors.com\/pt\/wp-json\/wp\/v2\/pages\/2800","targetHints":{"allow":["GET"]}}],"collection":[{"href":"https:\/\/anatomy4sculptors.com\/pt\/wp-json\/wp\/v2\/pages"}],"about":[{"href":"https:\/\/anatomy4sculptors.com\/pt\/wp-json\/wp\/v2\/types\/page"}],"author":[{"embeddable":true,"href":"https:\/\/anatomy4sculptors.com\/pt\/wp-json\/wp\/v2\/users\/1"}],"replies":[{"embeddable":true,"href":"https:\/\/anatomy4sculptors.com\/pt\/wp-json\/wp\/v2\/comments?post=2800"}],"version-history":[{"count":0,"href":"https:\/\/anatomy4sculptors.com\/pt\/wp-json\/wp\/v2\/pages\/2800\/revisions"}],"wp:attachment":[{"href":"https:\/\/anatomy4sculptors.com\/pt\/wp-json\/wp\/v2\/media?parent=2800"}],"curies":[{"name":"wp","href":"https:\/\/api.w.org\/{rel}","templated":true}]}}