{"id":40796,"date":"2023-03-21T16:51:47","date_gmt":"2023-03-21T13:51:47","guid":{"rendered":"https:\/\/anatomy4sculptors.com\/?page_id=40796"},"modified":"2025-01-08T18:00:30","modified_gmt":"2025-01-08T15:00:30","slug":"enquete","status":"publish","type":"page","link":"https:\/\/anatomy4sculptors.com\/pt\/survey\/","title":{"rendered":"Enquete"},"content":{"rendered":"<div data-elementor-type=\"wp-page\" data-elementor-id=\"40796\" class=\"elementor elementor-40796\" data-elementor-post-type=\"page\">\n\t\t\t\t<div class=\"elementor-element elementor-element-d715792 e-flex e-con-boxed e-con e-parent\" data-id=\"d715792\" data-element_type=\"container\" data-e-type=\"container\">\n\t\t\t\t\t<div class=\"e-con-inner\">\n\t\t<div class=\"elementor-element elementor-element-12ddcc4 e-con-full e-flex e-con e-child\" data-id=\"12ddcc4\" data-element_type=\"container\" data-e-type=\"container\">\n\t\t\t\t<div class=\"elementor-element elementor-element-1eb6f1b elementor-widget elementor-widget-heading\" data-id=\"1eb6f1b\" data-element_type=\"widget\" data-e-type=\"widget\" data-widget_type=\"heading.default\">\n\t\t\t\t<div class=\"elementor-widget-container\">\n\t\t\t\t\t<h2 class=\"elementor-heading-title elementor-size-default\">Obrigado! <\/h2>\t\t\t\t<\/div>\n\t\t\t\t<\/div>\n\t\t\t\t<div class=\"elementor-element elementor-element-aab4fb4 elementor-widget elementor-widget-spacer\" data-id=\"aab4fb4\" data-element_type=\"widget\" data-e-type=\"widget\" data-widget_type=\"spacer.default\">\n\t\t\t\t<div class=\"elementor-widget-container\">\n\t\t\t\t\t\t\t<div class=\"elementor-spacer\">\n\t\t\t<div class=\"elementor-spacer-inner\"><\/div>\n\t\t<\/div>\n\t\t\t\t\t\t<\/div>\n\t\t\t\t<\/div>\n\t\t\t\t<div class=\"elementor-element elementor-element-b50ec89 elementor-widget elementor-widget-heading\" data-id=\"b50ec89\" data-element_type=\"widget\" data-e-type=\"widget\" data-widget_type=\"heading.default\">\n\t\t\t\t<div class=\"elementor-widget-container\">\n\t\t\t\t\t<p class=\"elementor-heading-title elementor-size-default\">Por reservar um tempo e responder \u00e0 pesquisa.\n<br> <br>\n\nSempre nos relacionamos em nossa comunidade para nos dar pontos de orienta\u00e7\u00e3o. Seu feedback \u00e9 valorizado e torna nossos produtos melhores!<\/p>\t\t\t\t<\/div>\n\t\t\t\t<\/div>\n\t\t<div class=\"elementor-element elementor-element-cd9a659 e-con-full e-flex e-con e-child\" data-id=\"cd9a659\" data-element_type=\"container\" data-e-type=\"container\">\n\t\t\t\t<div class=\"elementor-element elementor-element-4627401 elementor-widget elementor-widget-spacer\" data-id=\"4627401\" data-element_type=\"widget\" data-e-type=\"widget\" data-widget_type=\"spacer.default\">\n\t\t\t\t<div class=\"elementor-widget-container\">\n\t\t\t\t\t\t\t<div class=\"elementor-spacer\">\n\t\t\t<div class=\"elementor-spacer-inner\"><\/div>\n\t\t<\/div>\n\t\t\t\t\t\t<\/div>\n\t\t\t\t<\/div>\n\t\t\t\t<\/div>\n\t\t\t\t<\/div>\n\t\t\t\t\t<\/div>\n\t\t\t\t<\/div>\n\t\t\t\t<\/div>","protected":false},"excerpt":{"rendered":"<p>Obrigado por dedicar seu tempo para responder \u00e0 pesquisa. Sempre valorizamos a participa\u00e7\u00e3o da nossa comunidade para obter orienta\u00e7\u00f5es importantes. Seu feedback \u00e9 muito importante e nos ajuda a aprimorar nossos produtos!<\/p>","protected":false},"author":1,"featured_media":0,"parent":0,"menu_order":0,"comment_status":"closed","ping_status":"closed","template":"","meta":{"_mo_disable_npp":"","footnotes":""},"class_list":["post-40796","page","type-page","status-publish","hentry"],"_links":{"self":[{"href":"https:\/\/anatomy4sculptors.com\/pt\/wp-json\/wp\/v2\/pages\/40796","targetHints":{"allow":["GET"]}}],"collection":[{"href":"https:\/\/anatomy4sculptors.com\/pt\/wp-json\/wp\/v2\/pages"}],"about":[{"href":"https:\/\/anatomy4sculptors.com\/pt\/wp-json\/wp\/v2\/types\/page"}],"author":[{"embeddable":true,"href":"https:\/\/anatomy4sculptors.com\/pt\/wp-json\/wp\/v2\/users\/1"}],"replies":[{"embeddable":true,"href":"https:\/\/anatomy4sculptors.com\/pt\/wp-json\/wp\/v2\/comments?post=40796"}],"version-history":[{"count":10,"href":"https:\/\/anatomy4sculptors.com\/pt\/wp-json\/wp\/v2\/pages\/40796\/revisions"}],"predecessor-version":[{"id":67330,"href":"https:\/\/anatomy4sculptors.com\/pt\/wp-json\/wp\/v2\/pages\/40796\/revisions\/67330"}],"wp:attachment":[{"href":"https:\/\/anatomy4sculptors.com\/pt\/wp-json\/wp\/v2\/media?parent=40796"}],"curies":[{"name":"wp","href":"https:\/\/api.w.org\/{rel}","templated":true}]}}