{"id":5890,"date":"2022-01-27T13:51:14","date_gmt":"2022-01-27T13:51:14","guid":{"rendered":"https:\/\/anatomy4sculptors.com\/?post_type=product&#038;p=5890"},"modified":"2026-01-06T15:55:51","modified_gmt":"2026-01-06T13:55:51","slug":"pacotes-de-anatomia-para-escultores","status":"publish","type":"product","link":"https:\/\/anatomy4sculptors.com\/pt\/product\/anatomy-for-sculptors-bundles\/","title":{"rendered":"Pacote da s\u00e9rie de livros Anatomy For Sculptors"},"content":{"rendered":"<h1>Pacote da s\u00e9rie de livros Anatomy For Sculptors (e-book, brochura ou capa dura)<\/h1>\n<section class=\"elementor-section elementor-top-section elementor-element elementor-element-7bc7d190 elementor-section-content-middle elementor-section-height-full elementor-section-boxed elementor-section-height-default elementor-section-items-middle\" data-id=\"7bc7d190\" data-element_type=\"section\">\n<div class=\"elementor-container elementor-column-gap-default\">\n<div class=\"elementor-column elementor-col-33 elementor-top-column elementor-element elementor-element-618677bd\" data-id=\"618677bd\" data-element_type=\"column\">\n<div class=\"elementor-widget-wrap elementor-element-populated\">\n<div class=\"elementor-element elementor-element-2ee2bf63 elementor-widget elementor-widget-heading\" data-id=\"2ee2bf63\" data-element_type=\"widget\" data-widget_type=\"heading.default\">\n<div class=\"elementor-widget-container\">\n<p class=\"elementor-heading-title elementor-size-default\">Este pacote cont\u00e9m a s\u00e9rie completa de livros &quot;Anatomia para Escultores&quot;. Esses livros de anatomia utilizam imagens de diversos \u00e2ngulos, posturas, express\u00f5es, varia\u00e7\u00f5es etc., fornecendo tudo o que voc\u00ea precisa para criar figuras humanas realistas, express\u00f5es faciais e detalhes da cabe\u00e7a e do pesco\u00e7o.<\/p>\n<\/div>\n<\/div>\n<\/div>\n<\/div>\n<\/div>\n<\/section>","protected":false},"excerpt":{"rendered":"<p>Cole\u00e7\u00e3o completa de livros &quot;Anatomia para Escultores&quot;. Tudo o que voc\u00ea precisa para figuras humanas, bra\u00e7os e m\u00e3os, express\u00f5es faciais e cabe\u00e7a e pesco\u00e7o.<\/p>","protected":false},"featured_media":78390,"template":"","meta":{"_mo_disable_npp":""},"product_brand":[],"product_cat":[27,84],"product_tag":[99,69,98],"class_list":{"0":"post-5890","1":"product","2":"type-product","3":"status-publish","4":"has-post-thumbnail","6":"product_cat-books","7":"product_cat-bundle","8":"product_tag-bundle","9":"product_tag-bundle-hardcover","10":"product_tag-bundle-paperback","12":"first","13":"instock","14":"sale","15":"shipping-taxable","16":"purchasable","17":"product-type-variable"},"_links":{"self":[{"href":"https:\/\/anatomy4sculptors.com\/pt\/wp-json\/wp\/v2\/product\/5890","targetHints":{"allow":["GET"]}}],"collection":[{"href":"https:\/\/anatomy4sculptors.com\/pt\/wp-json\/wp\/v2\/product"}],"about":[{"href":"https:\/\/anatomy4sculptors.com\/pt\/wp-json\/wp\/v2\/types\/product"}],"wp:featuredmedia":[{"embeddable":true,"href":"https:\/\/anatomy4sculptors.com\/pt\/wp-json\/wp\/v2\/media\/78390"}],"wp:attachment":[{"href":"https:\/\/anatomy4sculptors.com\/pt\/wp-json\/wp\/v2\/media?parent=5890"}],"wp:term":[{"taxonomy":"product_brand","embeddable":true,"href":"https:\/\/anatomy4sculptors.com\/pt\/wp-json\/wp\/v2\/product_brand?post=5890"},{"taxonomy":"product_cat","embeddable":true,"href":"https:\/\/anatomy4sculptors.com\/pt\/wp-json\/wp\/v2\/product_cat?post=5890"},{"taxonomy":"product_tag","embeddable":true,"href":"https:\/\/anatomy4sculptors.com\/pt\/wp-json\/wp\/v2\/product_tag?post=5890"}],"curies":[{"name":"wp","href":"https:\/\/api.w.org\/{rel}","templated":true}]}}