{"id":75409,"date":"2025-07-28T17:00:25","date_gmt":"2025-07-28T14:00:25","guid":{"rendered":"https:\/\/anatomy4sculptors.com\/?post_type=product&#038;p=75409"},"modified":"2026-02-20T16:16:06","modified_gmt":"2026-02-20T14:16:06","slug":"anatomia-da-expressao-facial","status":"publish","type":"product","link":"https:\/\/anatomy4sculptors.com\/pt\/product\/anatomy-of-facial-expression\/","title":{"rendered":"Anatomia da express\u00e3o facial"},"content":{"rendered":"<h1>Anatomia da express\u00e3o facial<\/h1>\n<section class=\"elementor-section elementor-top-section elementor-element elementor-element-7bc7d190 elementor-section-content-middle elementor-section-height-full elementor-section-boxed elementor-section-height-default elementor-section-items-middle\" data-id=\"7bc7d190\" data-element_type=\"section\">\n<div class=\"elementor-container elementor-column-gap-default\">\n<div class=\"elementor-column elementor-col-33 elementor-top-column elementor-element elementor-element-618677bd\" data-id=\"618677bd\" data-element_type=\"column\">\n<div class=\"elementor-widget-wrap elementor-element-populated\">\n<div class=\"elementor-element elementor-element-2ee2bf63 elementor-widget elementor-widget-heading\" data-id=\"2ee2bf63\" data-element_type=\"widget\" data-widget_type=\"heading.default\">\n<div class=\"elementor-widget-container\">\n<p class=\"elementor-heading-title elementor-size-default\">Nossos corpos conseguem perceber emo\u00e7\u00f5es nos rostos das pessoas mesmo antes de as vermos conscientemente. Nosso segundo livro se concentra nos m\u00fasculos e express\u00f5es faciais. Ele explora quais m\u00fasculos s\u00e3o usados durante express\u00f5es espec\u00edficas e como eles se movem para transmitir esses sentimentos. Este livro apresenta modelos 3D e refer\u00eancias com modelos reais, diagramas musculares com c\u00f3digo de cores e descri\u00e7\u00f5es de movimentos din\u00e2micos para ajud\u00e1-lo a entender e representar esses movimentos com precis\u00e3o!<\/p>\n<\/div>\n<\/div>\n<\/div>\n<\/div>\n<\/div>\n<\/section>","protected":false},"excerpt":{"rendered":"<p>Form of the Head and Neck explica n\u00e3o s\u00f3 a anatomia, mas tamb\u00e9m a rela\u00e7\u00e3o entre anatomia e forma. Com c\u00f3digo de cores 3D e refer\u00eancias ao vivo.<\/p>","protected":false},"featured_media":78392,"template":"","meta":{"_mo_disable_npp":""},"product_brand":[],"product_cat":[39,45,42,40,27],"product_tag":[237,46,43,41,238],"class_list":{"0":"post-75409","1":"product","2":"type-product","3":"status-publish","4":"has-post-thumbnail","6":"product_cat-facial-expression","7":"product_cat-afe-ebook","8":"product_cat-afe-hardcover","9":"product_cat-afe-paperback","10":"product_cat-books","11":"product_tag-afe","12":"product_tag-afe-ebook","13":"product_tag-afe-hardcover","14":"product_tag-afe-paparback","15":"product_tag-facial-expression","17":"first","18":"instock","19":"shipping-taxable","20":"purchasable","21":"product-type-variable"},"_links":{"self":[{"href":"https:\/\/anatomy4sculptors.com\/pt\/wp-json\/wp\/v2\/product\/75409","targetHints":{"allow":["GET"]}}],"collection":[{"href":"https:\/\/anatomy4sculptors.com\/pt\/wp-json\/wp\/v2\/product"}],"about":[{"href":"https:\/\/anatomy4sculptors.com\/pt\/wp-json\/wp\/v2\/types\/product"}],"wp:featuredmedia":[{"embeddable":true,"href":"https:\/\/anatomy4sculptors.com\/pt\/wp-json\/wp\/v2\/media\/78392"}],"wp:attachment":[{"href":"https:\/\/anatomy4sculptors.com\/pt\/wp-json\/wp\/v2\/media?parent=75409"}],"wp:term":[{"taxonomy":"product_brand","embeddable":true,"href":"https:\/\/anatomy4sculptors.com\/pt\/wp-json\/wp\/v2\/product_brand?post=75409"},{"taxonomy":"product_cat","embeddable":true,"href":"https:\/\/anatomy4sculptors.com\/pt\/wp-json\/wp\/v2\/product_cat?post=75409"},{"taxonomy":"product_tag","embeddable":true,"href":"https:\/\/anatomy4sculptors.com\/pt\/wp-json\/wp\/v2\/product_tag?post=75409"}],"curies":[{"name":"wp","href":"https:\/\/api.w.org\/{rel}","templated":true}]}}