{"id":75436,"date":"2025-07-29T09:52:05","date_gmt":"2025-07-29T06:52:05","guid":{"rendered":"https:\/\/anatomy4sculptors.com\/?post_type=product&#038;p=75436"},"modified":"2026-01-06T15:18:37","modified_gmt":"2026-01-06T13:18:37","slug":"compreender-a-figura-humana","status":"publish","type":"product","link":"https:\/\/anatomy4sculptors.com\/pt\/product\/understanding-the-human-figure\/","title":{"rendered":"Compreender a figura humana"},"content":{"rendered":"<h1><strong><span data-preserver-spaces=\"true\" data-sanitized-data-preserver-spaces=\"true\">Anatomia para Escultores,\u00a0<\/span><\/strong><b>Compreens\u00e3o<\/b><strong><span data-preserver-spaces=\"true\" data-sanitized-data-preserver-spaces=\"true\"> a figura humana<\/span><\/strong><\/h1>\n<section class=\"elementor-section elementor-top-section elementor-element elementor-element-7bc7d190 elementor-section-content-middle elementor-section-height-full elementor-section-boxed elementor-section-height-default elementor-section-items-middle\" data-id=\"7bc7d190\" data-element_type=\"section\">\n<div class=\"elementor-container elementor-column-gap-default\">\n<div class=\"elementor-column elementor-col-33 elementor-top-column elementor-element elementor-element-618677bd\" data-id=\"618677bd\" data-element_type=\"column\">\n<div class=\"elementor-widget-wrap elementor-element-populated\">\n<div class=\"elementor-element elementor-element-2ee2bf63 elementor-widget elementor-widget-heading\" data-id=\"2ee2bf63\" data-element_type=\"widget\" data-widget_type=\"heading.default\">\n<div class=\"elementor-widget-container\">\n<p class=\"elementor-heading-title elementor-size-default\"><span data-preserver-spaces=\"true\" data-sanitized-data-preserver-spaces=\"true\">Artistas visuais s\u00e3o pensadores visuais! Ent\u00e3o fizemos anatomia humana para artistas. Eles n\u00e3o querem ler livros de anatomia magn\u00edficos, mas chatos, cheios de informa\u00e7\u00f5es de n\u00edvel m\u00e9dico. Em vez disso, o autor fez um livro com imagens n\u00edtidas que cont\u00eam todas as informa\u00e7\u00f5es necess\u00e1rias para criar uma forma humana realista. Os brochuras s\u00e3o vers\u00f5es impressas de livros, trazem para voc\u00ea a sensa\u00e7\u00e3o de um novo livro f\u00edsico.<\/span><\/p>\n<\/div>\n<\/div>\n<\/div>\n<\/div>\n<\/div>\n<\/section>","protected":false},"excerpt":{"rendered":"<p>Understanding the Human Figure est\u00e1 repleto de imagens de modelos 3D e ao vivo, codificadas por cores, em v\u00e1rios \u00e2ngulos e posturas. Anatomia feita s\u00f3 para artistas.<\/p>","protected":false},"featured_media":78391,"template":"","meta":{"_mo_disable_npp":""},"product_brand":[],"product_cat":[28,37,35,36,27],"product_tag":[234,38,34,33,235],"class_list":{"0":"post-75436","1":"product","2":"type-product","3":"status-publish","4":"has-post-thumbnail","6":"product_cat-human-figure","7":"product_cat-a4s-ebook","8":"product_cat-hardcover","9":"product_cat-a4s-paperback","10":"product_cat-books","11":"product_tag-a4s","12":"product_tag-a4s-ebook","13":"product_tag-a4s-hardcover","14":"product_tag-a4s-paparback","15":"product_tag-human-figure","17":"first","18":"instock","19":"shipping-taxable","20":"purchasable","21":"product-type-variable"},"_links":{"self":[{"href":"https:\/\/anatomy4sculptors.com\/pt\/wp-json\/wp\/v2\/product\/75436","targetHints":{"allow":["GET"]}}],"collection":[{"href":"https:\/\/anatomy4sculptors.com\/pt\/wp-json\/wp\/v2\/product"}],"about":[{"href":"https:\/\/anatomy4sculptors.com\/pt\/wp-json\/wp\/v2\/types\/product"}],"wp:featuredmedia":[{"embeddable":true,"href":"https:\/\/anatomy4sculptors.com\/pt\/wp-json\/wp\/v2\/media\/78391"}],"wp:attachment":[{"href":"https:\/\/anatomy4sculptors.com\/pt\/wp-json\/wp\/v2\/media?parent=75436"}],"wp:term":[{"taxonomy":"product_brand","embeddable":true,"href":"https:\/\/anatomy4sculptors.com\/pt\/wp-json\/wp\/v2\/product_brand?post=75436"},{"taxonomy":"product_cat","embeddable":true,"href":"https:\/\/anatomy4sculptors.com\/pt\/wp-json\/wp\/v2\/product_cat?post=75436"},{"taxonomy":"product_tag","embeddable":true,"href":"https:\/\/anatomy4sculptors.com\/pt\/wp-json\/wp\/v2\/product_tag?post=75436"}],"curies":[{"name":"wp","href":"https:\/\/api.w.org\/{rel}","templated":true}]}}