{"id":75449,"date":"2025-07-29T10:19:39","date_gmt":"2025-07-29T07:19:39","guid":{"rendered":"https:\/\/anatomy4sculptors.com\/?post_type=product&#038;p=75449"},"modified":"2026-01-06T15:15:38","modified_gmt":"2026-01-06T13:15:38","slug":"braco-e-mao-em-movimento","status":"publish","type":"product","link":"https:\/\/anatomy4sculptors.com\/pt\/product\/arm-and-hand-in-motion\/","title":{"rendered":"Bra\u00e7o e m\u00e3o em movimento"},"content":{"rendered":"<h1>Bra\u00e7o e m\u00e3o em movimento<\/h1>\n<section class=\"elementor-section elementor-top-section elementor-element elementor-element-7bc7d190 elementor-section-content-middle elementor-section-height-full elementor-section-boxed elementor-section-height-default elementor-section-items-middle\" data-id=\"7bc7d190\" data-element_type=\"section\">\n<div class=\"elementor-container elementor-column-gap-default\">\n<div class=\"elementor-column elementor-col-33 elementor-top-column elementor-element elementor-element-618677bd\" data-id=\"618677bd\" data-element_type=\"column\">\n<div class=\"elementor-widget-wrap elementor-element-populated\">\n<div class=\"elementor-element elementor-element-2ee2bf63 elementor-widget elementor-widget-heading\" data-id=\"2ee2bf63\" data-element_type=\"widget\" data-widget_type=\"heading.default\">\n<div class=\"elementor-widget-container\">\n<p class=\"elementor-heading-title elementor-size-default\">Os bra\u00e7os e as m\u00e3os t\u00eam a maior amplitude de movimento de todas as partes do corpo, o que significa uma enorme variedade de posi\u00e7\u00f5es poss\u00edveis. Capturamos a forma dos bra\u00e7os e das m\u00e3os em todas as poses significativas. Para este livro, desenvolvemos uma nova maneira de fazer digitaliza\u00e7\u00f5es 3D, capaz de capturar todas as nuances da forma de um bra\u00e7o de todos os \u00e2ngulos. Seja flexionado, estendido, abduzido, aduzido, supinado, pronado ou em qualquer posi\u00e7\u00e3o intermedi\u00e1ria \u2013 tudo est\u00e1 registrado!<\/p>\n<\/div>\n<\/div>\n<\/div>\n<\/div>\n<\/div>\n<\/section>","protected":false},"excerpt":{"rendered":"<p>Os bra\u00e7os e as m\u00e3os t\u00eam a maior amplitude de movimento de todas as partes do corpo, o que significa um enorme n\u00famero de posi\u00e7\u00f5es poss\u00edveis. Captur\u00e1mos a forma dos bra\u00e7os e das m\u00e3os em todas as poses significativas.<\/p>","protected":false},"featured_media":78394,"template":"","meta":{"_mo_disable_npp":""},"product_brand":[],"product_cat":[244,245,247,248],"product_tag":[240,242,243,211,241],"class_list":{"0":"post-75449","1":"product","2":"type-product","3":"status-publish","4":"has-post-thumbnail","6":"product_cat-arm-and-hand","7":"product_cat-ahm-ebook","8":"product_cat-ahm-hardcover-arm-and-hand","9":"product_cat-ahm-paperback","10":"product_tag-ahm","11":"product_tag-ahm-ebook","12":"product_tag-ahm-hardcover","13":"product_tag-ahm-paperback","14":"product_tag-arm-and-hand","16":"first","17":"instock","18":"shipping-taxable","19":"purchasable","20":"product-type-variable"},"_links":{"self":[{"href":"https:\/\/anatomy4sculptors.com\/pt\/wp-json\/wp\/v2\/product\/75449","targetHints":{"allow":["GET"]}}],"collection":[{"href":"https:\/\/anatomy4sculptors.com\/pt\/wp-json\/wp\/v2\/product"}],"about":[{"href":"https:\/\/anatomy4sculptors.com\/pt\/wp-json\/wp\/v2\/types\/product"}],"wp:featuredmedia":[{"embeddable":true,"href":"https:\/\/anatomy4sculptors.com\/pt\/wp-json\/wp\/v2\/media\/78394"}],"wp:attachment":[{"href":"https:\/\/anatomy4sculptors.com\/pt\/wp-json\/wp\/v2\/media?parent=75449"}],"wp:term":[{"taxonomy":"product_brand","embeddable":true,"href":"https:\/\/anatomy4sculptors.com\/pt\/wp-json\/wp\/v2\/product_brand?post=75449"},{"taxonomy":"product_cat","embeddable":true,"href":"https:\/\/anatomy4sculptors.com\/pt\/wp-json\/wp\/v2\/product_cat?post=75449"},{"taxonomy":"product_tag","embeddable":true,"href":"https:\/\/anatomy4sculptors.com\/pt\/wp-json\/wp\/v2\/product_tag?post=75449"}],"curies":[{"name":"wp","href":"https:\/\/api.w.org\/{rel}","templated":true}]}}